{"id":1058,"date":"2020-02-02T17:57:58","date_gmt":"2020-02-02T16:57:58","guid":{"rendered":"http:\/\/www.inp2020.tn\/?page_id=1058"},"modified":"2025-03-18T10:41:05","modified_gmt":"2025-03-18T09:41:05","slug":"liste-des-monuments-historiques-et-archeologiques-proteges-et-classes-de-tunisie","status":"publish","type":"page","link":"https:\/\/www.inp2020.tn\/ar\/projets\/liste-des-monuments-historiques-et-archeologiques-proteges-et-classes-de-tunisie\/","title":{"rendered":"\u0642\u0627\u0626\u0645\u0629 \u0627\u0644\u0645\u0639\u0627\u0644\u0645 \u0627\u0644\u0645\u0631\u062a\u0628\u0629 \u0648\u0627\u0644\u0645\u062d\u0645\u064a\u0629 \u0628\u0627\u0644\u0628\u0644\u0627\u062f \u0627\u0644\u062a\u0648\u0646\u0633\u064a\u0629"},"content":{"rendered":"\u062a\u062d\u062a\u0648\u064a \u0647\u0630\u0647 \u0627\u0644\u0648\u062b\u064a\u0642\u0629 \u0639\u0644\u0649 \u0642\u0627\u0626\u0645\u0629 \u0641\u064a \u0627\u0644\u0645\u0639\u0627\u0644\u0645 \u0627\u0644\u0645\u0631\u062a\u0628\u0629 \u0648\u0627\u0644\u0645\u062d\u0645\u064a\u0629 \u0628\u0627\u0644\u0628\u0644\u0627\u062f \u0627\u0644\u062a\u0648\u0646\u0633\u064a\u0629 \u0645\u0628\u0648\u0628\u0629 \u062d\u0633\u0628 \u0627\u0644\u0648\u0644\u0627\u064a\u0627\u062a \u0648\u0644\u0642\u062f \u062a\u0645 \u062a\u062d\u062f\u064a\u062f \u0627\u0633\u0645 \u0627\u0644\u0645\u0648\u0642\u0639\u060c \u0627\u0633\u0645 <a href=\"https:\/\/www.inp2020.tn\/ar\/projets\/liste-des-monuments-historiques-et-archeologiques-proteges-et-classes-de-tunisie\/\" class=\"more-link\">(\u0627\u0644\u0645\u0632\u064a\u062f&hellip;)<\/a>","protected":false},"excerpt":{"rendered":"<p>\u062a\u062d\u062a\u0648\u064a \u0647\u0630\u0647 \u0627\u0644\u0648\u062b\u064a\u0642\u0629 \u0639\u0644\u0649 \u0642\u0627\u0626\u0645\u0629 \u0641\u064a \u0627\u0644\u0645\u0639\u0627\u0644\u0645 \u0627\u0644\u0645\u0631\u062a\u0628\u0629 \u0648\u0627\u0644\u0645\u062d\u0645\u064a\u0629 \u0628\u0627\u0644\u0628\u0644\u0627\u062f \u0627\u0644\u062a\u0648\u0646\u0633\u064a\u0629 \u0645\u0628\u0648\u0628\u0629 \u062d\u0633\u0628 \u0627\u0644\u0648\u0644\u0627\u064a\u0627\u062a \u0648\u0644\u0642\u062f \u062a\u0645 \u062a\u062d\u062f\u064a\u062f \u0627\u0633\u0645 \u0627\u0644\u0645\u0648\u0642\u0639\u060c \u0627\u0633\u0645 (\u0627\u0644\u0645\u0632\u064a\u062f&hellip;)<\/p>\n","protected":false},"author":1,"featured_media":1060,"parent":931,"menu_order":19,"comment_status":"closed","ping_status":"closed","template":"","meta":{"_uf_show_specific_survey":0,"_uf_disable_surveys":false,"footnotes":""},"class_list":["post-1058","page","type-page","status-publish","has-post-thumbnail","hentry"],"yoast_head":"<!-- This site is optimized with the Yoast SEO plugin v27.4 - https:\/\/yoast.com\/product\/yoast-seo-wordpress\/ -->\n<title>\u0642\u0627\u0626\u0645\u0629 \u0627\u0644\u0645\u0639\u0627\u0644\u0645 \u0627\u0644\u0645\u0631\u062a\u0628\u0629 \u0648\u0627\u0644\u0645\u062d\u0645\u064a\u0629 \u0628\u0627\u0644\u0628\u0644\u0627\u062f \u0627\u0644\u062a\u0648\u0646\u0633\u064a\u0629 - INP \u0627\u0644\u0645\u0639\u0647\u062f \u0627\u0644\u0648\u0637\u0646\u064a \u0644\u0644\u062a\u0631\u0627\u062b<\/title>\n<meta name=\"description\" content=\"\u062a\u062d\u062a\u0648\u064a \u0647\u0630\u0647 \u0627\u0644\u0648\u062b\u064a\u0642\u0629 \u0639\u0644\u0649 \u0642\u0627\u0626\u0645\u0629 \u0641\u064a \u0627\u0644\u0645\u0639\u0627\u0644\u0645 \u0627\u0644\u0645\u0631\u062a\u0628\u0629 \u0648\u0627\u0644\u0645\u062d\u0645\u064a\u0629 \u0628\u0627\u0644\u0628\u0644\u0627\u062f \u0627\u0644\u062a\u0648\u0646\u0633\u064a\u0629\" \/>\n<meta name=\"robots\" content=\"index, follow, max-snippet:-1, max-image-preview:large, max-video-preview:-1\" \/>\n<link rel=\"canonical\" href=\"https:\/\/www.inp2020.tn\/projets\/liste-des-monuments-historiques-et-archeologiques-proteges-et-classes-de-tunisie\/\" \/>\n<meta property=\"og:locale\" content=\"ar_AR\" \/>\n<meta property=\"og:type\" content=\"article\" \/>\n<meta property=\"og:title\" content=\"\u0642\u0627\u0626\u0645\u0629 \u0627\u0644\u0645\u0639\u0627\u0644\u0645 \u0627\u0644\u0645\u0631\u062a\u0628\u0629 \u0648\u0627\u0644\u0645\u062d\u0645\u064a\u0629 \u0628\u0627\u0644\u0628\u0644\u0627\u062f \u0627\u0644\u062a\u0648\u0646\u0633\u064a\u0629 - INP \u0627\u0644\u0645\u0639\u0647\u062f \u0627\u0644\u0648\u0637\u0646\u064a \u0644\u0644\u062a\u0631\u0627\u062b\" \/>\n<meta property=\"og:description\" content=\"{:ar}\u062a\u062d\u062a\u0648\u064a \u0647\u0630\u0647 \u0627\u0644\u0648\u062b\u064a\u0642\u0629 \u0639\u0644\u0649 \u0642\u0627\u0626\u0645\u0629 \u0641\u064a \u0627\u0644\u0645\u0639\u0627\u0644\u0645 \u0627\u0644\u0645\u0631\u062a\u0628\u0629 \u0648\u0627\u0644\u0645\u062d\u0645\u064a\u0629 \u0628\u0627\u0644\u0628\u0644\u0627\u062f \u0627\u0644\u062a\u0648\u0646\u0633\u064a\u0629 {:}\" \/>\n<meta property=\"og:url\" content=\"https:\/\/www.inp2020.tn\/projets\/liste-des-monuments-historiques-et-archeologiques-proteges-et-classes-de-tunisie\/\" \/>\n<meta property=\"og:site_name\" content=\"INP \u0627\u0644\u0645\u0639\u0647\u062f \u0627\u0644\u0648\u0637\u0646\u064a \u0644\u0644\u062a\u0631\u0627\u062b\" \/>\n<meta property=\"article:publisher\" content=\"https:\/\/www.facebook.com\/Inp.Institut.National.Du.Patrimoine\/\" \/>\n<meta property=\"article:modified_time\" content=\"2025-03-18T09:41:05+00:00\" \/>\n<meta property=\"og:image\" content=\"http:\/\/www.inp2020.tn\/wp-content\/uploads\/2020\/02\/pg-liste.jpg\" \/>\n\t<meta property=\"og:image:width\" content=\"288\" \/>\n\t<meta property=\"og:image:height\" content=\"432\" \/>\n\t<meta property=\"og:image:type\" content=\"image\/jpeg\" \/>\n<meta name=\"twitter:card\" content=\"summary_large_image\" \/>\n<meta name=\"twitter:label1\" content=\"\u0648\u0642\u062a \u0627\u0644\u0642\u0631\u0627\u0621\u0629 \u0627\u0644\u0645\u064f\u0642\u062f\u0651\u0631\" \/>\n\t<meta name=\"twitter:data1\" content=\"\u062f\u0642\u064a\u0642\u0629 \u0648\u0627\u062d\u062f\u0629\" \/>\n<script type=\"application\/ld+json\" class=\"yoast-schema-graph\">{\"@context\":\"https:\\\/\\\/schema.org\",\"@graph\":[{\"@type\":\"WebPage\",\"@id\":\"https:\\\/\\\/www.inp2020.tn\\\/projets\\\/liste-des-monuments-historiques-et-archeologiques-proteges-et-classes-de-tunisie\\\/\",\"url\":\"https:\\\/\\\/www.inp2020.tn\\\/projets\\\/liste-des-monuments-historiques-et-archeologiques-proteges-et-classes-de-tunisie\\\/\",\"name\":\"\u0642\u0627\u0626\u0645\u0629 \u0627\u0644\u0645\u0639\u0627\u0644\u0645 \u0627\u0644\u0645\u0631\u062a\u0628\u0629 \u0648\u0627\u0644\u0645\u062d\u0645\u064a\u0629 \u0628\u0627\u0644\u0628\u0644\u0627\u062f \u0627\u0644\u062a\u0648\u0646\u0633\u064a\u0629 - INP \u0627\u0644\u0645\u0639\u0647\u062f \u0627\u0644\u0648\u0637\u0646\u064a \u0644\u0644\u062a\u0631\u0627\u062b\",\"isPartOf\":{\"@id\":\"https:\\\/\\\/www.inp2020.tn\\\/#website\"},\"primaryImageOfPage\":{\"@id\":\"https:\\\/\\\/www.inp2020.tn\\\/projets\\\/liste-des-monuments-historiques-et-archeologiques-proteges-et-classes-de-tunisie\\\/#primaryimage\"},\"image\":{\"@id\":\"https:\\\/\\\/www.inp2020.tn\\\/projets\\\/liste-des-monuments-historiques-et-archeologiques-proteges-et-classes-de-tunisie\\\/#primaryimage\"},\"thumbnailUrl\":\"https:\\\/\\\/www.inp2020.tn\\\/wp-content\\\/uploads\\\/2020\\\/02\\\/pg-liste.jpg\",\"datePublished\":\"2020-02-02T16:57:58+00:00\",\"dateModified\":\"2025-03-18T09:41:05+00:00\",\"description\":\"{:ar}\u062a\u062d\u062a\u0648\u064a \u0647\u0630\u0647 \u0627\u0644\u0648\u062b\u064a\u0642\u0629 \u0639\u0644\u0649 \u0642\u0627\u0626\u0645\u0629 \u0641\u064a \u0627\u0644\u0645\u0639\u0627\u0644\u0645 \u0627\u0644\u0645\u0631\u062a\u0628\u0629 \u0648\u0627\u0644\u0645\u062d\u0645\u064a\u0629 \u0628\u0627\u0644\u0628\u0644\u0627\u062f \u0627\u0644\u062a\u0648\u0646\u0633\u064a\u0629 {:}\",\"breadcrumb\":{\"@id\":\"https:\\\/\\\/www.inp2020.tn\\\/projets\\\/liste-des-monuments-historiques-et-archeologiques-proteges-et-classes-de-tunisie\\\/#breadcrumb\"},\"inLanguage\":\"ar\",\"potentialAction\":[{\"@type\":\"ReadAction\",\"target\":[\"https:\\\/\\\/www.inp2020.tn\\\/projets\\\/liste-des-monuments-historiques-et-archeologiques-proteges-et-classes-de-tunisie\\\/\"]}]},{\"@type\":\"ImageObject\",\"inLanguage\":\"ar\",\"@id\":\"https:\\\/\\\/www.inp2020.tn\\\/projets\\\/liste-des-monuments-historiques-et-archeologiques-proteges-et-classes-de-tunisie\\\/#primaryimage\",\"url\":\"https:\\\/\\\/www.inp2020.tn\\\/wp-content\\\/uploads\\\/2020\\\/02\\\/pg-liste.jpg\",\"contentUrl\":\"https:\\\/\\\/www.inp2020.tn\\\/wp-content\\\/uploads\\\/2020\\\/02\\\/pg-liste.jpg\",\"width\":288,\"height\":432,\"caption\":\"Liste des monuments class\u00e9s\"},{\"@type\":\"BreadcrumbList\",\"@id\":\"https:\\\/\\\/www.inp2020.tn\\\/projets\\\/liste-des-monuments-historiques-et-archeologiques-proteges-et-classes-de-tunisie\\\/#breadcrumb\",\"itemListElement\":[{\"@type\":\"ListItem\",\"position\":1,\"name\":\"Home\",\"item\":\"https:\\\/\\\/www.inp2020.tn\\\/\"},{\"@type\":\"ListItem\",\"position\":2,\"name\":\"\u0627\u0644\u0645\u0634\u0627\u0631\u064a\u0639\",\"item\":\"https:\\\/\\\/www.inp2020.tn\\\/ar\\\/projets\\\/\"},{\"@type\":\"ListItem\",\"position\":3,\"name\":\"Liste des monuments historiques et arch\u00e9ologiques prot\u00e9g\u00e9s et class\u00e9s de Tunisie\"}]},{\"@type\":\"WebSite\",\"@id\":\"https:\\\/\\\/www.inp2020.tn\\\/#website\",\"url\":\"https:\\\/\\\/www.inp2020.tn\\\/\",\"name\":\"INP \u0627\u0644\u0645\u0639\u0647\u062f \u0627\u0644\u0648\u0637\u0646\u064a \u0644\u0644\u062a\u0631\u0627\u062b\",\"description\":\"Patrimoine Culturel \u062a\u0631\u0627\u062b \u062b\u0642\u0627\u0641\u064a\",\"publisher\":{\"@id\":\"https:\\\/\\\/www.inp2020.tn\\\/#organization\"},\"potentialAction\":[{\"@type\":\"SearchAction\",\"target\":{\"@type\":\"EntryPoint\",\"urlTemplate\":\"https:\\\/\\\/www.inp2020.tn\\\/?s={search_term_string}\"},\"query-input\":{\"@type\":\"PropertyValueSpecification\",\"valueRequired\":true,\"valueName\":\"search_term_string\"}}],\"inLanguage\":\"ar\"},{\"@type\":\"Organization\",\"@id\":\"https:\\\/\\\/www.inp2020.tn\\\/#organization\",\"name\":\"Institut National du Patrimoine - Tunisie\",\"url\":\"https:\\\/\\\/www.inp2020.tn\\\/\",\"logo\":{\"@type\":\"ImageObject\",\"inLanguage\":\"ar\",\"@id\":\"https:\\\/\\\/www.inp2020.tn\\\/#\\\/schema\\\/logo\\\/image\\\/\",\"url\":\"http:\\\/\\\/www.inp2020.tn\\\/wp-content\\\/uploads\\\/2019\\\/12\\\/logo-inp-e1612522185676.jpg\",\"contentUrl\":\"http:\\\/\\\/www.inp2020.tn\\\/wp-content\\\/uploads\\\/2019\\\/12\\\/logo-inp-e1612522185676.jpg\",\"width\":75,\"height\":75,\"caption\":\"Institut National du Patrimoine - Tunisie\"},\"image\":{\"@id\":\"https:\\\/\\\/www.inp2020.tn\\\/#\\\/schema\\\/logo\\\/image\\\/\"},\"sameAs\":[\"https:\\\/\\\/www.facebook.com\\\/Inp.Institut.National.Du.Patrimoine\\\/\"]}]}<\/script>\n<!-- \/ Yoast SEO plugin. -->","yoast_head_json":{"title":"\u0642\u0627\u0626\u0645\u0629 \u0627\u0644\u0645\u0639\u0627\u0644\u0645 \u0627\u0644\u0645\u0631\u062a\u0628\u0629 \u0648\u0627\u0644\u0645\u062d\u0645\u064a\u0629 \u0628\u0627\u0644\u0628\u0644\u0627\u062f \u0627\u0644\u062a\u0648\u0646\u0633\u064a\u0629 - INP \u0627\u0644\u0645\u0639\u0647\u062f \u0627\u0644\u0648\u0637\u0646\u064a \u0644\u0644\u062a\u0631\u0627\u062b","description":"\u062a\u062d\u062a\u0648\u064a \u0647\u0630\u0647 \u0627\u0644\u0648\u062b\u064a\u0642\u0629 \u0639\u0644\u0649 \u0642\u0627\u0626\u0645\u0629 \u0641\u064a \u0627\u0644\u0645\u0639\u0627\u0644\u0645 \u0627\u0644\u0645\u0631\u062a\u0628\u0629 \u0648\u0627\u0644\u0645\u062d\u0645\u064a\u0629 \u0628\u0627\u0644\u0628\u0644\u0627\u062f \u0627\u0644\u062a\u0648\u0646\u0633\u064a\u0629","robots":{"index":"index","follow":"follow","max-snippet":"max-snippet:-1","max-image-preview":"max-image-preview:large","max-video-preview":"max-video-preview:-1"},"canonical":"https:\/\/www.inp2020.tn\/projets\/liste-des-monuments-historiques-et-archeologiques-proteges-et-classes-de-tunisie\/","og_locale":"ar_AR","og_type":"article","og_title":"\u0642\u0627\u0626\u0645\u0629 \u0627\u0644\u0645\u0639\u0627\u0644\u0645 \u0627\u0644\u0645\u0631\u062a\u0628\u0629 \u0648\u0627\u0644\u0645\u062d\u0645\u064a\u0629 \u0628\u0627\u0644\u0628\u0644\u0627\u062f \u0627\u0644\u062a\u0648\u0646\u0633\u064a\u0629 - INP \u0627\u0644\u0645\u0639\u0647\u062f \u0627\u0644\u0648\u0637\u0646\u064a \u0644\u0644\u062a\u0631\u0627\u062b","og_description":"{:ar}\u062a\u062d\u062a\u0648\u064a \u0647\u0630\u0647 \u0627\u0644\u0648\u062b\u064a\u0642\u0629 \u0639\u0644\u0649 \u0642\u0627\u0626\u0645\u0629 \u0641\u064a \u0627\u0644\u0645\u0639\u0627\u0644\u0645 \u0627\u0644\u0645\u0631\u062a\u0628\u0629 \u0648\u0627\u0644\u0645\u062d\u0645\u064a\u0629 \u0628\u0627\u0644\u0628\u0644\u0627\u062f \u0627\u0644\u062a\u0648\u0646\u0633\u064a\u0629 {:}","og_url":"https:\/\/www.inp2020.tn\/projets\/liste-des-monuments-historiques-et-archeologiques-proteges-et-classes-de-tunisie\/","og_site_name":"INP \u0627\u0644\u0645\u0639\u0647\u062f \u0627\u0644\u0648\u0637\u0646\u064a \u0644\u0644\u062a\u0631\u0627\u062b","article_publisher":"https:\/\/www.facebook.com\/Inp.Institut.National.Du.Patrimoine\/","article_modified_time":"2025-03-18T09:41:05+00:00","og_image":[{"width":288,"height":432,"url":"http:\/\/www.inp2020.tn\/wp-content\/uploads\/2020\/02\/pg-liste.jpg","type":"image\/jpeg"}],"twitter_card":"summary_large_image","twitter_misc":{"\u0648\u0642\u062a \u0627\u0644\u0642\u0631\u0627\u0621\u0629 \u0627\u0644\u0645\u064f\u0642\u062f\u0651\u0631":"\u062f\u0642\u064a\u0642\u0629 \u0648\u0627\u062d\u062f\u0629"},"schema":{"@context":"https:\/\/schema.org","@graph":[{"@type":"WebPage","@id":"https:\/\/www.inp2020.tn\/projets\/liste-des-monuments-historiques-et-archeologiques-proteges-et-classes-de-tunisie\/","url":"https:\/\/www.inp2020.tn\/projets\/liste-des-monuments-historiques-et-archeologiques-proteges-et-classes-de-tunisie\/","name":"\u0642\u0627\u0626\u0645\u0629 \u0627\u0644\u0645\u0639\u0627\u0644\u0645 \u0627\u0644\u0645\u0631\u062a\u0628\u0629 \u0648\u0627\u0644\u0645\u062d\u0645\u064a\u0629 \u0628\u0627\u0644\u0628\u0644\u0627\u062f \u0627\u0644\u062a\u0648\u0646\u0633\u064a\u0629 - INP \u0627\u0644\u0645\u0639\u0647\u062f \u0627\u0644\u0648\u0637\u0646\u064a \u0644\u0644\u062a\u0631\u0627\u062b","isPartOf":{"@id":"https:\/\/www.inp2020.tn\/#website"},"primaryImageOfPage":{"@id":"https:\/\/www.inp2020.tn\/projets\/liste-des-monuments-historiques-et-archeologiques-proteges-et-classes-de-tunisie\/#primaryimage"},"image":{"@id":"https:\/\/www.inp2020.tn\/projets\/liste-des-monuments-historiques-et-archeologiques-proteges-et-classes-de-tunisie\/#primaryimage"},"thumbnailUrl":"https:\/\/www.inp2020.tn\/wp-content\/uploads\/2020\/02\/pg-liste.jpg","datePublished":"2020-02-02T16:57:58+00:00","dateModified":"2025-03-18T09:41:05+00:00","description":"{:ar}\u062a\u062d\u062a\u0648\u064a \u0647\u0630\u0647 \u0627\u0644\u0648\u062b\u064a\u0642\u0629 \u0639\u0644\u0649 \u0642\u0627\u0626\u0645\u0629 \u0641\u064a \u0627\u0644\u0645\u0639\u0627\u0644\u0645 \u0627\u0644\u0645\u0631\u062a\u0628\u0629 \u0648\u0627\u0644\u0645\u062d\u0645\u064a\u0629 \u0628\u0627\u0644\u0628\u0644\u0627\u062f \u0627\u0644\u062a\u0648\u0646\u0633\u064a\u0629 {:}","breadcrumb":{"@id":"https:\/\/www.inp2020.tn\/projets\/liste-des-monuments-historiques-et-archeologiques-proteges-et-classes-de-tunisie\/#breadcrumb"},"inLanguage":"ar","potentialAction":[{"@type":"ReadAction","target":["https:\/\/www.inp2020.tn\/projets\/liste-des-monuments-historiques-et-archeologiques-proteges-et-classes-de-tunisie\/"]}]},{"@type":"ImageObject","inLanguage":"ar","@id":"https:\/\/www.inp2020.tn\/projets\/liste-des-monuments-historiques-et-archeologiques-proteges-et-classes-de-tunisie\/#primaryimage","url":"https:\/\/www.inp2020.tn\/wp-content\/uploads\/2020\/02\/pg-liste.jpg","contentUrl":"https:\/\/www.inp2020.tn\/wp-content\/uploads\/2020\/02\/pg-liste.jpg","width":288,"height":432,"caption":"Liste des monuments class\u00e9s"},{"@type":"BreadcrumbList","@id":"https:\/\/www.inp2020.tn\/projets\/liste-des-monuments-historiques-et-archeologiques-proteges-et-classes-de-tunisie\/#breadcrumb","itemListElement":[{"@type":"ListItem","position":1,"name":"Home","item":"https:\/\/www.inp2020.tn\/"},{"@type":"ListItem","position":2,"name":"\u0627\u0644\u0645\u0634\u0627\u0631\u064a\u0639","item":"https:\/\/www.inp2020.tn\/ar\/projets\/"},{"@type":"ListItem","position":3,"name":"Liste des monuments historiques et arch\u00e9ologiques prot\u00e9g\u00e9s et class\u00e9s de Tunisie"}]},{"@type":"WebSite","@id":"https:\/\/www.inp2020.tn\/#website","url":"https:\/\/www.inp2020.tn\/","name":"INP \u0627\u0644\u0645\u0639\u0647\u062f \u0627\u0644\u0648\u0637\u0646\u064a \u0644\u0644\u062a\u0631\u0627\u062b","description":"Patrimoine Culturel \u062a\u0631\u0627\u062b \u062b\u0642\u0627\u0641\u064a","publisher":{"@id":"https:\/\/www.inp2020.tn\/#organization"},"potentialAction":[{"@type":"SearchAction","target":{"@type":"EntryPoint","urlTemplate":"https:\/\/www.inp2020.tn\/?s={search_term_string}"},"query-input":{"@type":"PropertyValueSpecification","valueRequired":true,"valueName":"search_term_string"}}],"inLanguage":"ar"},{"@type":"Organization","@id":"https:\/\/www.inp2020.tn\/#organization","name":"Institut National du Patrimoine - Tunisie","url":"https:\/\/www.inp2020.tn\/","logo":{"@type":"ImageObject","inLanguage":"ar","@id":"https:\/\/www.inp2020.tn\/#\/schema\/logo\/image\/","url":"http:\/\/www.inp2020.tn\/wp-content\/uploads\/2019\/12\/logo-inp-e1612522185676.jpg","contentUrl":"http:\/\/www.inp2020.tn\/wp-content\/uploads\/2019\/12\/logo-inp-e1612522185676.jpg","width":75,"height":75,"caption":"Institut National du Patrimoine - Tunisie"},"image":{"@id":"https:\/\/www.inp2020.tn\/#\/schema\/logo\/image\/"},"sameAs":["https:\/\/www.facebook.com\/Inp.Institut.National.Du.Patrimoine\/"]}]}},"_links":{"self":[{"href":"https:\/\/www.inp2020.tn\/ar\/wp-json\/wp\/v2\/pages\/1058","targetHints":{"allow":["GET"]}}],"collection":[{"href":"https:\/\/www.inp2020.tn\/ar\/wp-json\/wp\/v2\/pages"}],"about":[{"href":"https:\/\/www.inp2020.tn\/ar\/wp-json\/wp\/v2\/types\/page"}],"author":[{"embeddable":true,"href":"https:\/\/www.inp2020.tn\/ar\/wp-json\/wp\/v2\/users\/1"}],"replies":[{"embeddable":true,"href":"https:\/\/www.inp2020.tn\/ar\/wp-json\/wp\/v2\/comments?post=1058"}],"version-history":[{"count":20,"href":"https:\/\/www.inp2020.tn\/ar\/wp-json\/wp\/v2\/pages\/1058\/revisions"}],"predecessor-version":[{"id":13191,"href":"https:\/\/www.inp2020.tn\/ar\/wp-json\/wp\/v2\/pages\/1058\/revisions\/13191"}],"up":[{"embeddable":true,"href":"https:\/\/www.inp2020.tn\/ar\/wp-json\/wp\/v2\/pages\/931"}],"wp:featuredmedia":[{"embeddable":true,"href":"https:\/\/www.inp2020.tn\/ar\/wp-json\/wp\/v2\/media\/1060"}],"wp:attachment":[{"href":"https:\/\/www.inp2020.tn\/ar\/wp-json\/wp\/v2\/media?parent=1058"}],"curies":[{"name":"wp","href":"https:\/\/api.w.org\/{rel}","templated":true}]}}