{"id":1114,"date":"2020-02-11T11:09:24","date_gmt":"2020-02-11T10:09:24","guid":{"rendered":"http:\/\/www.inp2020.tn\/?page_id=1114"},"modified":"2024-10-24T17:30:28","modified_gmt":"2024-10-24T16:30:28","slug":"activites-scientifiques_inp","status":"publish","type":"page","link":"https:\/\/www.inp2020.tn\/ar\/activites-de-linp\/activites-scientifiques_inp\/","title":{"rendered":"\u0627\u0644\u0646\u0634\u0627\u0637 \u0627\u0644\u0639\u0644\u0645\u064a"},"content":{"rendered":"\u062a\u0631\u0627\u062b\u0646\u0627 \u0627\u0644\u0645\u062e\u0637\u0648\u0637 \u0648\u0645\u0642\u0648\u0645\u0627\u062a \u0627\u0644\u062a\u0648\u0627\u0635\u0644 \u0627\u0644\u062d\u0636\u0627\u0631\u064a \u0646\u0638\u0645 \u0627\u0644\u0645\u062e\u0628\u0631 \u0627\u0644\u0648\u0637\u0646\u064a \u0644\u0635\u064a\u0627\u0646\u0629 \u0648\u062a\u0631\u0645\u064a\u0645 \u0627\u0644\u0645\u062e\u0637\u0648\u0637\u0627\u062a \u0628\u0631\u0642\u0627\u062f\u0629 \u0627\u0644\u0642\u064a\u0631\u0648\u0627\u0646 \u064a\u0648\u0645 30\u0627\u0641\u0631\u064a\u0644 2024 \u0646\u062f\u0648\u0629 \u0639\u0644\u0645\u064a\u0629 \u0628\u0639\u0646\u0648\u0627\u0646 &#8220;\u062a\u0631\u0627\u062b\u0646\u0627 <a href=\"https:\/\/www.inp2020.tn\/ar\/activites-de-linp\/activites-scientifiques_inp\/\" class=\"more-link\">(\u0627\u0644\u0645\u0632\u064a\u062f&hellip;)<\/a>","protected":false},"excerpt":{"rendered":"<p>\u062a\u0631\u0627\u062b\u0646\u0627 \u0627\u0644\u0645\u062e\u0637\u0648\u0637 \u0648\u0645\u0642\u0648\u0645\u0627\u062a \u0627\u0644\u062a\u0648\u0627\u0635\u0644 \u0627\u0644\u062d\u0636\u0627\u0631\u064a \u0646\u0638\u0645 \u0627\u0644\u0645\u062e\u0628\u0631 \u0627\u0644\u0648\u0637\u0646\u064a \u0644\u0635\u064a\u0627\u0646\u0629 \u0648\u062a\u0631\u0645\u064a\u0645 \u0627\u0644\u0645\u062e\u0637\u0648\u0637\u0627\u062a \u0628\u0631\u0642\u0627\u062f\u0629 \u0627\u0644\u0642\u064a\u0631\u0648\u0627\u0646 \u064a\u0648\u0645 30\u0627\u0641\u0631\u064a\u0644 2024 \u0646\u062f\u0648\u0629 \u0639\u0644\u0645\u064a\u0629 \u0628\u0639\u0646\u0648\u0627\u0646 &#8220;\u062a\u0631\u0627\u062b\u0646\u0627 (\u0627\u0644\u0645\u0632\u064a\u062f&hellip;)<\/p>\n","protected":false},"author":1,"featured_media":2307,"parent":1110,"menu_order":0,"comment_status":"closed","ping_status":"closed","template":"","meta":{"_uf_show_specific_survey":0,"_uf_disable_surveys":false,"footnotes":""},"class_list":["post-1114","page","type-page","status-publish","has-post-thumbnail","hentry"],"yoast_head":"<!-- This site is optimized with the Yoast SEO plugin v27.4 - https:\/\/yoast.com\/product\/yoast-seo-wordpress\/ -->\n<title>\u0627\u0644\u0646\u0634\u0627\u0637 \u0627\u0644\u0639\u0644\u0645\u064a - INP \u0627\u0644\u0645\u0639\u0647\u062f \u0627\u0644\u0648\u0637\u0646\u064a \u0644\u0644\u062a\u0631\u0627\u062b<\/title>\n<meta name=\"description\" content=\"Fouilles, inventaire, \u00e9tudes, prospections et publication % Fouille\" \/>\n<meta name=\"robots\" content=\"index, follow, max-snippet:-1, max-image-preview:large, max-video-preview:-1\" \/>\n<link rel=\"canonical\" href=\"https:\/\/www.inp2020.tn\/activites-de-linp\/activites-scientifiques_inp\/\" \/>\n<meta property=\"og:locale\" content=\"ar_AR\" \/>\n<meta property=\"og:type\" content=\"article\" \/>\n<meta property=\"og:title\" content=\"\u0627\u0644\u0646\u0634\u0627\u0637 \u0627\u0644\u0639\u0644\u0645\u064a - INP \u0627\u0644\u0645\u0639\u0647\u062f \u0627\u0644\u0648\u0637\u0646\u064a \u0644\u0644\u062a\u0631\u0627\u062b\" \/>\n<meta property=\"og:description\" content=\"{:fr}L&#039;INP (Institut National du Patrimoine) \u00e0 Tunis et le DAI - Deutsches Archaologisches Institut (Institut Arch\u00e9ologique Allemand de Rome) m\u00e8nent un projet d&#039;\u00e9tude du site arch\u00e9ologique de Jouggar, en Tunisie, depuis 2018.En 2019, un scanner laser int\u00e9gr\u00e9 et un relev\u00e9 photogramm\u00e9trique ont \u00e9t\u00e9 r\u00e9alis\u00e9s afin d&#039;obtenir des artefacts tridimensionnels \u00e0 ultra-haute r\u00e9solution.\u00a0Le site se compose d&#039;une partie ext\u00e9rieure, une forteresse byzantine et d&#039;une partie souterraine, un nymph\u00e9e romain.\u00a0Les fouilles arch\u00e9ologiques (quatri\u00e8me tranche) se poursuivent sur le site de Castilia, sous la supervision de chercheurs de l\u2019Institut national du patrimoine{:ar}Fouilles, inventaire, \u00e9tudes, prospections et publication % Fouille{:en}The INP (Institut National du Patrimoine) in Tunis and the DAI - Deutsches Archaologisches Institut (German Archaeological Institute) in Rome have been conducting a project to study the archaeological site of Jouggar, Tunisia, since 2018.In 2019, an integrated laser scanner and photogrammetric survey was carried out in order to obtain three-dimensional ultra-high resolution artefacts.The site consists of an external part, a Byzantine fortress and an underground part, a Roman nymphaeum.{:}\" \/>\n<meta property=\"og:url\" content=\"https:\/\/www.inp2020.tn\/activites-de-linp\/activites-scientifiques_inp\/\" \/>\n<meta property=\"og:site_name\" content=\"INP \u0627\u0644\u0645\u0639\u0647\u062f \u0627\u0644\u0648\u0637\u0646\u064a \u0644\u0644\u062a\u0631\u0627\u062b\" \/>\n<meta property=\"article:publisher\" content=\"https:\/\/www.facebook.com\/Inp.Institut.National.Du.Patrimoine\/\" \/>\n<meta property=\"article:modified_time\" content=\"2024-10-24T16:30:28+00:00\" \/>\n<meta property=\"og:image\" content=\"http:\/\/www.inp2020.tn\/wp-content\/uploads\/2020\/10\/AGGER-7.jpg\" \/>\n\t<meta property=\"og:image:width\" content=\"1063\" \/>\n\t<meta property=\"og:image:height\" content=\"328\" \/>\n\t<meta property=\"og:image:type\" content=\"image\/jpeg\" \/>\n<meta name=\"twitter:card\" content=\"summary_large_image\" \/>\n<meta name=\"twitter:label1\" content=\"\u0648\u0642\u062a \u0627\u0644\u0642\u0631\u0627\u0621\u0629 \u0627\u0644\u0645\u064f\u0642\u062f\u0651\u0631\" \/>\n\t<meta name=\"twitter:data1\" content=\"24 \u062f\u0642\u064a\u0642\u0629\" \/>\n<script type=\"application\/ld+json\" class=\"yoast-schema-graph\">{\"@context\":\"https:\\\/\\\/schema.org\",\"@graph\":[{\"@type\":\"WebPage\",\"@id\":\"https:\\\/\\\/www.inp2020.tn\\\/activites-de-linp\\\/activites-scientifiques_inp\\\/\",\"url\":\"https:\\\/\\\/www.inp2020.tn\\\/activites-de-linp\\\/activites-scientifiques_inp\\\/\",\"name\":\"\u0627\u0644\u0646\u0634\u0627\u0637 \u0627\u0644\u0639\u0644\u0645\u064a - INP \u0627\u0644\u0645\u0639\u0647\u062f \u0627\u0644\u0648\u0637\u0646\u064a \u0644\u0644\u062a\u0631\u0627\u062b\",\"isPartOf\":{\"@id\":\"https:\\\/\\\/www.inp2020.tn\\\/#website\"},\"primaryImageOfPage\":{\"@id\":\"https:\\\/\\\/www.inp2020.tn\\\/activites-de-linp\\\/activites-scientifiques_inp\\\/#primaryimage\"},\"image\":{\"@id\":\"https:\\\/\\\/www.inp2020.tn\\\/activites-de-linp\\\/activites-scientifiques_inp\\\/#primaryimage\"},\"thumbnailUrl\":\"https:\\\/\\\/www.inp2020.tn\\\/wp-content\\\/uploads\\\/2020\\\/10\\\/AGGER-7.jpg\",\"datePublished\":\"2020-02-11T10:09:24+00:00\",\"dateModified\":\"2024-10-24T16:30:28+00:00\",\"description\":\"{:fr}L'INP (Institut National du Patrimoine) \u00e0 Tunis et le DAI - Deutsches Archaologisches Institut (Institut Arch\u00e9ologique Allemand de Rome) m\u00e8nent un projet d'\u00e9tude du site arch\u00e9ologique de Jouggar, en Tunisie, depuis 2018.En 2019, un scanner laser int\u00e9gr\u00e9 et un relev\u00e9 photogramm\u00e9trique ont \u00e9t\u00e9 r\u00e9alis\u00e9s afin d'obtenir des artefacts tridimensionnels \u00e0 ultra-haute r\u00e9solution.\u00a0Le site se compose d'une partie ext\u00e9rieure, une forteresse byzantine et d'une partie souterraine, un nymph\u00e9e romain.\u00a0Les fouilles arch\u00e9ologiques (quatri\u00e8me tranche) se poursuivent sur le site de Castilia, sous la supervision de chercheurs de l\u2019Institut national du patrimoine{:ar}Fouilles, inventaire, \u00e9tudes, prospections et publication % Fouille{:en}The INP (Institut National du Patrimoine) in Tunis and the DAI - Deutsches Archaologisches Institut (German Archaeological Institute) in Rome have been conducting a project to study the archaeological site of Jouggar, Tunisia, since 2018.In 2019, an integrated laser scanner and photogrammetric survey was carried out in order to obtain three-dimensional ultra-high resolution artefacts.The site consists of an external part, a Byzantine fortress and an underground part, a Roman nymphaeum.{:}\",\"breadcrumb\":{\"@id\":\"https:\\\/\\\/www.inp2020.tn\\\/activites-de-linp\\\/activites-scientifiques_inp\\\/#breadcrumb\"},\"inLanguage\":\"ar\",\"potentialAction\":[{\"@type\":\"ReadAction\",\"target\":[\"https:\\\/\\\/www.inp2020.tn\\\/activites-de-linp\\\/activites-scientifiques_inp\\\/\"]}]},{\"@type\":\"ImageObject\",\"inLanguage\":\"ar\",\"@id\":\"https:\\\/\\\/www.inp2020.tn\\\/activites-de-linp\\\/activites-scientifiques_inp\\\/#primaryimage\",\"url\":\"https:\\\/\\\/www.inp2020.tn\\\/wp-content\\\/uploads\\\/2020\\\/10\\\/AGGER-7.jpg\",\"contentUrl\":\"https:\\\/\\\/www.inp2020.tn\\\/wp-content\\\/uploads\\\/2020\\\/10\\\/AGGER-7.jpg\",\"width\":1063,\"height\":328,\"caption\":\"Agger la ville antique\"},{\"@type\":\"BreadcrumbList\",\"@id\":\"https:\\\/\\\/www.inp2020.tn\\\/activites-de-linp\\\/activites-scientifiques_inp\\\/#breadcrumb\",\"itemListElement\":[{\"@type\":\"ListItem\",\"position\":1,\"name\":\"Home\",\"item\":\"https:\\\/\\\/www.inp2020.tn\\\/\"},{\"@type\":\"ListItem\",\"position\":2,\"name\":\"\u0646\u0634\u0627\u0637 \u0627\u0644\u0645\u0639\u0647\u062f\",\"item\":\"https:\\\/\\\/www.inp2020.tn\\\/ar\\\/activites-de-linp\\\/\"},{\"@type\":\"ListItem\",\"position\":3,\"name\":\"Activit\u00e9s Scientifiques\"}]},{\"@type\":\"WebSite\",\"@id\":\"https:\\\/\\\/www.inp2020.tn\\\/#website\",\"url\":\"https:\\\/\\\/www.inp2020.tn\\\/\",\"name\":\"INP \u0627\u0644\u0645\u0639\u0647\u062f \u0627\u0644\u0648\u0637\u0646\u064a \u0644\u0644\u062a\u0631\u0627\u062b\",\"description\":\"Patrimoine Culturel \u062a\u0631\u0627\u062b \u062b\u0642\u0627\u0641\u064a\",\"publisher\":{\"@id\":\"https:\\\/\\\/www.inp2020.tn\\\/#organization\"},\"potentialAction\":[{\"@type\":\"SearchAction\",\"target\":{\"@type\":\"EntryPoint\",\"urlTemplate\":\"https:\\\/\\\/www.inp2020.tn\\\/?s={search_term_string}\"},\"query-input\":{\"@type\":\"PropertyValueSpecification\",\"valueRequired\":true,\"valueName\":\"search_term_string\"}}],\"inLanguage\":\"ar\"},{\"@type\":\"Organization\",\"@id\":\"https:\\\/\\\/www.inp2020.tn\\\/#organization\",\"name\":\"Institut National du Patrimoine - Tunisie\",\"url\":\"https:\\\/\\\/www.inp2020.tn\\\/\",\"logo\":{\"@type\":\"ImageObject\",\"inLanguage\":\"ar\",\"@id\":\"https:\\\/\\\/www.inp2020.tn\\\/#\\\/schema\\\/logo\\\/image\\\/\",\"url\":\"http:\\\/\\\/www.inp2020.tn\\\/wp-content\\\/uploads\\\/2019\\\/12\\\/logo-inp-e1612522185676.jpg\",\"contentUrl\":\"http:\\\/\\\/www.inp2020.tn\\\/wp-content\\\/uploads\\\/2019\\\/12\\\/logo-inp-e1612522185676.jpg\",\"width\":75,\"height\":75,\"caption\":\"Institut National du Patrimoine - Tunisie\"},\"image\":{\"@id\":\"https:\\\/\\\/www.inp2020.tn\\\/#\\\/schema\\\/logo\\\/image\\\/\"},\"sameAs\":[\"https:\\\/\\\/www.facebook.com\\\/Inp.Institut.National.Du.Patrimoine\\\/\"]}]}<\/script>\n<!-- \/ Yoast SEO plugin. -->","yoast_head_json":{"title":"\u0627\u0644\u0646\u0634\u0627\u0637 \u0627\u0644\u0639\u0644\u0645\u064a - INP \u0627\u0644\u0645\u0639\u0647\u062f \u0627\u0644\u0648\u0637\u0646\u064a \u0644\u0644\u062a\u0631\u0627\u062b","description":"Fouilles, inventaire, \u00e9tudes, prospections et publication % Fouille","robots":{"index":"index","follow":"follow","max-snippet":"max-snippet:-1","max-image-preview":"max-image-preview:large","max-video-preview":"max-video-preview:-1"},"canonical":"https:\/\/www.inp2020.tn\/activites-de-linp\/activites-scientifiques_inp\/","og_locale":"ar_AR","og_type":"article","og_title":"\u0627\u0644\u0646\u0634\u0627\u0637 \u0627\u0644\u0639\u0644\u0645\u064a - INP \u0627\u0644\u0645\u0639\u0647\u062f \u0627\u0644\u0648\u0637\u0646\u064a \u0644\u0644\u062a\u0631\u0627\u062b","og_description":"{:fr}L'INP (Institut National du Patrimoine) \u00e0 Tunis et le DAI - Deutsches Archaologisches Institut (Institut Arch\u00e9ologique Allemand de Rome) m\u00e8nent un projet d'\u00e9tude du site arch\u00e9ologique de Jouggar, en Tunisie, depuis 2018.En 2019, un scanner laser int\u00e9gr\u00e9 et un relev\u00e9 photogramm\u00e9trique ont \u00e9t\u00e9 r\u00e9alis\u00e9s afin d'obtenir des artefacts tridimensionnels \u00e0 ultra-haute r\u00e9solution.\u00a0Le site se compose d'une partie ext\u00e9rieure, une forteresse byzantine et d'une partie souterraine, un nymph\u00e9e romain.\u00a0Les fouilles arch\u00e9ologiques (quatri\u00e8me tranche) se poursuivent sur le site de Castilia, sous la supervision de chercheurs de l\u2019Institut national du patrimoine{:ar}Fouilles, inventaire, \u00e9tudes, prospections et publication % Fouille{:en}The INP (Institut National du Patrimoine) in Tunis and the DAI - Deutsches Archaologisches Institut (German Archaeological Institute) in Rome have been conducting a project to study the archaeological site of Jouggar, Tunisia, since 2018.In 2019, an integrated laser scanner and photogrammetric survey was carried out in order to obtain three-dimensional ultra-high resolution artefacts.The site consists of an external part, a Byzantine fortress and an underground part, a Roman nymphaeum.{:}","og_url":"https:\/\/www.inp2020.tn\/activites-de-linp\/activites-scientifiques_inp\/","og_site_name":"INP \u0627\u0644\u0645\u0639\u0647\u062f \u0627\u0644\u0648\u0637\u0646\u064a \u0644\u0644\u062a\u0631\u0627\u062b","article_publisher":"https:\/\/www.facebook.com\/Inp.Institut.National.Du.Patrimoine\/","article_modified_time":"2024-10-24T16:30:28+00:00","og_image":[{"width":1063,"height":328,"url":"http:\/\/www.inp2020.tn\/wp-content\/uploads\/2020\/10\/AGGER-7.jpg","type":"image\/jpeg"}],"twitter_card":"summary_large_image","twitter_misc":{"\u0648\u0642\u062a \u0627\u0644\u0642\u0631\u0627\u0621\u0629 \u0627\u0644\u0645\u064f\u0642\u062f\u0651\u0631":"24 \u062f\u0642\u064a\u0642\u0629"},"schema":{"@context":"https:\/\/schema.org","@graph":[{"@type":"WebPage","@id":"https:\/\/www.inp2020.tn\/activites-de-linp\/activites-scientifiques_inp\/","url":"https:\/\/www.inp2020.tn\/activites-de-linp\/activites-scientifiques_inp\/","name":"\u0627\u0644\u0646\u0634\u0627\u0637 \u0627\u0644\u0639\u0644\u0645\u064a - INP \u0627\u0644\u0645\u0639\u0647\u062f \u0627\u0644\u0648\u0637\u0646\u064a \u0644\u0644\u062a\u0631\u0627\u062b","isPartOf":{"@id":"https:\/\/www.inp2020.tn\/#website"},"primaryImageOfPage":{"@id":"https:\/\/www.inp2020.tn\/activites-de-linp\/activites-scientifiques_inp\/#primaryimage"},"image":{"@id":"https:\/\/www.inp2020.tn\/activites-de-linp\/activites-scientifiques_inp\/#primaryimage"},"thumbnailUrl":"https:\/\/www.inp2020.tn\/wp-content\/uploads\/2020\/10\/AGGER-7.jpg","datePublished":"2020-02-11T10:09:24+00:00","dateModified":"2024-10-24T16:30:28+00:00","description":"{:fr}L'INP (Institut National du Patrimoine) \u00e0 Tunis et le DAI - Deutsches Archaologisches Institut (Institut Arch\u00e9ologique Allemand de Rome) m\u00e8nent un projet d'\u00e9tude du site arch\u00e9ologique de Jouggar, en Tunisie, depuis 2018.En 2019, un scanner laser int\u00e9gr\u00e9 et un relev\u00e9 photogramm\u00e9trique ont \u00e9t\u00e9 r\u00e9alis\u00e9s afin d'obtenir des artefacts tridimensionnels \u00e0 ultra-haute r\u00e9solution.\u00a0Le site se compose d'une partie ext\u00e9rieure, une forteresse byzantine et d'une partie souterraine, un nymph\u00e9e romain.\u00a0Les fouilles arch\u00e9ologiques (quatri\u00e8me tranche) se poursuivent sur le site de Castilia, sous la supervision de chercheurs de l\u2019Institut national du patrimoine{:ar}Fouilles, inventaire, \u00e9tudes, prospections et publication % Fouille{:en}The INP (Institut National du Patrimoine) in Tunis and the DAI - Deutsches Archaologisches Institut (German Archaeological Institute) in Rome have been conducting a project to study the archaeological site of Jouggar, Tunisia, since 2018.In 2019, an integrated laser scanner and photogrammetric survey was carried out in order to obtain three-dimensional ultra-high resolution artefacts.The site consists of an external part, a Byzantine fortress and an underground part, a Roman nymphaeum.{:}","breadcrumb":{"@id":"https:\/\/www.inp2020.tn\/activites-de-linp\/activites-scientifiques_inp\/#breadcrumb"},"inLanguage":"ar","potentialAction":[{"@type":"ReadAction","target":["https:\/\/www.inp2020.tn\/activites-de-linp\/activites-scientifiques_inp\/"]}]},{"@type":"ImageObject","inLanguage":"ar","@id":"https:\/\/www.inp2020.tn\/activites-de-linp\/activites-scientifiques_inp\/#primaryimage","url":"https:\/\/www.inp2020.tn\/wp-content\/uploads\/2020\/10\/AGGER-7.jpg","contentUrl":"https:\/\/www.inp2020.tn\/wp-content\/uploads\/2020\/10\/AGGER-7.jpg","width":1063,"height":328,"caption":"Agger la ville antique"},{"@type":"BreadcrumbList","@id":"https:\/\/www.inp2020.tn\/activites-de-linp\/activites-scientifiques_inp\/#breadcrumb","itemListElement":[{"@type":"ListItem","position":1,"name":"Home","item":"https:\/\/www.inp2020.tn\/"},{"@type":"ListItem","position":2,"name":"\u0646\u0634\u0627\u0637 \u0627\u0644\u0645\u0639\u0647\u062f","item":"https:\/\/www.inp2020.tn\/ar\/activites-de-linp\/"},{"@type":"ListItem","position":3,"name":"Activit\u00e9s Scientifiques"}]},{"@type":"WebSite","@id":"https:\/\/www.inp2020.tn\/#website","url":"https:\/\/www.inp2020.tn\/","name":"INP \u0627\u0644\u0645\u0639\u0647\u062f \u0627\u0644\u0648\u0637\u0646\u064a \u0644\u0644\u062a\u0631\u0627\u062b","description":"Patrimoine Culturel \u062a\u0631\u0627\u062b \u062b\u0642\u0627\u0641\u064a","publisher":{"@id":"https:\/\/www.inp2020.tn\/#organization"},"potentialAction":[{"@type":"SearchAction","target":{"@type":"EntryPoint","urlTemplate":"https:\/\/www.inp2020.tn\/?s={search_term_string}"},"query-input":{"@type":"PropertyValueSpecification","valueRequired":true,"valueName":"search_term_string"}}],"inLanguage":"ar"},{"@type":"Organization","@id":"https:\/\/www.inp2020.tn\/#organization","name":"Institut National du Patrimoine - Tunisie","url":"https:\/\/www.inp2020.tn\/","logo":{"@type":"ImageObject","inLanguage":"ar","@id":"https:\/\/www.inp2020.tn\/#\/schema\/logo\/image\/","url":"http:\/\/www.inp2020.tn\/wp-content\/uploads\/2019\/12\/logo-inp-e1612522185676.jpg","contentUrl":"http:\/\/www.inp2020.tn\/wp-content\/uploads\/2019\/12\/logo-inp-e1612522185676.jpg","width":75,"height":75,"caption":"Institut National du Patrimoine - Tunisie"},"image":{"@id":"https:\/\/www.inp2020.tn\/#\/schema\/logo\/image\/"},"sameAs":["https:\/\/www.facebook.com\/Inp.Institut.National.Du.Patrimoine\/"]}]}},"_links":{"self":[{"href":"https:\/\/www.inp2020.tn\/ar\/wp-json\/wp\/v2\/pages\/1114","targetHints":{"allow":["GET"]}}],"collection":[{"href":"https:\/\/www.inp2020.tn\/ar\/wp-json\/wp\/v2\/pages"}],"about":[{"href":"https:\/\/www.inp2020.tn\/ar\/wp-json\/wp\/v2\/types\/page"}],"author":[{"embeddable":true,"href":"https:\/\/www.inp2020.tn\/ar\/wp-json\/wp\/v2\/users\/1"}],"replies":[{"embeddable":true,"href":"https:\/\/www.inp2020.tn\/ar\/wp-json\/wp\/v2\/comments?post=1114"}],"version-history":[{"count":141,"href":"https:\/\/www.inp2020.tn\/ar\/wp-json\/wp\/v2\/pages\/1114\/revisions"}],"predecessor-version":[{"id":11556,"href":"https:\/\/www.inp2020.tn\/ar\/wp-json\/wp\/v2\/pages\/1114\/revisions\/11556"}],"up":[{"embeddable":true,"href":"https:\/\/www.inp2020.tn\/ar\/wp-json\/wp\/v2\/pages\/1110"}],"wp:featuredmedia":[{"embeddable":true,"href":"https:\/\/www.inp2020.tn\/ar\/wp-json\/wp\/v2\/media\/2307"}],"wp:attachment":[{"href":"https:\/\/www.inp2020.tn\/ar\/wp-json\/wp\/v2\/media?parent=1114"}],"curies":[{"name":"wp","href":"https:\/\/api.w.org\/{rel}","templated":true}]}}