{"id":13792,"date":"2025-11-10T11:38:15","date_gmt":"2025-11-10T10:38:15","guid":{"rendered":"https:\/\/www.inp2020.tn\/?page_id=13792"},"modified":"2025-11-10T11:38:15","modified_gmt":"2025-11-10T10:38:15","slug":"_hammamet","status":"publish","type":"page","link":"https:\/\/www.inp2020.tn\/ar\/blog_inp\/_hammamet\/","title":{"rendered":"(Fran\u00e7ais) La ville de Hammamet"},"content":{"rendered":"\u0639\u0641\u0648\u0627\u060c \u0647\u0630\u0647 \u0627\u0644\u0645\u062f\u062e\u0644\u0629 \u0645\u0648\u062c\u0648\u062f\u0629 \u0641\u0642\u0637 \u0641\u064a Fran\u00e7ais. <a href=\"https:\/\/www.inp2020.tn\/ar\/blog_inp\/_hammamet\/\" class=\"more-link\">(\u0627\u0644\u0645\u0632\u064a\u062f&hellip;)<\/a>","protected":false},"excerpt":{"rendered":"<p>\u0639\u0641\u0648\u0627\u060c \u0647\u0630\u0647 \u0627\u0644\u0645\u062f\u062e\u0644\u0629 \u0645\u0648\u062c\u0648\u062f\u0629 \u0641\u0642\u0637 \u0641\u064a Fran\u00e7ais. (\u0627\u0644\u0645\u0632\u064a\u062f&hellip;)<\/p>\n","protected":false},"author":1,"featured_media":13796,"parent":228,"menu_order":5,"comment_status":"closed","ping_status":"closed","template":"","meta":{"_uf_show_specific_survey":0,"_uf_disable_surveys":false,"footnotes":""},"class_list":["post-13792","page","type-page","status-publish","has-post-thumbnail","hentry"],"yoast_head":"<!-- This site is optimized with the Yoast SEO plugin v27.5 - https:\/\/yoast.com\/product\/yoast-seo-wordpress\/ -->\n<title>(Fran\u00e7ais) La ville de Hammamet - INP \u0627\u0644\u0645\u0639\u0647\u062f \u0627\u0644\u0648\u0637\u0646\u064a \u0644\u0644\u062a\u0631\u0627\u062b<\/title>\n<meta name=\"description\" content=\"(Fran\u00e7ais) La ville de Hammamet, situ\u00e9e \u00e0 63 km au sud de Tunis, est une ville c\u00f4ti\u00e8re s&#039;\u00e9tendant sur une \u00e9troite bande de terre entre la mer et les collines qui dominent le golfe \u00e9ponyme. Elle se trouve \u00e9galement \u00e0 un important carrefour routier, \u00e0 la fronti\u00e8re sud de la presqu&#039;\u00eele du Cap Bon, reliant le nord et le sud de la Tunisie.\" \/>\n<meta name=\"robots\" content=\"index, follow, max-snippet:-1, max-image-preview:large, max-video-preview:-1\" \/>\n<link rel=\"canonical\" href=\"https:\/\/www.inp2020.tn\/blog_inp\/_hammamet\/\" \/>\n<meta property=\"og:locale\" content=\"ar_AR\" \/>\n<meta property=\"og:type\" content=\"article\" \/>\n<meta property=\"og:title\" content=\"(Fran\u00e7ais) La ville de Hammamet - INP \u0627\u0644\u0645\u0639\u0647\u062f \u0627\u0644\u0648\u0637\u0646\u064a \u0644\u0644\u062a\u0631\u0627\u062b\" \/>\n<meta property=\"og:description\" content=\"{:fr}La ville de Hammamet, situ\u00e9e \u00e0 63 km au sud de Tunis, est une ville c\u00f4ti\u00e8re s&#039;\u00e9tendant sur une \u00e9troite bande de terre entre la mer et les collines qui dominent le golfe \u00e9ponyme. Elle se trouve \u00e9galement \u00e0 un important carrefour routier, \u00e0 la fronti\u00e8re sud de la presqu&#039;\u00eele du Cap Bon, reliant le nord et le sud de la Tunisie.{:}\" \/>\n<meta property=\"og:url\" content=\"https:\/\/www.inp2020.tn\/blog_inp\/_hammamet\/\" \/>\n<meta property=\"og:site_name\" content=\"INP \u0627\u0644\u0645\u0639\u0647\u062f \u0627\u0644\u0648\u0637\u0646\u064a \u0644\u0644\u062a\u0631\u0627\u062b\" \/>\n<meta property=\"article:publisher\" content=\"https:\/\/www.facebook.com\/Inp.Institut.National.Du.Patrimoine\/\" \/>\n<meta property=\"og:image\" content=\"http:\/\/www.inp2020.tn\/wp-content\/uploads\/2025\/11\/hammamet01-1.jpg\" \/>\n\t<meta property=\"og:image:width\" content=\"981\" \/>\n\t<meta property=\"og:image:height\" content=\"736\" \/>\n\t<meta property=\"og:image:type\" content=\"image\/jpeg\" \/>\n<meta name=\"twitter:card\" content=\"summary_large_image\" \/>\n<meta name=\"twitter:label1\" content=\"\u0648\u0642\u062a \u0627\u0644\u0642\u0631\u0627\u0621\u0629 \u0627\u0644\u0645\u064f\u0642\u062f\u0651\u0631\" \/>\n\t<meta name=\"twitter:data1\" content=\"6 \u062f\u0642\u0627\u0626\u0642\" \/>\n<script type=\"application\/ld+json\" class=\"yoast-schema-graph\">{\"@context\":\"https:\\\/\\\/schema.org\",\"@graph\":[{\"@type\":\"WebPage\",\"@id\":\"https:\\\/\\\/www.inp2020.tn\\\/blog_inp\\\/_hammamet\\\/\",\"url\":\"https:\\\/\\\/www.inp2020.tn\\\/blog_inp\\\/_hammamet\\\/\",\"name\":\"(Fran\u00e7ais) La ville de Hammamet - INP \u0627\u0644\u0645\u0639\u0647\u062f \u0627\u0644\u0648\u0637\u0646\u064a \u0644\u0644\u062a\u0631\u0627\u062b\",\"isPartOf\":{\"@id\":\"https:\\\/\\\/www.inp2020.tn\\\/#website\"},\"primaryImageOfPage\":{\"@id\":\"https:\\\/\\\/www.inp2020.tn\\\/blog_inp\\\/_hammamet\\\/#primaryimage\"},\"image\":{\"@id\":\"https:\\\/\\\/www.inp2020.tn\\\/blog_inp\\\/_hammamet\\\/#primaryimage\"},\"thumbnailUrl\":\"https:\\\/\\\/www.inp2020.tn\\\/wp-content\\\/uploads\\\/2025\\\/11\\\/hammamet01-1.jpg\",\"datePublished\":\"2025-11-10T10:38:15+00:00\",\"description\":\"{:fr}La ville de Hammamet, situ\u00e9e \u00e0 63 km au sud de Tunis, est une ville c\u00f4ti\u00e8re s'\u00e9tendant sur une \u00e9troite bande de terre entre la mer et les collines qui dominent le golfe \u00e9ponyme. Elle se trouve \u00e9galement \u00e0 un important carrefour routier, \u00e0 la fronti\u00e8re sud de la presqu'\u00eele du Cap Bon, reliant le nord et le sud de la Tunisie.{:}\",\"breadcrumb\":{\"@id\":\"https:\\\/\\\/www.inp2020.tn\\\/blog_inp\\\/_hammamet\\\/#breadcrumb\"},\"inLanguage\":\"ar\",\"potentialAction\":[{\"@type\":\"ReadAction\",\"target\":[\"https:\\\/\\\/www.inp2020.tn\\\/blog_inp\\\/_hammamet\\\/\"]}]},{\"@type\":\"ImageObject\",\"inLanguage\":\"ar\",\"@id\":\"https:\\\/\\\/www.inp2020.tn\\\/blog_inp\\\/_hammamet\\\/#primaryimage\",\"url\":\"https:\\\/\\\/www.inp2020.tn\\\/wp-content\\\/uploads\\\/2025\\\/11\\\/hammamet01-1.jpg\",\"contentUrl\":\"https:\\\/\\\/www.inp2020.tn\\\/wp-content\\\/uploads\\\/2025\\\/11\\\/hammamet01-1.jpg\",\"width\":981,\"height\":736,\"caption\":\"hammamet\"},{\"@type\":\"BreadcrumbList\",\"@id\":\"https:\\\/\\\/www.inp2020.tn\\\/blog_inp\\\/_hammamet\\\/#breadcrumb\",\"itemListElement\":[{\"@type\":\"ListItem\",\"position\":1,\"name\":\"Home\",\"item\":\"https:\\\/\\\/www.inp2020.tn\\\/\"},{\"@type\":\"ListItem\",\"position\":2,\"name\":\"Blog\",\"item\":\"https:\\\/\\\/www.inp2020.tn\\\/blog_inp\\\/\"},{\"@type\":\"ListItem\",\"position\":3,\"name\":\"La ville de Hammamet\"}]},{\"@type\":\"WebSite\",\"@id\":\"https:\\\/\\\/www.inp2020.tn\\\/#website\",\"url\":\"https:\\\/\\\/www.inp2020.tn\\\/\",\"name\":\"INP \u0627\u0644\u0645\u0639\u0647\u062f \u0627\u0644\u0648\u0637\u0646\u064a \u0644\u0644\u062a\u0631\u0627\u062b\",\"description\":\"\u0625\u0646 \u0639\u0644\u0645 \u0627\u0644\u0622\u062b\u0627\u0631 \u0647\u0648 \u0623\u0633\u0645\u0649 \u0623\u0646\u0648\u0627\u0639 \u0627\u0644\u0628\u062d\u0648\u062b\",\"publisher\":{\"@id\":\"https:\\\/\\\/www.inp2020.tn\\\/#organization\"},\"potentialAction\":[{\"@type\":\"SearchAction\",\"target\":{\"@type\":\"EntryPoint\",\"urlTemplate\":\"https:\\\/\\\/www.inp2020.tn\\\/?s={search_term_string}\"},\"query-input\":{\"@type\":\"PropertyValueSpecification\",\"valueRequired\":true,\"valueName\":\"search_term_string\"}}],\"inLanguage\":\"ar\"},{\"@type\":\"Organization\",\"@id\":\"https:\\\/\\\/www.inp2020.tn\\\/#organization\",\"name\":\"Institut National du Patrimoine - Tunisie\",\"url\":\"https:\\\/\\\/www.inp2020.tn\\\/\",\"logo\":{\"@type\":\"ImageObject\",\"inLanguage\":\"ar\",\"@id\":\"https:\\\/\\\/www.inp2020.tn\\\/#\\\/schema\\\/logo\\\/image\\\/\",\"url\":\"http:\\\/\\\/www.inp2020.tn\\\/wp-content\\\/uploads\\\/2019\\\/12\\\/logo-inp-e1612522185676.jpg\",\"contentUrl\":\"http:\\\/\\\/www.inp2020.tn\\\/wp-content\\\/uploads\\\/2019\\\/12\\\/logo-inp-e1612522185676.jpg\",\"width\":75,\"height\":75,\"caption\":\"Institut National du Patrimoine - Tunisie\"},\"image\":{\"@id\":\"https:\\\/\\\/www.inp2020.tn\\\/#\\\/schema\\\/logo\\\/image\\\/\"},\"sameAs\":[\"https:\\\/\\\/www.facebook.com\\\/Inp.Institut.National.Du.Patrimoine\\\/\"]}]}<\/script>\n<!-- \/ Yoast SEO plugin. -->","yoast_head_json":{"title":"(Fran\u00e7ais) La ville de Hammamet - INP \u0627\u0644\u0645\u0639\u0647\u062f \u0627\u0644\u0648\u0637\u0646\u064a \u0644\u0644\u062a\u0631\u0627\u062b","description":"(Fran\u00e7ais) La ville de Hammamet, situ\u00e9e \u00e0 63 km au sud de Tunis, est une ville c\u00f4ti\u00e8re s'\u00e9tendant sur une \u00e9troite bande de terre entre la mer et les collines qui dominent le golfe \u00e9ponyme. Elle se trouve \u00e9galement \u00e0 un important carrefour routier, \u00e0 la fronti\u00e8re sud de la presqu'\u00eele du Cap Bon, reliant le nord et le sud de la Tunisie.","robots":{"index":"index","follow":"follow","max-snippet":"max-snippet:-1","max-image-preview":"max-image-preview:large","max-video-preview":"max-video-preview:-1"},"canonical":"https:\/\/www.inp2020.tn\/blog_inp\/_hammamet\/","og_locale":"ar_AR","og_type":"article","og_title":"(Fran\u00e7ais) La ville de Hammamet - INP \u0627\u0644\u0645\u0639\u0647\u062f \u0627\u0644\u0648\u0637\u0646\u064a \u0644\u0644\u062a\u0631\u0627\u062b","og_description":"{:fr}La ville de Hammamet, situ\u00e9e \u00e0 63 km au sud de Tunis, est une ville c\u00f4ti\u00e8re s'\u00e9tendant sur une \u00e9troite bande de terre entre la mer et les collines qui dominent le golfe \u00e9ponyme. Elle se trouve \u00e9galement \u00e0 un important carrefour routier, \u00e0 la fronti\u00e8re sud de la presqu'\u00eele du Cap Bon, reliant le nord et le sud de la Tunisie.{:}","og_url":"https:\/\/www.inp2020.tn\/blog_inp\/_hammamet\/","og_site_name":"INP \u0627\u0644\u0645\u0639\u0647\u062f \u0627\u0644\u0648\u0637\u0646\u064a \u0644\u0644\u062a\u0631\u0627\u062b","article_publisher":"https:\/\/www.facebook.com\/Inp.Institut.National.Du.Patrimoine\/","og_image":[{"width":981,"height":736,"url":"http:\/\/www.inp2020.tn\/wp-content\/uploads\/2025\/11\/hammamet01-1.jpg","type":"image\/jpeg"}],"twitter_card":"summary_large_image","twitter_misc":{"\u0648\u0642\u062a \u0627\u0644\u0642\u0631\u0627\u0621\u0629 \u0627\u0644\u0645\u064f\u0642\u062f\u0651\u0631":"6 \u062f\u0642\u0627\u0626\u0642"},"schema":{"@context":"https:\/\/schema.org","@graph":[{"@type":"WebPage","@id":"https:\/\/www.inp2020.tn\/blog_inp\/_hammamet\/","url":"https:\/\/www.inp2020.tn\/blog_inp\/_hammamet\/","name":"(Fran\u00e7ais) La ville de Hammamet - INP \u0627\u0644\u0645\u0639\u0647\u062f \u0627\u0644\u0648\u0637\u0646\u064a \u0644\u0644\u062a\u0631\u0627\u062b","isPartOf":{"@id":"https:\/\/www.inp2020.tn\/#website"},"primaryImageOfPage":{"@id":"https:\/\/www.inp2020.tn\/blog_inp\/_hammamet\/#primaryimage"},"image":{"@id":"https:\/\/www.inp2020.tn\/blog_inp\/_hammamet\/#primaryimage"},"thumbnailUrl":"https:\/\/www.inp2020.tn\/wp-content\/uploads\/2025\/11\/hammamet01-1.jpg","datePublished":"2025-11-10T10:38:15+00:00","description":"{:fr}La ville de Hammamet, situ\u00e9e \u00e0 63 km au sud de Tunis, est une ville c\u00f4ti\u00e8re s'\u00e9tendant sur une \u00e9troite bande de terre entre la mer et les collines qui dominent le golfe \u00e9ponyme. Elle se trouve \u00e9galement \u00e0 un important carrefour routier, \u00e0 la fronti\u00e8re sud de la presqu'\u00eele du Cap Bon, reliant le nord et le sud de la Tunisie.{:}","breadcrumb":{"@id":"https:\/\/www.inp2020.tn\/blog_inp\/_hammamet\/#breadcrumb"},"inLanguage":"ar","potentialAction":[{"@type":"ReadAction","target":["https:\/\/www.inp2020.tn\/blog_inp\/_hammamet\/"]}]},{"@type":"ImageObject","inLanguage":"ar","@id":"https:\/\/www.inp2020.tn\/blog_inp\/_hammamet\/#primaryimage","url":"https:\/\/www.inp2020.tn\/wp-content\/uploads\/2025\/11\/hammamet01-1.jpg","contentUrl":"https:\/\/www.inp2020.tn\/wp-content\/uploads\/2025\/11\/hammamet01-1.jpg","width":981,"height":736,"caption":"hammamet"},{"@type":"BreadcrumbList","@id":"https:\/\/www.inp2020.tn\/blog_inp\/_hammamet\/#breadcrumb","itemListElement":[{"@type":"ListItem","position":1,"name":"Home","item":"https:\/\/www.inp2020.tn\/"},{"@type":"ListItem","position":2,"name":"Blog","item":"https:\/\/www.inp2020.tn\/blog_inp\/"},{"@type":"ListItem","position":3,"name":"La ville de Hammamet"}]},{"@type":"WebSite","@id":"https:\/\/www.inp2020.tn\/#website","url":"https:\/\/www.inp2020.tn\/","name":"INP \u0627\u0644\u0645\u0639\u0647\u062f \u0627\u0644\u0648\u0637\u0646\u064a \u0644\u0644\u062a\u0631\u0627\u062b","description":"\u0625\u0646 \u0639\u0644\u0645 \u0627\u0644\u0622\u062b\u0627\u0631 \u0647\u0648 \u0623\u0633\u0645\u0649 \u0623\u0646\u0648\u0627\u0639 \u0627\u0644\u0628\u062d\u0648\u062b","publisher":{"@id":"https:\/\/www.inp2020.tn\/#organization"},"potentialAction":[{"@type":"SearchAction","target":{"@type":"EntryPoint","urlTemplate":"https:\/\/www.inp2020.tn\/?s={search_term_string}"},"query-input":{"@type":"PropertyValueSpecification","valueRequired":true,"valueName":"search_term_string"}}],"inLanguage":"ar"},{"@type":"Organization","@id":"https:\/\/www.inp2020.tn\/#organization","name":"Institut National du Patrimoine - Tunisie","url":"https:\/\/www.inp2020.tn\/","logo":{"@type":"ImageObject","inLanguage":"ar","@id":"https:\/\/www.inp2020.tn\/#\/schema\/logo\/image\/","url":"http:\/\/www.inp2020.tn\/wp-content\/uploads\/2019\/12\/logo-inp-e1612522185676.jpg","contentUrl":"http:\/\/www.inp2020.tn\/wp-content\/uploads\/2019\/12\/logo-inp-e1612522185676.jpg","width":75,"height":75,"caption":"Institut National du Patrimoine - Tunisie"},"image":{"@id":"https:\/\/www.inp2020.tn\/#\/schema\/logo\/image\/"},"sameAs":["https:\/\/www.facebook.com\/Inp.Institut.National.Du.Patrimoine\/"]}]}},"_links":{"self":[{"href":"https:\/\/www.inp2020.tn\/ar\/wp-json\/wp\/v2\/pages\/13792","targetHints":{"allow":["GET"]}}],"collection":[{"href":"https:\/\/www.inp2020.tn\/ar\/wp-json\/wp\/v2\/pages"}],"about":[{"href":"https:\/\/www.inp2020.tn\/ar\/wp-json\/wp\/v2\/types\/page"}],"author":[{"embeddable":true,"href":"https:\/\/www.inp2020.tn\/ar\/wp-json\/wp\/v2\/users\/1"}],"replies":[{"embeddable":true,"href":"https:\/\/www.inp2020.tn\/ar\/wp-json\/wp\/v2\/comments?post=13792"}],"version-history":[{"count":6,"href":"https:\/\/www.inp2020.tn\/ar\/wp-json\/wp\/v2\/pages\/13792\/revisions"}],"predecessor-version":[{"id":13801,"href":"https:\/\/www.inp2020.tn\/ar\/wp-json\/wp\/v2\/pages\/13792\/revisions\/13801"}],"up":[{"embeddable":true,"href":"https:\/\/www.inp2020.tn\/ar\/wp-json\/wp\/v2\/pages\/228"}],"wp:featuredmedia":[{"embeddable":true,"href":"https:\/\/www.inp2020.tn\/ar\/wp-json\/wp\/v2\/media\/13796"}],"wp:attachment":[{"href":"https:\/\/www.inp2020.tn\/ar\/wp-json\/wp\/v2\/media?parent=13792"}],"curies":[{"name":"wp","href":"https:\/\/api.w.org\/{rel}","templated":true}]}}