{"id":13802,"date":"2025-11-10T12:13:45","date_gmt":"2025-11-10T11:13:45","guid":{"rendered":"https:\/\/www.inp2020.tn\/?page_id=13802"},"modified":"2025-11-10T12:14:28","modified_gmt":"2025-11-10T11:14:28","slug":"_sidi-rais","status":"publish","type":"page","link":"https:\/\/www.inp2020.tn\/ar\/blog_inp\/_sidi-rais\/","title":{"rendered":"(Fran\u00e7ais) Le site arch\u00e9ologique de Sidi Ra\u00efs (Carpis)"},"content":{"rendered":"\u0639\u0641\u0648\u0627\u060c \u0647\u0630\u0647 \u0627\u0644\u0645\u062f\u062e\u0644\u0629 \u0645\u0648\u062c\u0648\u062f\u0629 \u0641\u0642\u0637 \u0641\u064a Fran\u00e7ais. <a href=\"https:\/\/www.inp2020.tn\/ar\/blog_inp\/_sidi-rais\/\" class=\"more-link\">(\u0627\u0644\u0645\u0632\u064a\u062f&hellip;)<\/a>","protected":false},"excerpt":{"rendered":"<p>\u0639\u0641\u0648\u0627\u060c \u0647\u0630\u0647 \u0627\u0644\u0645\u062f\u062e\u0644\u0629 \u0645\u0648\u062c\u0648\u062f\u0629 \u0641\u0642\u0637 \u0641\u064a Fran\u00e7ais. (\u0627\u0644\u0645\u0632\u064a\u062f&hellip;)<\/p>\n","protected":false},"author":1,"featured_media":13806,"parent":228,"menu_order":6,"comment_status":"closed","ping_status":"closed","template":"","meta":{"_uf_show_specific_survey":0,"_uf_disable_surveys":false,"footnotes":""},"class_list":["post-13802","page","type-page","status-publish","has-post-thumbnail","hentry"],"yoast_head":"<!-- This site is optimized with the Yoast SEO plugin v27.5 - https:\/\/yoast.com\/product\/yoast-seo-wordpress\/ -->\n<title>(Fran\u00e7ais) Le site arch\u00e9ologique de Sidi Ra\u00efs (Carpis) - INP \u0627\u0644\u0645\u0639\u0647\u062f \u0627\u0644\u0648\u0637\u0646\u064a \u0644\u0644\u062a\u0631\u0627\u062b<\/title>\n<meta name=\"description\" content=\"(Fran\u00e7ais) Carpis est un site arch\u00e9ologique d\u2019un grand int\u00e9r\u00eat, situ\u00e9 \u00e0 Mrissa, dans le Cap Bon, au sud-est du golfe de Tunis. Le site couvre une superficie d\u2019environ 13 hectares et se trouve \u00e0 proximit\u00e9 de la plaine de Soliman ainsi que des premiers escarpements du Jebel Korbous, notamment le Jebel Mra\u00efssa et Sidi Ra\u00efs.\" \/>\n<meta name=\"robots\" content=\"index, follow, max-snippet:-1, max-image-preview:large, max-video-preview:-1\" \/>\n<link rel=\"canonical\" href=\"https:\/\/www.inp2020.tn\/blog_inp\/_sidi-rais\/\" \/>\n<meta property=\"og:locale\" content=\"ar_AR\" \/>\n<meta property=\"og:type\" content=\"article\" \/>\n<meta property=\"og:title\" content=\"(Fran\u00e7ais) Le site arch\u00e9ologique de Sidi Ra\u00efs (Carpis) - INP \u0627\u0644\u0645\u0639\u0647\u062f \u0627\u0644\u0648\u0637\u0646\u064a \u0644\u0644\u062a\u0631\u0627\u062b\" \/>\n<meta property=\"og:description\" content=\"{:fr}Carpis est un site arch\u00e9ologique d\u2019un grand int\u00e9r\u00eat, situ\u00e9 \u00e0 Mrissa, dans le Cap Bon, au sud-est du golfe de Tunis. Le site couvre une superficie d\u2019environ 13 hectares et se trouve \u00e0 proximit\u00e9 de la plaine de Soliman ainsi que des premiers escarpements du Jebel Korbous, notamment le Jebel Mra\u00efssa et Sidi Ra\u00efs.{:}\" \/>\n<meta property=\"og:url\" content=\"https:\/\/www.inp2020.tn\/blog_inp\/_sidi-rais\/\" \/>\n<meta property=\"og:site_name\" content=\"INP \u0627\u0644\u0645\u0639\u0647\u062f \u0627\u0644\u0648\u0637\u0646\u064a \u0644\u0644\u062a\u0631\u0627\u062b\" \/>\n<meta property=\"article:publisher\" content=\"https:\/\/www.facebook.com\/Inp.Institut.National.Du.Patrimoine\/\" \/>\n<meta property=\"article:modified_time\" content=\"2025-11-10T11:14:28+00:00\" \/>\n<meta property=\"og:image\" content=\"http:\/\/www.inp2020.tn\/wp-content\/uploads\/2025\/11\/sidirais-1.jpg\" \/>\n\t<meta property=\"og:image:width\" content=\"661\" \/>\n\t<meta property=\"og:image:height\" content=\"498\" \/>\n\t<meta property=\"og:image:type\" content=\"image\/jpeg\" \/>\n<meta name=\"twitter:card\" content=\"summary_large_image\" \/>\n<meta name=\"twitter:label1\" content=\"\u0648\u0642\u062a \u0627\u0644\u0642\u0631\u0627\u0621\u0629 \u0627\u0644\u0645\u064f\u0642\u062f\u0651\u0631\" \/>\n\t<meta name=\"twitter:data1\" content=\"6 \u062f\u0642\u0627\u0626\u0642\" \/>\n<script type=\"application\/ld+json\" class=\"yoast-schema-graph\">{\"@context\":\"https:\\\/\\\/schema.org\",\"@graph\":[{\"@type\":\"WebPage\",\"@id\":\"https:\\\/\\\/www.inp2020.tn\\\/blog_inp\\\/_sidi-rais\\\/\",\"url\":\"https:\\\/\\\/www.inp2020.tn\\\/blog_inp\\\/_sidi-rais\\\/\",\"name\":\"(Fran\u00e7ais) Le site arch\u00e9ologique de Sidi Ra\u00efs (Carpis) - INP \u0627\u0644\u0645\u0639\u0647\u062f \u0627\u0644\u0648\u0637\u0646\u064a \u0644\u0644\u062a\u0631\u0627\u062b\",\"isPartOf\":{\"@id\":\"https:\\\/\\\/www.inp2020.tn\\\/#website\"},\"primaryImageOfPage\":{\"@id\":\"https:\\\/\\\/www.inp2020.tn\\\/blog_inp\\\/_sidi-rais\\\/#primaryimage\"},\"image\":{\"@id\":\"https:\\\/\\\/www.inp2020.tn\\\/blog_inp\\\/_sidi-rais\\\/#primaryimage\"},\"thumbnailUrl\":\"https:\\\/\\\/www.inp2020.tn\\\/wp-content\\\/uploads\\\/2025\\\/11\\\/sidirais-1.jpg\",\"datePublished\":\"2025-11-10T11:13:45+00:00\",\"dateModified\":\"2025-11-10T11:14:28+00:00\",\"description\":\"{:fr}Carpis est un site arch\u00e9ologique d\u2019un grand int\u00e9r\u00eat, situ\u00e9 \u00e0 Mrissa, dans le Cap Bon, au sud-est du golfe de Tunis. Le site couvre une superficie d\u2019environ 13 hectares et se trouve \u00e0 proximit\u00e9 de la plaine de Soliman ainsi que des premiers escarpements du Jebel Korbous, notamment le Jebel Mra\u00efssa et Sidi Ra\u00efs.{:}\",\"breadcrumb\":{\"@id\":\"https:\\\/\\\/www.inp2020.tn\\\/blog_inp\\\/_sidi-rais\\\/#breadcrumb\"},\"inLanguage\":\"ar\",\"potentialAction\":[{\"@type\":\"ReadAction\",\"target\":[\"https:\\\/\\\/www.inp2020.tn\\\/blog_inp\\\/_sidi-rais\\\/\"]}]},{\"@type\":\"ImageObject\",\"inLanguage\":\"ar\",\"@id\":\"https:\\\/\\\/www.inp2020.tn\\\/blog_inp\\\/_sidi-rais\\\/#primaryimage\",\"url\":\"https:\\\/\\\/www.inp2020.tn\\\/wp-content\\\/uploads\\\/2025\\\/11\\\/sidirais-1.jpg\",\"contentUrl\":\"https:\\\/\\\/www.inp2020.tn\\\/wp-content\\\/uploads\\\/2025\\\/11\\\/sidirais-1.jpg\",\"width\":661,\"height\":498,\"caption\":\"Le site arch\u00e9ologique de Sidi Ra\u00efs (Carpis)\"},{\"@type\":\"BreadcrumbList\",\"@id\":\"https:\\\/\\\/www.inp2020.tn\\\/blog_inp\\\/_sidi-rais\\\/#breadcrumb\",\"itemListElement\":[{\"@type\":\"ListItem\",\"position\":1,\"name\":\"Home\",\"item\":\"https:\\\/\\\/www.inp2020.tn\\\/\"},{\"@type\":\"ListItem\",\"position\":2,\"name\":\"Blog\",\"item\":\"https:\\\/\\\/www.inp2020.tn\\\/blog_inp\\\/\"},{\"@type\":\"ListItem\",\"position\":3,\"name\":\"Le site arch\u00e9ologique de Sidi Ra\u00efs (Carpis)\"}]},{\"@type\":\"WebSite\",\"@id\":\"https:\\\/\\\/www.inp2020.tn\\\/#website\",\"url\":\"https:\\\/\\\/www.inp2020.tn\\\/\",\"name\":\"INP \u0627\u0644\u0645\u0639\u0647\u062f \u0627\u0644\u0648\u0637\u0646\u064a \u0644\u0644\u062a\u0631\u0627\u062b\",\"description\":\"\u0625\u0646 \u0639\u0644\u0645 \u0627\u0644\u0622\u062b\u0627\u0631 \u0647\u0648 \u0623\u0633\u0645\u0649 \u0623\u0646\u0648\u0627\u0639 \u0627\u0644\u0628\u062d\u0648\u062b\",\"publisher\":{\"@id\":\"https:\\\/\\\/www.inp2020.tn\\\/#organization\"},\"potentialAction\":[{\"@type\":\"SearchAction\",\"target\":{\"@type\":\"EntryPoint\",\"urlTemplate\":\"https:\\\/\\\/www.inp2020.tn\\\/?s={search_term_string}\"},\"query-input\":{\"@type\":\"PropertyValueSpecification\",\"valueRequired\":true,\"valueName\":\"search_term_string\"}}],\"inLanguage\":\"ar\"},{\"@type\":\"Organization\",\"@id\":\"https:\\\/\\\/www.inp2020.tn\\\/#organization\",\"name\":\"Institut National du Patrimoine - Tunisie\",\"url\":\"https:\\\/\\\/www.inp2020.tn\\\/\",\"logo\":{\"@type\":\"ImageObject\",\"inLanguage\":\"ar\",\"@id\":\"https:\\\/\\\/www.inp2020.tn\\\/#\\\/schema\\\/logo\\\/image\\\/\",\"url\":\"http:\\\/\\\/www.inp2020.tn\\\/wp-content\\\/uploads\\\/2019\\\/12\\\/logo-inp-e1612522185676.jpg\",\"contentUrl\":\"http:\\\/\\\/www.inp2020.tn\\\/wp-content\\\/uploads\\\/2019\\\/12\\\/logo-inp-e1612522185676.jpg\",\"width\":75,\"height\":75,\"caption\":\"Institut National du Patrimoine - Tunisie\"},\"image\":{\"@id\":\"https:\\\/\\\/www.inp2020.tn\\\/#\\\/schema\\\/logo\\\/image\\\/\"},\"sameAs\":[\"https:\\\/\\\/www.facebook.com\\\/Inp.Institut.National.Du.Patrimoine\\\/\"]}]}<\/script>\n<!-- \/ Yoast SEO plugin. -->","yoast_head_json":{"title":"(Fran\u00e7ais) Le site arch\u00e9ologique de Sidi Ra\u00efs (Carpis) - INP \u0627\u0644\u0645\u0639\u0647\u062f \u0627\u0644\u0648\u0637\u0646\u064a \u0644\u0644\u062a\u0631\u0627\u062b","description":"(Fran\u00e7ais) Carpis est un site arch\u00e9ologique d\u2019un grand int\u00e9r\u00eat, situ\u00e9 \u00e0 Mrissa, dans le Cap Bon, au sud-est du golfe de Tunis. Le site couvre une superficie d\u2019environ 13 hectares et se trouve \u00e0 proximit\u00e9 de la plaine de Soliman ainsi que des premiers escarpements du Jebel Korbous, notamment le Jebel Mra\u00efssa et Sidi Ra\u00efs.","robots":{"index":"index","follow":"follow","max-snippet":"max-snippet:-1","max-image-preview":"max-image-preview:large","max-video-preview":"max-video-preview:-1"},"canonical":"https:\/\/www.inp2020.tn\/blog_inp\/_sidi-rais\/","og_locale":"ar_AR","og_type":"article","og_title":"(Fran\u00e7ais) Le site arch\u00e9ologique de Sidi Ra\u00efs (Carpis) - INP \u0627\u0644\u0645\u0639\u0647\u062f \u0627\u0644\u0648\u0637\u0646\u064a \u0644\u0644\u062a\u0631\u0627\u062b","og_description":"{:fr}Carpis est un site arch\u00e9ologique d\u2019un grand int\u00e9r\u00eat, situ\u00e9 \u00e0 Mrissa, dans le Cap Bon, au sud-est du golfe de Tunis. Le site couvre une superficie d\u2019environ 13 hectares et se trouve \u00e0 proximit\u00e9 de la plaine de Soliman ainsi que des premiers escarpements du Jebel Korbous, notamment le Jebel Mra\u00efssa et Sidi Ra\u00efs.{:}","og_url":"https:\/\/www.inp2020.tn\/blog_inp\/_sidi-rais\/","og_site_name":"INP \u0627\u0644\u0645\u0639\u0647\u062f \u0627\u0644\u0648\u0637\u0646\u064a \u0644\u0644\u062a\u0631\u0627\u062b","article_publisher":"https:\/\/www.facebook.com\/Inp.Institut.National.Du.Patrimoine\/","article_modified_time":"2025-11-10T11:14:28+00:00","og_image":[{"width":661,"height":498,"url":"http:\/\/www.inp2020.tn\/wp-content\/uploads\/2025\/11\/sidirais-1.jpg","type":"image\/jpeg"}],"twitter_card":"summary_large_image","twitter_misc":{"\u0648\u0642\u062a \u0627\u0644\u0642\u0631\u0627\u0621\u0629 \u0627\u0644\u0645\u064f\u0642\u062f\u0651\u0631":"6 \u062f\u0642\u0627\u0626\u0642"},"schema":{"@context":"https:\/\/schema.org","@graph":[{"@type":"WebPage","@id":"https:\/\/www.inp2020.tn\/blog_inp\/_sidi-rais\/","url":"https:\/\/www.inp2020.tn\/blog_inp\/_sidi-rais\/","name":"(Fran\u00e7ais) Le site arch\u00e9ologique de Sidi Ra\u00efs (Carpis) - INP \u0627\u0644\u0645\u0639\u0647\u062f \u0627\u0644\u0648\u0637\u0646\u064a \u0644\u0644\u062a\u0631\u0627\u062b","isPartOf":{"@id":"https:\/\/www.inp2020.tn\/#website"},"primaryImageOfPage":{"@id":"https:\/\/www.inp2020.tn\/blog_inp\/_sidi-rais\/#primaryimage"},"image":{"@id":"https:\/\/www.inp2020.tn\/blog_inp\/_sidi-rais\/#primaryimage"},"thumbnailUrl":"https:\/\/www.inp2020.tn\/wp-content\/uploads\/2025\/11\/sidirais-1.jpg","datePublished":"2025-11-10T11:13:45+00:00","dateModified":"2025-11-10T11:14:28+00:00","description":"{:fr}Carpis est un site arch\u00e9ologique d\u2019un grand int\u00e9r\u00eat, situ\u00e9 \u00e0 Mrissa, dans le Cap Bon, au sud-est du golfe de Tunis. Le site couvre une superficie d\u2019environ 13 hectares et se trouve \u00e0 proximit\u00e9 de la plaine de Soliman ainsi que des premiers escarpements du Jebel Korbous, notamment le Jebel Mra\u00efssa et Sidi Ra\u00efs.{:}","breadcrumb":{"@id":"https:\/\/www.inp2020.tn\/blog_inp\/_sidi-rais\/#breadcrumb"},"inLanguage":"ar","potentialAction":[{"@type":"ReadAction","target":["https:\/\/www.inp2020.tn\/blog_inp\/_sidi-rais\/"]}]},{"@type":"ImageObject","inLanguage":"ar","@id":"https:\/\/www.inp2020.tn\/blog_inp\/_sidi-rais\/#primaryimage","url":"https:\/\/www.inp2020.tn\/wp-content\/uploads\/2025\/11\/sidirais-1.jpg","contentUrl":"https:\/\/www.inp2020.tn\/wp-content\/uploads\/2025\/11\/sidirais-1.jpg","width":661,"height":498,"caption":"Le site arch\u00e9ologique de Sidi Ra\u00efs (Carpis)"},{"@type":"BreadcrumbList","@id":"https:\/\/www.inp2020.tn\/blog_inp\/_sidi-rais\/#breadcrumb","itemListElement":[{"@type":"ListItem","position":1,"name":"Home","item":"https:\/\/www.inp2020.tn\/"},{"@type":"ListItem","position":2,"name":"Blog","item":"https:\/\/www.inp2020.tn\/blog_inp\/"},{"@type":"ListItem","position":3,"name":"Le site arch\u00e9ologique de Sidi Ra\u00efs (Carpis)"}]},{"@type":"WebSite","@id":"https:\/\/www.inp2020.tn\/#website","url":"https:\/\/www.inp2020.tn\/","name":"INP \u0627\u0644\u0645\u0639\u0647\u062f \u0627\u0644\u0648\u0637\u0646\u064a \u0644\u0644\u062a\u0631\u0627\u062b","description":"\u0625\u0646 \u0639\u0644\u0645 \u0627\u0644\u0622\u062b\u0627\u0631 \u0647\u0648 \u0623\u0633\u0645\u0649 \u0623\u0646\u0648\u0627\u0639 \u0627\u0644\u0628\u062d\u0648\u062b","publisher":{"@id":"https:\/\/www.inp2020.tn\/#organization"},"potentialAction":[{"@type":"SearchAction","target":{"@type":"EntryPoint","urlTemplate":"https:\/\/www.inp2020.tn\/?s={search_term_string}"},"query-input":{"@type":"PropertyValueSpecification","valueRequired":true,"valueName":"search_term_string"}}],"inLanguage":"ar"},{"@type":"Organization","@id":"https:\/\/www.inp2020.tn\/#organization","name":"Institut National du Patrimoine - Tunisie","url":"https:\/\/www.inp2020.tn\/","logo":{"@type":"ImageObject","inLanguage":"ar","@id":"https:\/\/www.inp2020.tn\/#\/schema\/logo\/image\/","url":"http:\/\/www.inp2020.tn\/wp-content\/uploads\/2019\/12\/logo-inp-e1612522185676.jpg","contentUrl":"http:\/\/www.inp2020.tn\/wp-content\/uploads\/2019\/12\/logo-inp-e1612522185676.jpg","width":75,"height":75,"caption":"Institut National du Patrimoine - Tunisie"},"image":{"@id":"https:\/\/www.inp2020.tn\/#\/schema\/logo\/image\/"},"sameAs":["https:\/\/www.facebook.com\/Inp.Institut.National.Du.Patrimoine\/"]}]}},"_links":{"self":[{"href":"https:\/\/www.inp2020.tn\/ar\/wp-json\/wp\/v2\/pages\/13802","targetHints":{"allow":["GET"]}}],"collection":[{"href":"https:\/\/www.inp2020.tn\/ar\/wp-json\/wp\/v2\/pages"}],"about":[{"href":"https:\/\/www.inp2020.tn\/ar\/wp-json\/wp\/v2\/types\/page"}],"author":[{"embeddable":true,"href":"https:\/\/www.inp2020.tn\/ar\/wp-json\/wp\/v2\/users\/1"}],"replies":[{"embeddable":true,"href":"https:\/\/www.inp2020.tn\/ar\/wp-json\/wp\/v2\/comments?post=13802"}],"version-history":[{"count":7,"href":"https:\/\/www.inp2020.tn\/ar\/wp-json\/wp\/v2\/pages\/13802\/revisions"}],"predecessor-version":[{"id":13817,"href":"https:\/\/www.inp2020.tn\/ar\/wp-json\/wp\/v2\/pages\/13802\/revisions\/13817"}],"up":[{"embeddable":true,"href":"https:\/\/www.inp2020.tn\/ar\/wp-json\/wp\/v2\/pages\/228"}],"wp:featuredmedia":[{"embeddable":true,"href":"https:\/\/www.inp2020.tn\/ar\/wp-json\/wp\/v2\/media\/13806"}],"wp:attachment":[{"href":"https:\/\/www.inp2020.tn\/ar\/wp-json\/wp\/v2\/media?parent=13802"}],"curies":[{"name":"wp","href":"https:\/\/api.w.org\/{rel}","templated":true}]}}