{"id":1865,"date":"2020-05-12T12:39:09","date_gmt":"2020-05-12T10:39:09","guid":{"rendered":"http:\/\/www.inp2020.tn\/?page_id=1865"},"modified":"2021-02-09T13:02:30","modified_gmt":"2021-02-09T12:02:30","slug":"base-de-donnees-inventaire-du-patrimoine-archeologique-historique-et-ethnographique-tunisien","status":"publish","type":"page","link":"https:\/\/www.inp2020.tn\/ar\/projets\/base-de-donnees-inventaire-du-patrimoine-archeologique-historique-et-ethnographique-tunisien\/","title":{"rendered":"(Fran\u00e7ais) Base de donn\u00e9es Inventaire du patrimoine arch\u00e9ologique, historique et ethnographique tunisien"},"content":{"rendered":"\u0639\u0641\u0648\u0627\u060c \u0647\u0630\u0647 \u0627\u0644\u0645\u062f\u062e\u0644\u0629 \u0645\u0648\u062c\u0648\u062f\u0629 \u0641\u0642\u0637 \u0641\u064a Fran\u00e7ais. <a href=\"https:\/\/www.inp2020.tn\/ar\/projets\/base-de-donnees-inventaire-du-patrimoine-archeologique-historique-et-ethnographique-tunisien\/\" class=\"more-link\">(\u0627\u0644\u0645\u0632\u064a\u062f&hellip;)<\/a>","protected":false},"excerpt":{"rendered":"<p>\u0639\u0641\u0648\u0627\u060c \u0647\u0630\u0647 \u0627\u0644\u0645\u062f\u062e\u0644\u0629 \u0645\u0648\u062c\u0648\u062f\u0629 \u0641\u0642\u0637 \u0641\u064a Fran\u00e7ais. (\u0627\u0644\u0645\u0632\u064a\u062f&hellip;)<\/p>\n","protected":false},"author":1,"featured_media":0,"parent":931,"menu_order":24,"comment_status":"closed","ping_status":"closed","template":"","meta":{"_uf_show_specific_survey":0,"_uf_disable_surveys":false,"footnotes":""},"class_list":["post-1865","page","type-page","status-publish","hentry"],"yoast_head":"<!-- This site is optimized with the Yoast SEO plugin v27.5 - https:\/\/yoast.com\/product\/yoast-seo-wordpress\/ -->\n<title>(Fran\u00e7ais) Base de donn\u00e9es Inventaire du patrimoine arch\u00e9ologique, historique et ethnographique tunisien - INP \u0627\u0644\u0645\u0639\u0647\u062f \u0627\u0644\u0648\u0637\u0646\u064a \u0644\u0644\u062a\u0631\u0627\u062b<\/title>\n<meta name=\"description\" content=\"(Fran\u00e7ais) Base de donn\u00e9es Inventaire du patrimoine arch\u00e9ologique, historique et ethnographique tunisien\" \/>\n<meta name=\"robots\" content=\"index, follow, max-snippet:-1, max-image-preview:large, max-video-preview:-1\" \/>\n<link rel=\"canonical\" href=\"https:\/\/www.inp2020.tn\/en\/projets\/base-de-donnees-inventaire-du-patrimoine-archeologique-historique-et-ethnographique-tunisien\/\" \/>\n<meta property=\"og:locale\" content=\"ar_AR\" \/>\n<meta property=\"og:type\" content=\"article\" \/>\n<meta property=\"og:title\" content=\"(Fran\u00e7ais) Base de donn\u00e9es Inventaire du patrimoine arch\u00e9ologique, historique et ethnographique tunisien - INP \u0627\u0644\u0645\u0639\u0647\u062f \u0627\u0644\u0648\u0637\u0646\u064a \u0644\u0644\u062a\u0631\u0627\u062b\" \/>\n<meta property=\"og:description\" content=\"(Fran\u00e7ais) Base de donn\u00e9es Inventaire du patrimoine arch\u00e9ologique, historique et ethnographique tunisien\" \/>\n<meta property=\"og:url\" content=\"https:\/\/www.inp2020.tn\/en\/projets\/base-de-donnees-inventaire-du-patrimoine-archeologique-historique-et-ethnographique-tunisien\/\" \/>\n<meta property=\"og:site_name\" content=\"INP \u0627\u0644\u0645\u0639\u0647\u062f \u0627\u0644\u0648\u0637\u0646\u064a \u0644\u0644\u062a\u0631\u0627\u062b\" \/>\n<meta property=\"article:publisher\" content=\"https:\/\/www.facebook.com\/Inp.Institut.National.Du.Patrimoine\/\" \/>\n<meta property=\"article:modified_time\" content=\"2021-02-09T12:02:30+00:00\" \/>\n<meta property=\"og:image\" content=\"http:\/\/www.inp2020.tn\/inventaire\/fiche_site.jpg\" \/>\n<meta name=\"twitter:card\" content=\"summary_large_image\" \/>\n<meta name=\"twitter:label1\" content=\"\u0648\u0642\u062a \u0627\u0644\u0642\u0631\u0627\u0621\u0629 \u0627\u0644\u0645\u064f\u0642\u062f\u0651\u0631\" \/>\n\t<meta name=\"twitter:data1\" content=\"\u062f\u0642\u064a\u0642\u0629 \u0648\u0627\u062d\u062f\u0629\" \/>\n<script type=\"application\/ld+json\" class=\"yoast-schema-graph\">{\"@context\":\"https:\\\/\\\/schema.org\",\"@graph\":[{\"@type\":\"WebPage\",\"@id\":\"https:\\\/\\\/www.inp2020.tn\\\/en\\\/projets\\\/base-de-donnees-inventaire-du-patrimoine-archeologique-historique-et-ethnographique-tunisien\\\/\",\"url\":\"https:\\\/\\\/www.inp2020.tn\\\/en\\\/projets\\\/base-de-donnees-inventaire-du-patrimoine-archeologique-historique-et-ethnographique-tunisien\\\/\",\"name\":\"(Fran\u00e7ais) Base de donn\u00e9es Inventaire du patrimoine arch\u00e9ologique, historique et ethnographique tunisien - INP \u0627\u0644\u0645\u0639\u0647\u062f \u0627\u0644\u0648\u0637\u0646\u064a \u0644\u0644\u062a\u0631\u0627\u062b\",\"isPartOf\":{\"@id\":\"https:\\\/\\\/www.inp2020.tn\\\/#website\"},\"primaryImageOfPage\":{\"@id\":\"https:\\\/\\\/www.inp2020.tn\\\/en\\\/projets\\\/base-de-donnees-inventaire-du-patrimoine-archeologique-historique-et-ethnographique-tunisien\\\/#primaryimage\"},\"image\":{\"@id\":\"https:\\\/\\\/www.inp2020.tn\\\/en\\\/projets\\\/base-de-donnees-inventaire-du-patrimoine-archeologique-historique-et-ethnographique-tunisien\\\/#primaryimage\"},\"thumbnailUrl\":\"http:\\\/\\\/www.inp2020.tn\\\/inventaire\\\/fiche_site.jpg\",\"datePublished\":\"2020-05-12T10:39:09+00:00\",\"dateModified\":\"2021-02-09T12:02:30+00:00\",\"description\":\"(Fran\u00e7ais) Base de donn\u00e9es Inventaire du patrimoine arch\u00e9ologique, historique et ethnographique tunisien\",\"breadcrumb\":{\"@id\":\"https:\\\/\\\/www.inp2020.tn\\\/en\\\/projets\\\/base-de-donnees-inventaire-du-patrimoine-archeologique-historique-et-ethnographique-tunisien\\\/#breadcrumb\"},\"inLanguage\":\"ar\",\"potentialAction\":[{\"@type\":\"ReadAction\",\"target\":[\"https:\\\/\\\/www.inp2020.tn\\\/en\\\/projets\\\/base-de-donnees-inventaire-du-patrimoine-archeologique-historique-et-ethnographique-tunisien\\\/\"]}]},{\"@type\":\"ImageObject\",\"inLanguage\":\"ar\",\"@id\":\"https:\\\/\\\/www.inp2020.tn\\\/en\\\/projets\\\/base-de-donnees-inventaire-du-patrimoine-archeologique-historique-et-ethnographique-tunisien\\\/#primaryimage\",\"url\":\"http:\\\/\\\/www.inp2020.tn\\\/inventaire\\\/fiche_site.jpg\",\"contentUrl\":\"http:\\\/\\\/www.inp2020.tn\\\/inventaire\\\/fiche_site.jpg\"},{\"@type\":\"BreadcrumbList\",\"@id\":\"https:\\\/\\\/www.inp2020.tn\\\/en\\\/projets\\\/base-de-donnees-inventaire-du-patrimoine-archeologique-historique-et-ethnographique-tunisien\\\/#breadcrumb\",\"itemListElement\":[{\"@type\":\"ListItem\",\"position\":1,\"name\":\"Home\",\"item\":\"https:\\\/\\\/www.inp2020.tn\\\/\"},{\"@type\":\"ListItem\",\"position\":2,\"name\":\"\u0627\u0644\u0645\u0634\u0627\u0631\u064a\u0639\",\"item\":\"https:\\\/\\\/www.inp2020.tn\\\/ar\\\/projets\\\/\"},{\"@type\":\"ListItem\",\"position\":3,\"name\":\"(Fran\u00e7ais) Base de donn\u00e9es Inventaire du patrimoine arch\u00e9ologique, historique et ethnographique tunisien\"}]},{\"@type\":\"WebSite\",\"@id\":\"https:\\\/\\\/www.inp2020.tn\\\/#website\",\"url\":\"https:\\\/\\\/www.inp2020.tn\\\/\",\"name\":\"INP \u0627\u0644\u0645\u0639\u0647\u062f \u0627\u0644\u0648\u0637\u0646\u064a \u0644\u0644\u062a\u0631\u0627\u062b\",\"description\":\"\u0625\u0646 \u0639\u0644\u0645 \u0627\u0644\u0622\u062b\u0627\u0631 \u0647\u0648 \u0623\u0633\u0645\u0649 \u0623\u0646\u0648\u0627\u0639 \u0627\u0644\u0628\u062d\u0648\u062b\",\"publisher\":{\"@id\":\"https:\\\/\\\/www.inp2020.tn\\\/#organization\"},\"potentialAction\":[{\"@type\":\"SearchAction\",\"target\":{\"@type\":\"EntryPoint\",\"urlTemplate\":\"https:\\\/\\\/www.inp2020.tn\\\/?s={search_term_string}\"},\"query-input\":{\"@type\":\"PropertyValueSpecification\",\"valueRequired\":true,\"valueName\":\"search_term_string\"}}],\"inLanguage\":\"ar\"},{\"@type\":\"Organization\",\"@id\":\"https:\\\/\\\/www.inp2020.tn\\\/#organization\",\"name\":\"Institut National du Patrimoine - Tunisie\",\"url\":\"https:\\\/\\\/www.inp2020.tn\\\/\",\"logo\":{\"@type\":\"ImageObject\",\"inLanguage\":\"ar\",\"@id\":\"https:\\\/\\\/www.inp2020.tn\\\/#\\\/schema\\\/logo\\\/image\\\/\",\"url\":\"http:\\\/\\\/www.inp2020.tn\\\/wp-content\\\/uploads\\\/2019\\\/12\\\/logo-inp-e1612522185676.jpg\",\"contentUrl\":\"http:\\\/\\\/www.inp2020.tn\\\/wp-content\\\/uploads\\\/2019\\\/12\\\/logo-inp-e1612522185676.jpg\",\"width\":75,\"height\":75,\"caption\":\"Institut National du Patrimoine - Tunisie\"},\"image\":{\"@id\":\"https:\\\/\\\/www.inp2020.tn\\\/#\\\/schema\\\/logo\\\/image\\\/\"},\"sameAs\":[\"https:\\\/\\\/www.facebook.com\\\/Inp.Institut.National.Du.Patrimoine\\\/\"]}]}<\/script>\n<!-- \/ Yoast SEO plugin. -->","yoast_head_json":{"title":"(Fran\u00e7ais) Base de donn\u00e9es Inventaire du patrimoine arch\u00e9ologique, historique et ethnographique tunisien - INP \u0627\u0644\u0645\u0639\u0647\u062f \u0627\u0644\u0648\u0637\u0646\u064a \u0644\u0644\u062a\u0631\u0627\u062b","description":"(Fran\u00e7ais) Base de donn\u00e9es Inventaire du patrimoine arch\u00e9ologique, historique et ethnographique tunisien","robots":{"index":"index","follow":"follow","max-snippet":"max-snippet:-1","max-image-preview":"max-image-preview:large","max-video-preview":"max-video-preview:-1"},"canonical":"https:\/\/www.inp2020.tn\/en\/projets\/base-de-donnees-inventaire-du-patrimoine-archeologique-historique-et-ethnographique-tunisien\/","og_locale":"ar_AR","og_type":"article","og_title":"(Fran\u00e7ais) Base de donn\u00e9es Inventaire du patrimoine arch\u00e9ologique, historique et ethnographique tunisien - INP \u0627\u0644\u0645\u0639\u0647\u062f \u0627\u0644\u0648\u0637\u0646\u064a \u0644\u0644\u062a\u0631\u0627\u062b","og_description":"(Fran\u00e7ais) Base de donn\u00e9es Inventaire du patrimoine arch\u00e9ologique, historique et ethnographique tunisien","og_url":"https:\/\/www.inp2020.tn\/en\/projets\/base-de-donnees-inventaire-du-patrimoine-archeologique-historique-et-ethnographique-tunisien\/","og_site_name":"INP \u0627\u0644\u0645\u0639\u0647\u062f \u0627\u0644\u0648\u0637\u0646\u064a \u0644\u0644\u062a\u0631\u0627\u062b","article_publisher":"https:\/\/www.facebook.com\/Inp.Institut.National.Du.Patrimoine\/","article_modified_time":"2021-02-09T12:02:30+00:00","og_image":[{"url":"http:\/\/www.inp2020.tn\/inventaire\/fiche_site.jpg","type":"","width":"","height":""}],"twitter_card":"summary_large_image","twitter_misc":{"\u0648\u0642\u062a \u0627\u0644\u0642\u0631\u0627\u0621\u0629 \u0627\u0644\u0645\u064f\u0642\u062f\u0651\u0631":"\u062f\u0642\u064a\u0642\u0629 \u0648\u0627\u062d\u062f\u0629"},"schema":{"@context":"https:\/\/schema.org","@graph":[{"@type":"WebPage","@id":"https:\/\/www.inp2020.tn\/en\/projets\/base-de-donnees-inventaire-du-patrimoine-archeologique-historique-et-ethnographique-tunisien\/","url":"https:\/\/www.inp2020.tn\/en\/projets\/base-de-donnees-inventaire-du-patrimoine-archeologique-historique-et-ethnographique-tunisien\/","name":"(Fran\u00e7ais) Base de donn\u00e9es Inventaire du patrimoine arch\u00e9ologique, historique et ethnographique tunisien - INP \u0627\u0644\u0645\u0639\u0647\u062f \u0627\u0644\u0648\u0637\u0646\u064a \u0644\u0644\u062a\u0631\u0627\u062b","isPartOf":{"@id":"https:\/\/www.inp2020.tn\/#website"},"primaryImageOfPage":{"@id":"https:\/\/www.inp2020.tn\/en\/projets\/base-de-donnees-inventaire-du-patrimoine-archeologique-historique-et-ethnographique-tunisien\/#primaryimage"},"image":{"@id":"https:\/\/www.inp2020.tn\/en\/projets\/base-de-donnees-inventaire-du-patrimoine-archeologique-historique-et-ethnographique-tunisien\/#primaryimage"},"thumbnailUrl":"http:\/\/www.inp2020.tn\/inventaire\/fiche_site.jpg","datePublished":"2020-05-12T10:39:09+00:00","dateModified":"2021-02-09T12:02:30+00:00","description":"(Fran\u00e7ais) Base de donn\u00e9es Inventaire du patrimoine arch\u00e9ologique, historique et ethnographique tunisien","breadcrumb":{"@id":"https:\/\/www.inp2020.tn\/en\/projets\/base-de-donnees-inventaire-du-patrimoine-archeologique-historique-et-ethnographique-tunisien\/#breadcrumb"},"inLanguage":"ar","potentialAction":[{"@type":"ReadAction","target":["https:\/\/www.inp2020.tn\/en\/projets\/base-de-donnees-inventaire-du-patrimoine-archeologique-historique-et-ethnographique-tunisien\/"]}]},{"@type":"ImageObject","inLanguage":"ar","@id":"https:\/\/www.inp2020.tn\/en\/projets\/base-de-donnees-inventaire-du-patrimoine-archeologique-historique-et-ethnographique-tunisien\/#primaryimage","url":"http:\/\/www.inp2020.tn\/inventaire\/fiche_site.jpg","contentUrl":"http:\/\/www.inp2020.tn\/inventaire\/fiche_site.jpg"},{"@type":"BreadcrumbList","@id":"https:\/\/www.inp2020.tn\/en\/projets\/base-de-donnees-inventaire-du-patrimoine-archeologique-historique-et-ethnographique-tunisien\/#breadcrumb","itemListElement":[{"@type":"ListItem","position":1,"name":"Home","item":"https:\/\/www.inp2020.tn\/"},{"@type":"ListItem","position":2,"name":"\u0627\u0644\u0645\u0634\u0627\u0631\u064a\u0639","item":"https:\/\/www.inp2020.tn\/ar\/projets\/"},{"@type":"ListItem","position":3,"name":"(Fran\u00e7ais) Base de donn\u00e9es Inventaire du patrimoine arch\u00e9ologique, historique et ethnographique tunisien"}]},{"@type":"WebSite","@id":"https:\/\/www.inp2020.tn\/#website","url":"https:\/\/www.inp2020.tn\/","name":"INP \u0627\u0644\u0645\u0639\u0647\u062f \u0627\u0644\u0648\u0637\u0646\u064a \u0644\u0644\u062a\u0631\u0627\u062b","description":"\u0625\u0646 \u0639\u0644\u0645 \u0627\u0644\u0622\u062b\u0627\u0631 \u0647\u0648 \u0623\u0633\u0645\u0649 \u0623\u0646\u0648\u0627\u0639 \u0627\u0644\u0628\u062d\u0648\u062b","publisher":{"@id":"https:\/\/www.inp2020.tn\/#organization"},"potentialAction":[{"@type":"SearchAction","target":{"@type":"EntryPoint","urlTemplate":"https:\/\/www.inp2020.tn\/?s={search_term_string}"},"query-input":{"@type":"PropertyValueSpecification","valueRequired":true,"valueName":"search_term_string"}}],"inLanguage":"ar"},{"@type":"Organization","@id":"https:\/\/www.inp2020.tn\/#organization","name":"Institut National du Patrimoine - Tunisie","url":"https:\/\/www.inp2020.tn\/","logo":{"@type":"ImageObject","inLanguage":"ar","@id":"https:\/\/www.inp2020.tn\/#\/schema\/logo\/image\/","url":"http:\/\/www.inp2020.tn\/wp-content\/uploads\/2019\/12\/logo-inp-e1612522185676.jpg","contentUrl":"http:\/\/www.inp2020.tn\/wp-content\/uploads\/2019\/12\/logo-inp-e1612522185676.jpg","width":75,"height":75,"caption":"Institut National du Patrimoine - Tunisie"},"image":{"@id":"https:\/\/www.inp2020.tn\/#\/schema\/logo\/image\/"},"sameAs":["https:\/\/www.facebook.com\/Inp.Institut.National.Du.Patrimoine\/"]}]}},"_links":{"self":[{"href":"https:\/\/www.inp2020.tn\/ar\/wp-json\/wp\/v2\/pages\/1865","targetHints":{"allow":["GET"]}}],"collection":[{"href":"https:\/\/www.inp2020.tn\/ar\/wp-json\/wp\/v2\/pages"}],"about":[{"href":"https:\/\/www.inp2020.tn\/ar\/wp-json\/wp\/v2\/types\/page"}],"author":[{"embeddable":true,"href":"https:\/\/www.inp2020.tn\/ar\/wp-json\/wp\/v2\/users\/1"}],"replies":[{"embeddable":true,"href":"https:\/\/www.inp2020.tn\/ar\/wp-json\/wp\/v2\/comments?post=1865"}],"version-history":[{"count":5,"href":"https:\/\/www.inp2020.tn\/ar\/wp-json\/wp\/v2\/pages\/1865\/revisions"}],"predecessor-version":[{"id":1869,"href":"https:\/\/www.inp2020.tn\/ar\/wp-json\/wp\/v2\/pages\/1865\/revisions\/1869"}],"up":[{"embeddable":true,"href":"https:\/\/www.inp2020.tn\/ar\/wp-json\/wp\/v2\/pages\/931"}],"wp:attachment":[{"href":"https:\/\/www.inp2020.tn\/ar\/wp-json\/wp\/v2\/media?parent=1865"}],"curies":[{"name":"wp","href":"https:\/\/api.w.org\/{rel}","templated":true}]}}