{"id":3884,"date":"2021-10-12T12:32:18","date_gmt":"2021-10-12T11:32:18","guid":{"rendered":"http:\/\/www.inp2020.tn\/?page_id=3884"},"modified":"2022-12-02T08:43:51","modified_gmt":"2022-12-02T07:43:51","slug":"_musee_patrimoine_traditionne_kesra","status":"publish","type":"page","link":"https:\/\/www.inp2020.tn\/ar\/inp_tunisie\/musees\/_musee_patrimoine_traditionne_kesra\/","title":{"rendered":"\u0645\u062a\u062d\u0641 \u0627\u0644\u0639\u0627\u062f\u0627\u062a \u0648\u0627\u0644\u062a\u0642\u0627\u0644\u064a\u062f \u0627\u0644\u0634\u0639\u0628\u064a\u0629 \u0628\u0643\u0633\u0631\u0649"},"content":{"rendered":"\u00a0 \u0643\u0633\u0631\u0649\u00a0CHUSIRA \u0642\u0631\u064a\u0629 \u0628\u0631\u0628\u0631\u064a\u0629 \u0641\u064a \u0623\u0639\u0627\u0644\u064a \u0648\u0644\u0627\u064a\u0629 \u0633\u0644\u064a\u0627\u0646\u0629\u060c \u062a\u063a\u064a\u0651\u0631 \u0627\u0633\u0645\u0647\u0627 \u062d\u0633\u0628 \u0627\u0644\u062d\u0642\u0628\u0627\u062a \u0627\u0644\u062a\u0651\u0627\u0631\u064a\u062e\u064a\u0651\u0629 \u0627\u0644\u0651\u062a\u064a \u0639\u0631\u0641\u062a\u0647\u0627 \u0641\u0643\u0627\u0646\u062a \u00ab \u0643\u0632\u0631\u00bb \u0627\u0644\u0628\u0631\u0628\u0631\u064a\u0651\u0629\u060c \u0648\u00ab <a href=\"https:\/\/www.inp2020.tn\/ar\/inp_tunisie\/musees\/_musee_patrimoine_traditionne_kesra\/\" class=\"more-link\">(\u0627\u0644\u0645\u0632\u064a\u062f&hellip;)<\/a>","protected":false},"excerpt":{"rendered":"<p>\u00a0 \u0643\u0633\u0631\u0649\u00a0CHUSIRA \u0642\u0631\u064a\u0629 \u0628\u0631\u0628\u0631\u064a\u0629 \u0641\u064a \u0623\u0639\u0627\u0644\u064a \u0648\u0644\u0627\u064a\u0629 \u0633\u0644\u064a\u0627\u0646\u0629\u060c \u062a\u063a\u064a\u0651\u0631 \u0627\u0633\u0645\u0647\u0627 \u062d\u0633\u0628 \u0627\u0644\u062d\u0642\u0628\u0627\u062a \u0627\u0644\u062a\u0651\u0627\u0631\u064a\u062e\u064a\u0651\u0629 \u0627\u0644\u0651\u062a\u064a \u0639\u0631\u0641\u062a\u0647\u0627 \u0641\u0643\u0627\u0646\u062a \u00ab \u0643\u0632\u0631\u00bb \u0627\u0644\u0628\u0631\u0628\u0631\u064a\u0651\u0629\u060c \u0648\u00ab (\u0627\u0644\u0645\u0632\u064a\u062f&hellip;)<\/p>\n","protected":false},"author":1,"featured_media":3903,"parent":860,"menu_order":3,"comment_status":"closed","ping_status":"closed","template":"","meta":{"_uf_show_specific_survey":0,"_uf_disable_surveys":false,"footnotes":""},"class_list":["post-3884","page","type-page","status-publish","has-post-thumbnail","hentry"],"yoast_head":"<!-- This site is optimized with the Yoast SEO plugin v27.5 - https:\/\/yoast.com\/product\/yoast-seo-wordpress\/ -->\n<title>\u0645\u062a\u062d\u0641 \u0627\u0644\u0639\u0627\u062f\u0627\u062a \u0648\u0627\u0644\u062a\u0642\u0627\u0644\u064a\u062f \u0627\u0644\u0634\u0639\u0628\u064a\u0629 \u0628\u0643\u0633\u0631\u0649 - INP \u0627\u0644\u0645\u0639\u0647\u062f \u0627\u0644\u0648\u0637\u0646\u064a \u0644\u0644\u062a\u0631\u0627\u062b<\/title>\n<meta name=\"description\" content=\"(Fran\u00e7ais) Ce mus\u00e9e traite de trois th\u00e8mes :Le premier sujet traite les s belles qualit\u00e9s qui caract\u00e9risent la femme de Kesra (hospitalit\u00e9, esprit de prudence et d&#039;attente, comp\u00e9tence en affaires) \u00e0 travers ses m\u00e9tiers tels que la poterie et le tissage...Le deuxi\u00e8me sujet concerne les coutumes suivies par les habitants de Kesra dans leur pratique de conversion rituelle telles que naissance - mariage - circoncision - mort. Le troisi\u00e8me sujet concerne les ornements et le symbolisme qu&#039;ils v\u00e9hiculent, qui assure protection et pr\u00e9vention.\" \/>\n<meta name=\"robots\" content=\"index, follow, max-snippet:-1, max-image-preview:large, max-video-preview:-1\" \/>\n<link rel=\"canonical\" href=\"https:\/\/www.inp2020.tn\/inp_tunisie\/musees\/_musee_patrimoine_traditionne_kesra\/\" \/>\n<meta property=\"og:locale\" content=\"ar_AR\" \/>\n<meta property=\"og:type\" content=\"article\" \/>\n<meta property=\"og:title\" content=\"\u0645\u062a\u062d\u0641 \u0627\u0644\u0639\u0627\u062f\u0627\u062a \u0648\u0627\u0644\u062a\u0642\u0627\u0644\u064a\u062f \u0627\u0644\u0634\u0639\u0628\u064a\u0629 \u0628\u0643\u0633\u0631\u0649 - INP \u0627\u0644\u0645\u0639\u0647\u062f \u0627\u0644\u0648\u0637\u0646\u064a \u0644\u0644\u062a\u0631\u0627\u062b\" \/>\n<meta property=\"og:description\" content=\"{:fr}Ce mus\u00e9e traite de trois th\u00e8mes :Le premier sujet traite les s belles qualit\u00e9s qui caract\u00e9risent la femme de Kesra (hospitalit\u00e9, esprit de prudence et d&#039;attente, comp\u00e9tence en affaires) \u00e0 travers ses m\u00e9tiers tels que la poterie et le tissage...Le deuxi\u00e8me sujet concerne les coutumes suivies par les habitants de Kesra dans leur pratique de conversion rituelle telles que naissance - mariage - circoncision - mort. Le troisi\u00e8me sujet concerne les ornements et le symbolisme qu&#039;ils v\u00e9hiculent, qui assure protection et pr\u00e9vention.{:}\" \/>\n<meta property=\"og:url\" content=\"https:\/\/www.inp2020.tn\/inp_tunisie\/musees\/_musee_patrimoine_traditionne_kesra\/\" \/>\n<meta property=\"og:site_name\" content=\"INP \u0627\u0644\u0645\u0639\u0647\u062f \u0627\u0644\u0648\u0637\u0646\u064a \u0644\u0644\u062a\u0631\u0627\u062b\" \/>\n<meta property=\"article:publisher\" content=\"https:\/\/www.facebook.com\/Inp.Institut.National.Du.Patrimoine\/\" \/>\n<meta property=\"article:modified_time\" content=\"2022-12-02T07:43:51+00:00\" \/>\n<meta property=\"og:image\" content=\"http:\/\/www.inp2020.tn\/wp-content\/uploads\/2021\/10\/ks_image001.jpg\" \/>\n\t<meta property=\"og:image:width\" content=\"647\" \/>\n\t<meta property=\"og:image:height\" content=\"474\" \/>\n\t<meta property=\"og:image:type\" content=\"image\/jpeg\" \/>\n<meta name=\"twitter:card\" content=\"summary_large_image\" \/>\n<meta name=\"twitter:label1\" content=\"\u0648\u0642\u062a \u0627\u0644\u0642\u0631\u0627\u0621\u0629 \u0627\u0644\u0645\u064f\u0642\u062f\u0651\u0631\" \/>\n\t<meta name=\"twitter:data1\" content=\"8 \u062f\u0642\u0627\u0626\u0642\" \/>\n<script type=\"application\/ld+json\" class=\"yoast-schema-graph\">{\"@context\":\"https:\\\/\\\/schema.org\",\"@graph\":[{\"@type\":\"WebPage\",\"@id\":\"https:\\\/\\\/www.inp2020.tn\\\/inp_tunisie\\\/musees\\\/_musee_patrimoine_traditionne_kesra\\\/\",\"url\":\"https:\\\/\\\/www.inp2020.tn\\\/inp_tunisie\\\/musees\\\/_musee_patrimoine_traditionne_kesra\\\/\",\"name\":\"\u0645\u062a\u062d\u0641 \u0627\u0644\u0639\u0627\u062f\u0627\u062a \u0648\u0627\u0644\u062a\u0642\u0627\u0644\u064a\u062f \u0627\u0644\u0634\u0639\u0628\u064a\u0629 \u0628\u0643\u0633\u0631\u0649 - INP \u0627\u0644\u0645\u0639\u0647\u062f \u0627\u0644\u0648\u0637\u0646\u064a \u0644\u0644\u062a\u0631\u0627\u062b\",\"isPartOf\":{\"@id\":\"https:\\\/\\\/www.inp2020.tn\\\/#website\"},\"primaryImageOfPage\":{\"@id\":\"https:\\\/\\\/www.inp2020.tn\\\/inp_tunisie\\\/musees\\\/_musee_patrimoine_traditionne_kesra\\\/#primaryimage\"},\"image\":{\"@id\":\"https:\\\/\\\/www.inp2020.tn\\\/inp_tunisie\\\/musees\\\/_musee_patrimoine_traditionne_kesra\\\/#primaryimage\"},\"thumbnailUrl\":\"https:\\\/\\\/www.inp2020.tn\\\/wp-content\\\/uploads\\\/2021\\\/10\\\/ks_image001.jpg\",\"datePublished\":\"2021-10-12T11:32:18+00:00\",\"dateModified\":\"2022-12-02T07:43:51+00:00\",\"description\":\"{:fr}Ce mus\u00e9e traite de trois th\u00e8mes :Le premier sujet traite les s belles qualit\u00e9s qui caract\u00e9risent la femme de Kesra (hospitalit\u00e9, esprit de prudence et d'attente, comp\u00e9tence en affaires) \u00e0 travers ses m\u00e9tiers tels que la poterie et le tissage...Le deuxi\u00e8me sujet concerne les coutumes suivies par les habitants de Kesra dans leur pratique de conversion rituelle telles que naissance - mariage - circoncision - mort. Le troisi\u00e8me sujet concerne les ornements et le symbolisme qu'ils v\u00e9hiculent, qui assure protection et pr\u00e9vention.{:}\",\"breadcrumb\":{\"@id\":\"https:\\\/\\\/www.inp2020.tn\\\/inp_tunisie\\\/musees\\\/_musee_patrimoine_traditionne_kesra\\\/#breadcrumb\"},\"inLanguage\":\"ar\",\"potentialAction\":[{\"@type\":\"ReadAction\",\"target\":[\"https:\\\/\\\/www.inp2020.tn\\\/inp_tunisie\\\/musees\\\/_musee_patrimoine_traditionne_kesra\\\/\"]}]},{\"@type\":\"ImageObject\",\"inLanguage\":\"ar\",\"@id\":\"https:\\\/\\\/www.inp2020.tn\\\/inp_tunisie\\\/musees\\\/_musee_patrimoine_traditionne_kesra\\\/#primaryimage\",\"url\":\"https:\\\/\\\/www.inp2020.tn\\\/wp-content\\\/uploads\\\/2021\\\/10\\\/ks_image001.jpg\",\"contentUrl\":\"https:\\\/\\\/www.inp2020.tn\\\/wp-content\\\/uploads\\\/2021\\\/10\\\/ks_image001.jpg\",\"width\":647,\"height\":474,\"caption\":\"Mus\u00e9e du Patrimoine Traditionnel de Kesra\"},{\"@type\":\"BreadcrumbList\",\"@id\":\"https:\\\/\\\/www.inp2020.tn\\\/inp_tunisie\\\/musees\\\/_musee_patrimoine_traditionne_kesra\\\/#breadcrumb\",\"itemListElement\":[{\"@type\":\"ListItem\",\"position\":1,\"name\":\"Home\",\"item\":\"https:\\\/\\\/www.inp2020.tn\\\/\"},{\"@type\":\"ListItem\",\"position\":2,\"name\":\"L&#8217;institut National du Patrimoine (\u00a0INP\u00a0)\",\"item\":\"https:\\\/\\\/www.inp2020.tn\\\/inp_tunisie\\\/\"},{\"@type\":\"ListItem\",\"position\":3,\"name\":\"Mus\u00e9es\",\"item\":\"https:\\\/\\\/www.inp2020.tn\\\/inp_tunisie\\\/musees\\\/\"},{\"@type\":\"ListItem\",\"position\":4,\"name\":\"Mus\u00e9e du Patrimoine Traditionnel de Kesra\"}]},{\"@type\":\"WebSite\",\"@id\":\"https:\\\/\\\/www.inp2020.tn\\\/#website\",\"url\":\"https:\\\/\\\/www.inp2020.tn\\\/\",\"name\":\"INP \u0627\u0644\u0645\u0639\u0647\u062f \u0627\u0644\u0648\u0637\u0646\u064a \u0644\u0644\u062a\u0631\u0627\u062b\",\"description\":\"\u0625\u0646 \u0639\u0644\u0645 \u0627\u0644\u0622\u062b\u0627\u0631 \u0647\u0648 \u0623\u0633\u0645\u0649 \u0623\u0646\u0648\u0627\u0639 \u0627\u0644\u0628\u062d\u0648\u062b\",\"publisher\":{\"@id\":\"https:\\\/\\\/www.inp2020.tn\\\/#organization\"},\"potentialAction\":[{\"@type\":\"SearchAction\",\"target\":{\"@type\":\"EntryPoint\",\"urlTemplate\":\"https:\\\/\\\/www.inp2020.tn\\\/?s={search_term_string}\"},\"query-input\":{\"@type\":\"PropertyValueSpecification\",\"valueRequired\":true,\"valueName\":\"search_term_string\"}}],\"inLanguage\":\"ar\"},{\"@type\":\"Organization\",\"@id\":\"https:\\\/\\\/www.inp2020.tn\\\/#organization\",\"name\":\"Institut National du Patrimoine - Tunisie\",\"url\":\"https:\\\/\\\/www.inp2020.tn\\\/\",\"logo\":{\"@type\":\"ImageObject\",\"inLanguage\":\"ar\",\"@id\":\"https:\\\/\\\/www.inp2020.tn\\\/#\\\/schema\\\/logo\\\/image\\\/\",\"url\":\"http:\\\/\\\/www.inp2020.tn\\\/wp-content\\\/uploads\\\/2019\\\/12\\\/logo-inp-e1612522185676.jpg\",\"contentUrl\":\"http:\\\/\\\/www.inp2020.tn\\\/wp-content\\\/uploads\\\/2019\\\/12\\\/logo-inp-e1612522185676.jpg\",\"width\":75,\"height\":75,\"caption\":\"Institut National du Patrimoine - Tunisie\"},\"image\":{\"@id\":\"https:\\\/\\\/www.inp2020.tn\\\/#\\\/schema\\\/logo\\\/image\\\/\"},\"sameAs\":[\"https:\\\/\\\/www.facebook.com\\\/Inp.Institut.National.Du.Patrimoine\\\/\"]}]}<\/script>\n<!-- \/ Yoast SEO plugin. -->","yoast_head_json":{"title":"\u0645\u062a\u062d\u0641 \u0627\u0644\u0639\u0627\u062f\u0627\u062a \u0648\u0627\u0644\u062a\u0642\u0627\u0644\u064a\u062f \u0627\u0644\u0634\u0639\u0628\u064a\u0629 \u0628\u0643\u0633\u0631\u0649 - INP \u0627\u0644\u0645\u0639\u0647\u062f \u0627\u0644\u0648\u0637\u0646\u064a \u0644\u0644\u062a\u0631\u0627\u062b","description":"(Fran\u00e7ais) Ce mus\u00e9e traite de trois th\u00e8mes :Le premier sujet traite les s belles qualit\u00e9s qui caract\u00e9risent la femme de Kesra (hospitalit\u00e9, esprit de prudence et d'attente, comp\u00e9tence en affaires) \u00e0 travers ses m\u00e9tiers tels que la poterie et le tissage...Le deuxi\u00e8me sujet concerne les coutumes suivies par les habitants de Kesra dans leur pratique de conversion rituelle telles que naissance - mariage - circoncision - mort. Le troisi\u00e8me sujet concerne les ornements et le symbolisme qu'ils v\u00e9hiculent, qui assure protection et pr\u00e9vention.","robots":{"index":"index","follow":"follow","max-snippet":"max-snippet:-1","max-image-preview":"max-image-preview:large","max-video-preview":"max-video-preview:-1"},"canonical":"https:\/\/www.inp2020.tn\/inp_tunisie\/musees\/_musee_patrimoine_traditionne_kesra\/","og_locale":"ar_AR","og_type":"article","og_title":"\u0645\u062a\u062d\u0641 \u0627\u0644\u0639\u0627\u062f\u0627\u062a \u0648\u0627\u0644\u062a\u0642\u0627\u0644\u064a\u062f \u0627\u0644\u0634\u0639\u0628\u064a\u0629 \u0628\u0643\u0633\u0631\u0649 - INP \u0627\u0644\u0645\u0639\u0647\u062f \u0627\u0644\u0648\u0637\u0646\u064a \u0644\u0644\u062a\u0631\u0627\u062b","og_description":"{:fr}Ce mus\u00e9e traite de trois th\u00e8mes :Le premier sujet traite les s belles qualit\u00e9s qui caract\u00e9risent la femme de Kesra (hospitalit\u00e9, esprit de prudence et d'attente, comp\u00e9tence en affaires) \u00e0 travers ses m\u00e9tiers tels que la poterie et le tissage...Le deuxi\u00e8me sujet concerne les coutumes suivies par les habitants de Kesra dans leur pratique de conversion rituelle telles que naissance - mariage - circoncision - mort. Le troisi\u00e8me sujet concerne les ornements et le symbolisme qu'ils v\u00e9hiculent, qui assure protection et pr\u00e9vention.{:}","og_url":"https:\/\/www.inp2020.tn\/inp_tunisie\/musees\/_musee_patrimoine_traditionne_kesra\/","og_site_name":"INP \u0627\u0644\u0645\u0639\u0647\u062f \u0627\u0644\u0648\u0637\u0646\u064a \u0644\u0644\u062a\u0631\u0627\u062b","article_publisher":"https:\/\/www.facebook.com\/Inp.Institut.National.Du.Patrimoine\/","article_modified_time":"2022-12-02T07:43:51+00:00","og_image":[{"width":647,"height":474,"url":"http:\/\/www.inp2020.tn\/wp-content\/uploads\/2021\/10\/ks_image001.jpg","type":"image\/jpeg"}],"twitter_card":"summary_large_image","twitter_misc":{"\u0648\u0642\u062a \u0627\u0644\u0642\u0631\u0627\u0621\u0629 \u0627\u0644\u0645\u064f\u0642\u062f\u0651\u0631":"8 \u062f\u0642\u0627\u0626\u0642"},"schema":{"@context":"https:\/\/schema.org","@graph":[{"@type":"WebPage","@id":"https:\/\/www.inp2020.tn\/inp_tunisie\/musees\/_musee_patrimoine_traditionne_kesra\/","url":"https:\/\/www.inp2020.tn\/inp_tunisie\/musees\/_musee_patrimoine_traditionne_kesra\/","name":"\u0645\u062a\u062d\u0641 \u0627\u0644\u0639\u0627\u062f\u0627\u062a \u0648\u0627\u0644\u062a\u0642\u0627\u0644\u064a\u062f \u0627\u0644\u0634\u0639\u0628\u064a\u0629 \u0628\u0643\u0633\u0631\u0649 - INP \u0627\u0644\u0645\u0639\u0647\u062f \u0627\u0644\u0648\u0637\u0646\u064a \u0644\u0644\u062a\u0631\u0627\u062b","isPartOf":{"@id":"https:\/\/www.inp2020.tn\/#website"},"primaryImageOfPage":{"@id":"https:\/\/www.inp2020.tn\/inp_tunisie\/musees\/_musee_patrimoine_traditionne_kesra\/#primaryimage"},"image":{"@id":"https:\/\/www.inp2020.tn\/inp_tunisie\/musees\/_musee_patrimoine_traditionne_kesra\/#primaryimage"},"thumbnailUrl":"https:\/\/www.inp2020.tn\/wp-content\/uploads\/2021\/10\/ks_image001.jpg","datePublished":"2021-10-12T11:32:18+00:00","dateModified":"2022-12-02T07:43:51+00:00","description":"{:fr}Ce mus\u00e9e traite de trois th\u00e8mes :Le premier sujet traite les s belles qualit\u00e9s qui caract\u00e9risent la femme de Kesra (hospitalit\u00e9, esprit de prudence et d'attente, comp\u00e9tence en affaires) \u00e0 travers ses m\u00e9tiers tels que la poterie et le tissage...Le deuxi\u00e8me sujet concerne les coutumes suivies par les habitants de Kesra dans leur pratique de conversion rituelle telles que naissance - mariage - circoncision - mort. Le troisi\u00e8me sujet concerne les ornements et le symbolisme qu'ils v\u00e9hiculent, qui assure protection et pr\u00e9vention.{:}","breadcrumb":{"@id":"https:\/\/www.inp2020.tn\/inp_tunisie\/musees\/_musee_patrimoine_traditionne_kesra\/#breadcrumb"},"inLanguage":"ar","potentialAction":[{"@type":"ReadAction","target":["https:\/\/www.inp2020.tn\/inp_tunisie\/musees\/_musee_patrimoine_traditionne_kesra\/"]}]},{"@type":"ImageObject","inLanguage":"ar","@id":"https:\/\/www.inp2020.tn\/inp_tunisie\/musees\/_musee_patrimoine_traditionne_kesra\/#primaryimage","url":"https:\/\/www.inp2020.tn\/wp-content\/uploads\/2021\/10\/ks_image001.jpg","contentUrl":"https:\/\/www.inp2020.tn\/wp-content\/uploads\/2021\/10\/ks_image001.jpg","width":647,"height":474,"caption":"Mus\u00e9e du Patrimoine Traditionnel de Kesra"},{"@type":"BreadcrumbList","@id":"https:\/\/www.inp2020.tn\/inp_tunisie\/musees\/_musee_patrimoine_traditionne_kesra\/#breadcrumb","itemListElement":[{"@type":"ListItem","position":1,"name":"Home","item":"https:\/\/www.inp2020.tn\/"},{"@type":"ListItem","position":2,"name":"L&#8217;institut National du Patrimoine (\u00a0INP\u00a0)","item":"https:\/\/www.inp2020.tn\/inp_tunisie\/"},{"@type":"ListItem","position":3,"name":"Mus\u00e9es","item":"https:\/\/www.inp2020.tn\/inp_tunisie\/musees\/"},{"@type":"ListItem","position":4,"name":"Mus\u00e9e du Patrimoine Traditionnel de Kesra"}]},{"@type":"WebSite","@id":"https:\/\/www.inp2020.tn\/#website","url":"https:\/\/www.inp2020.tn\/","name":"INP \u0627\u0644\u0645\u0639\u0647\u062f \u0627\u0644\u0648\u0637\u0646\u064a \u0644\u0644\u062a\u0631\u0627\u062b","description":"\u0625\u0646 \u0639\u0644\u0645 \u0627\u0644\u0622\u062b\u0627\u0631 \u0647\u0648 \u0623\u0633\u0645\u0649 \u0623\u0646\u0648\u0627\u0639 \u0627\u0644\u0628\u062d\u0648\u062b","publisher":{"@id":"https:\/\/www.inp2020.tn\/#organization"},"potentialAction":[{"@type":"SearchAction","target":{"@type":"EntryPoint","urlTemplate":"https:\/\/www.inp2020.tn\/?s={search_term_string}"},"query-input":{"@type":"PropertyValueSpecification","valueRequired":true,"valueName":"search_term_string"}}],"inLanguage":"ar"},{"@type":"Organization","@id":"https:\/\/www.inp2020.tn\/#organization","name":"Institut National du Patrimoine - Tunisie","url":"https:\/\/www.inp2020.tn\/","logo":{"@type":"ImageObject","inLanguage":"ar","@id":"https:\/\/www.inp2020.tn\/#\/schema\/logo\/image\/","url":"http:\/\/www.inp2020.tn\/wp-content\/uploads\/2019\/12\/logo-inp-e1612522185676.jpg","contentUrl":"http:\/\/www.inp2020.tn\/wp-content\/uploads\/2019\/12\/logo-inp-e1612522185676.jpg","width":75,"height":75,"caption":"Institut National du Patrimoine - Tunisie"},"image":{"@id":"https:\/\/www.inp2020.tn\/#\/schema\/logo\/image\/"},"sameAs":["https:\/\/www.facebook.com\/Inp.Institut.National.Du.Patrimoine\/"]}]}},"_links":{"self":[{"href":"https:\/\/www.inp2020.tn\/ar\/wp-json\/wp\/v2\/pages\/3884","targetHints":{"allow":["GET"]}}],"collection":[{"href":"https:\/\/www.inp2020.tn\/ar\/wp-json\/wp\/v2\/pages"}],"about":[{"href":"https:\/\/www.inp2020.tn\/ar\/wp-json\/wp\/v2\/types\/page"}],"author":[{"embeddable":true,"href":"https:\/\/www.inp2020.tn\/ar\/wp-json\/wp\/v2\/users\/1"}],"replies":[{"embeddable":true,"href":"https:\/\/www.inp2020.tn\/ar\/wp-json\/wp\/v2\/comments?post=3884"}],"version-history":[{"count":29,"href":"https:\/\/www.inp2020.tn\/ar\/wp-json\/wp\/v2\/pages\/3884\/revisions"}],"predecessor-version":[{"id":6205,"href":"https:\/\/www.inp2020.tn\/ar\/wp-json\/wp\/v2\/pages\/3884\/revisions\/6205"}],"up":[{"embeddable":true,"href":"https:\/\/www.inp2020.tn\/ar\/wp-json\/wp\/v2\/pages\/860"}],"wp:featuredmedia":[{"embeddable":true,"href":"https:\/\/www.inp2020.tn\/ar\/wp-json\/wp\/v2\/media\/3903"}],"wp:attachment":[{"href":"https:\/\/www.inp2020.tn\/ar\/wp-json\/wp\/v2\/media?parent=3884"}],"curies":[{"name":"wp","href":"https:\/\/api.w.org\/{rel}","templated":true}]}}