{"id":7256,"date":"2023-10-16T22:16:19","date_gmt":"2023-10-16T21:16:19","guid":{"rendered":"https:\/\/www.inp2020.tn\/?page_id=7256"},"modified":"2024-04-30T20:51:32","modified_gmt":"2024-04-30T19:51:32","slug":"activites_dg_inp","status":"publish","type":"page","link":"https:\/\/www.inp2020.tn\/ar\/inp_tunisie\/administration\/activites_dg_inp\/","title":{"rendered":"\u0646\u0634\u0627\u0637 \u0627\u0644\u0645\u062f\u064a\u0631 \u0627\u0644\u0639\u0627\u0645 \u0644\u0644\u0645\u0639\u0647\u062f \u0627\u0644\u0648\u0637\u0646\u064a \u0644\u0644\u062a\u0631\u0627\u062b"},"content":{"rendered":"\u0627\u0644\u0645\u0639\u0627\u064a\u0646\u0629 \u0627\u0644\u0641\u0646\u064a\u0629 \u0648\u0627\u0644\u062a\u0642\u0646\u064a\u0629 \u0644\u0627\u0633\u0648\u0627\u0631 \u0627\u0644\u0642\u064a\u0631\u0648\u0627\u0646 \u0628\u062f\u0639\u0648\u0629 \u0645\u0646 \u0627\u0644\u0645\u0639\u0647\u062f \u0627\u0644\u0648\u0637\u0646\u064a \u0644\u0644\u062a\u0631\u0627\u062b \u062a\u0645 \u0628\u062a\u0627\u0631\u064a\u062e 30 \u0627\u0641\u0631\u064a\u0644 2024 \u0632\u064a\u0627\u0631\u0629 \u0645\u0628\u0631\u0645\u062c\u0629 \u0644\u0645\u062f\u064a\u0646\u0629 \u0627\u0644\u0642\u064a\u0631\u0648\u0627\u0646 \u0648\u0630\u0644\u0643 <a href=\"https:\/\/www.inp2020.tn\/ar\/inp_tunisie\/administration\/activites_dg_inp\/\" class=\"more-link\">(\u0627\u0644\u0645\u0632\u064a\u062f&hellip;)<\/a>","protected":false},"excerpt":{"rendered":"<p>\u0627\u0644\u0645\u0639\u0627\u064a\u0646\u0629 \u0627\u0644\u0641\u0646\u064a\u0629 \u0648\u0627\u0644\u062a\u0642\u0646\u064a\u0629 \u0644\u0627\u0633\u0648\u0627\u0631 \u0627\u0644\u0642\u064a\u0631\u0648\u0627\u0646 \u0628\u062f\u0639\u0648\u0629 \u0645\u0646 \u0627\u0644\u0645\u0639\u0647\u062f \u0627\u0644\u0648\u0637\u0646\u064a \u0644\u0644\u062a\u0631\u0627\u062b \u062a\u0645 \u0628\u062a\u0627\u0631\u064a\u062e 30 \u0627\u0641\u0631\u064a\u0644 2024 \u0632\u064a\u0627\u0631\u0629 \u0645\u0628\u0631\u0645\u062c\u0629 \u0644\u0645\u062f\u064a\u0646\u0629 \u0627\u0644\u0642\u064a\u0631\u0648\u0627\u0646 \u0648\u0630\u0644\u0643 (\u0627\u0644\u0645\u0632\u064a\u062f&hellip;)<\/p>\n","protected":false},"author":1,"featured_media":8639,"parent":332,"menu_order":1,"comment_status":"closed","ping_status":"closed","template":"","meta":{"_uf_show_specific_survey":0,"_uf_disable_surveys":false,"footnotes":""},"class_list":["post-7256","page","type-page","status-publish","has-post-thumbnail","hentry"],"yoast_head":"<!-- This site is optimized with the Yoast SEO plugin v27.4 - https:\/\/yoast.com\/product\/yoast-seo-wordpress\/ -->\n<title>\u0646\u0634\u0627\u0637 \u0627\u0644\u0645\u062f\u064a\u0631 \u0627\u0644\u0639\u0627\u0645 \u0644\u0644\u0645\u0639\u0647\u062f \u0627\u0644\u0648\u0637\u0646\u064a \u0644\u0644\u062a\u0631\u0627\u062b - INP \u0627\u0644\u0645\u0639\u0647\u062f \u0627\u0644\u0648\u0637\u0646\u064a \u0644\u0644\u062a\u0631\u0627\u062b<\/title>\n<meta name=\"robots\" content=\"index, follow, max-snippet:-1, max-image-preview:large, max-video-preview:-1\" \/>\n<link rel=\"canonical\" href=\"https:\/\/www.inp2020.tn\/inp_tunisie\/administration\/activites_dg_inp\/\" \/>\n<meta property=\"og:locale\" content=\"ar_AR\" \/>\n<meta property=\"og:type\" content=\"article\" \/>\n<meta property=\"og:title\" content=\"\u0646\u0634\u0627\u0637 \u0627\u0644\u0645\u062f\u064a\u0631 \u0627\u0644\u0639\u0627\u0645 \u0644\u0644\u0645\u0639\u0647\u062f \u0627\u0644\u0648\u0637\u0646\u064a \u0644\u0644\u062a\u0631\u0627\u062b - INP \u0627\u0644\u0645\u0639\u0647\u062f \u0627\u0644\u0648\u0637\u0646\u064a \u0644\u0644\u062a\u0631\u0627\u062b\" \/>\n<meta property=\"og:description\" content=\"\u0627\u0644\u0645\u0639\u0627\u064a\u0646\u0629 \u0627\u0644\u0641\u0646\u064a\u0629 \u0648\u0627\u0644\u062a\u0642\u0646\u064a\u0629 \u0644\u0627\u0633\u0648\u0627\u0631 \u0627\u0644\u0642\u064a\u0631\u0648\u0627\u0646 \u0628\u062f\u0639\u0648\u0629 \u0645\u0646 \u0627\u0644\u0645\u0639\u0647\u062f \u0627\u0644\u0648\u0637\u0646\u064a \u0644\u0644\u062a\u0631\u0627\u062b \u062a\u0645 \u0628\u062a\u0627\u0631\u064a\u062e 30 \u0627\u0641\u0631\u064a\u0644 2024 \u0632\u064a\u0627\u0631\u0629 \u0645\u0628\u0631\u0645\u062c\u0629 \u0644\u0645\u062f\u064a\u0646\u0629 \u0627\u0644\u0642\u064a\u0631\u0648\u0627\u0646 \u0648\u0630\u0644\u0643 (\u0627\u0644\u0645\u0632\u064a\u062f&hellip;)\" \/>\n<meta property=\"og:url\" content=\"https:\/\/www.inp2020.tn\/inp_tunisie\/administration\/activites_dg_inp\/\" \/>\n<meta property=\"og:site_name\" content=\"INP \u0627\u0644\u0645\u0639\u0647\u062f \u0627\u0644\u0648\u0637\u0646\u064a \u0644\u0644\u062a\u0631\u0627\u062b\" \/>\n<meta property=\"article:publisher\" content=\"https:\/\/www.facebook.com\/Inp.Institut.National.Du.Patrimoine\/\" \/>\n<meta property=\"article:modified_time\" content=\"2024-04-30T19:51:32+00:00\" \/>\n<meta property=\"og:image\" content=\"http:\/\/www.inp2020.tn\/wp-content\/uploads\/2024\/04\/thina5.jpg\" \/>\n\t<meta property=\"og:image:width\" content=\"2048\" \/>\n\t<meta property=\"og:image:height\" content=\"1365\" \/>\n\t<meta property=\"og:image:type\" content=\"image\/jpeg\" \/>\n<meta name=\"twitter:card\" content=\"summary_large_image\" \/>\n<meta name=\"twitter:label1\" content=\"\u0648\u0642\u062a \u0627\u0644\u0642\u0631\u0627\u0621\u0629 \u0627\u0644\u0645\u064f\u0642\u062f\u0651\u0631\" \/>\n\t<meta name=\"twitter:data1\" content=\"6 \u062f\u0642\u0627\u0626\u0642\" \/>\n<script type=\"application\/ld+json\" class=\"yoast-schema-graph\">{\"@context\":\"https:\\\/\\\/schema.org\",\"@graph\":[{\"@type\":\"WebPage\",\"@id\":\"https:\\\/\\\/www.inp2020.tn\\\/inp_tunisie\\\/administration\\\/activites_dg_inp\\\/\",\"url\":\"https:\\\/\\\/www.inp2020.tn\\\/inp_tunisie\\\/administration\\\/activites_dg_inp\\\/\",\"name\":\"\u0646\u0634\u0627\u0637 \u0627\u0644\u0645\u062f\u064a\u0631 \u0627\u0644\u0639\u0627\u0645 \u0644\u0644\u0645\u0639\u0647\u062f \u0627\u0644\u0648\u0637\u0646\u064a \u0644\u0644\u062a\u0631\u0627\u062b - INP \u0627\u0644\u0645\u0639\u0647\u062f \u0627\u0644\u0648\u0637\u0646\u064a \u0644\u0644\u062a\u0631\u0627\u062b\",\"isPartOf\":{\"@id\":\"https:\\\/\\\/www.inp2020.tn\\\/#website\"},\"primaryImageOfPage\":{\"@id\":\"https:\\\/\\\/www.inp2020.tn\\\/inp_tunisie\\\/administration\\\/activites_dg_inp\\\/#primaryimage\"},\"image\":{\"@id\":\"https:\\\/\\\/www.inp2020.tn\\\/inp_tunisie\\\/administration\\\/activites_dg_inp\\\/#primaryimage\"},\"thumbnailUrl\":\"https:\\\/\\\/www.inp2020.tn\\\/wp-content\\\/uploads\\\/2024\\\/04\\\/thina5.jpg\",\"datePublished\":\"2023-10-16T21:16:19+00:00\",\"dateModified\":\"2024-04-30T19:51:32+00:00\",\"breadcrumb\":{\"@id\":\"https:\\\/\\\/www.inp2020.tn\\\/inp_tunisie\\\/administration\\\/activites_dg_inp\\\/#breadcrumb\"},\"inLanguage\":\"ar\",\"potentialAction\":[{\"@type\":\"ReadAction\",\"target\":[\"https:\\\/\\\/www.inp2020.tn\\\/inp_tunisie\\\/administration\\\/activites_dg_inp\\\/\"]}]},{\"@type\":\"ImageObject\",\"inLanguage\":\"ar\",\"@id\":\"https:\\\/\\\/www.inp2020.tn\\\/inp_tunisie\\\/administration\\\/activites_dg_inp\\\/#primaryimage\",\"url\":\"https:\\\/\\\/www.inp2020.tn\\\/wp-content\\\/uploads\\\/2024\\\/04\\\/thina5.jpg\",\"contentUrl\":\"https:\\\/\\\/www.inp2020.tn\\\/wp-content\\\/uploads\\\/2024\\\/04\\\/thina5.jpg\",\"width\":2048,\"height\":1365,\"caption\":\"thina\"},{\"@type\":\"BreadcrumbList\",\"@id\":\"https:\\\/\\\/www.inp2020.tn\\\/inp_tunisie\\\/administration\\\/activites_dg_inp\\\/#breadcrumb\",\"itemListElement\":[{\"@type\":\"ListItem\",\"position\":1,\"name\":\"Home\",\"item\":\"https:\\\/\\\/www.inp2020.tn\\\/\"},{\"@type\":\"ListItem\",\"position\":2,\"name\":\"L&#8217;institut National du Patrimoine (\u00a0INP\u00a0)\",\"item\":\"https:\\\/\\\/www.inp2020.tn\\\/inp_tunisie\\\/\"},{\"@type\":\"ListItem\",\"position\":3,\"name\":\"Administration\",\"item\":\"https:\\\/\\\/www.inp2020.tn\\\/inp_tunisie\\\/administration\\\/\"},{\"@type\":\"ListItem\",\"position\":4,\"name\":\"Activit\u00e9s du Directeur G\u00e9n\u00e9ral de l&#8217;INP\"}]},{\"@type\":\"WebSite\",\"@id\":\"https:\\\/\\\/www.inp2020.tn\\\/#website\",\"url\":\"https:\\\/\\\/www.inp2020.tn\\\/\",\"name\":\"INP \u0627\u0644\u0645\u0639\u0647\u062f \u0627\u0644\u0648\u0637\u0646\u064a \u0644\u0644\u062a\u0631\u0627\u062b\",\"description\":\"Patrimoine Culturel \u062a\u0631\u0627\u062b \u062b\u0642\u0627\u0641\u064a\",\"publisher\":{\"@id\":\"https:\\\/\\\/www.inp2020.tn\\\/#organization\"},\"potentialAction\":[{\"@type\":\"SearchAction\",\"target\":{\"@type\":\"EntryPoint\",\"urlTemplate\":\"https:\\\/\\\/www.inp2020.tn\\\/?s={search_term_string}\"},\"query-input\":{\"@type\":\"PropertyValueSpecification\",\"valueRequired\":true,\"valueName\":\"search_term_string\"}}],\"inLanguage\":\"ar\"},{\"@type\":\"Organization\",\"@id\":\"https:\\\/\\\/www.inp2020.tn\\\/#organization\",\"name\":\"Institut National du Patrimoine - Tunisie\",\"url\":\"https:\\\/\\\/www.inp2020.tn\\\/\",\"logo\":{\"@type\":\"ImageObject\",\"inLanguage\":\"ar\",\"@id\":\"https:\\\/\\\/www.inp2020.tn\\\/#\\\/schema\\\/logo\\\/image\\\/\",\"url\":\"http:\\\/\\\/www.inp2020.tn\\\/wp-content\\\/uploads\\\/2019\\\/12\\\/logo-inp-e1612522185676.jpg\",\"contentUrl\":\"http:\\\/\\\/www.inp2020.tn\\\/wp-content\\\/uploads\\\/2019\\\/12\\\/logo-inp-e1612522185676.jpg\",\"width\":75,\"height\":75,\"caption\":\"Institut National du Patrimoine - Tunisie\"},\"image\":{\"@id\":\"https:\\\/\\\/www.inp2020.tn\\\/#\\\/schema\\\/logo\\\/image\\\/\"},\"sameAs\":[\"https:\\\/\\\/www.facebook.com\\\/Inp.Institut.National.Du.Patrimoine\\\/\"]}]}<\/script>\n<!-- \/ Yoast SEO plugin. -->","yoast_head_json":{"title":"\u0646\u0634\u0627\u0637 \u0627\u0644\u0645\u062f\u064a\u0631 \u0627\u0644\u0639\u0627\u0645 \u0644\u0644\u0645\u0639\u0647\u062f \u0627\u0644\u0648\u0637\u0646\u064a \u0644\u0644\u062a\u0631\u0627\u062b - INP \u0627\u0644\u0645\u0639\u0647\u062f \u0627\u0644\u0648\u0637\u0646\u064a \u0644\u0644\u062a\u0631\u0627\u062b","robots":{"index":"index","follow":"follow","max-snippet":"max-snippet:-1","max-image-preview":"max-image-preview:large","max-video-preview":"max-video-preview:-1"},"canonical":"https:\/\/www.inp2020.tn\/inp_tunisie\/administration\/activites_dg_inp\/","og_locale":"ar_AR","og_type":"article","og_title":"\u0646\u0634\u0627\u0637 \u0627\u0644\u0645\u062f\u064a\u0631 \u0627\u0644\u0639\u0627\u0645 \u0644\u0644\u0645\u0639\u0647\u062f \u0627\u0644\u0648\u0637\u0646\u064a \u0644\u0644\u062a\u0631\u0627\u062b - INP \u0627\u0644\u0645\u0639\u0647\u062f \u0627\u0644\u0648\u0637\u0646\u064a \u0644\u0644\u062a\u0631\u0627\u062b","og_description":"\u0627\u0644\u0645\u0639\u0627\u064a\u0646\u0629 \u0627\u0644\u0641\u0646\u064a\u0629 \u0648\u0627\u0644\u062a\u0642\u0646\u064a\u0629 \u0644\u0627\u0633\u0648\u0627\u0631 \u0627\u0644\u0642\u064a\u0631\u0648\u0627\u0646 \u0628\u062f\u0639\u0648\u0629 \u0645\u0646 \u0627\u0644\u0645\u0639\u0647\u062f \u0627\u0644\u0648\u0637\u0646\u064a \u0644\u0644\u062a\u0631\u0627\u062b \u062a\u0645 \u0628\u062a\u0627\u0631\u064a\u062e 30 \u0627\u0641\u0631\u064a\u0644 2024 \u0632\u064a\u0627\u0631\u0629 \u0645\u0628\u0631\u0645\u062c\u0629 \u0644\u0645\u062f\u064a\u0646\u0629 \u0627\u0644\u0642\u064a\u0631\u0648\u0627\u0646 \u0648\u0630\u0644\u0643 (\u0627\u0644\u0645\u0632\u064a\u062f&hellip;)","og_url":"https:\/\/www.inp2020.tn\/inp_tunisie\/administration\/activites_dg_inp\/","og_site_name":"INP \u0627\u0644\u0645\u0639\u0647\u062f \u0627\u0644\u0648\u0637\u0646\u064a \u0644\u0644\u062a\u0631\u0627\u062b","article_publisher":"https:\/\/www.facebook.com\/Inp.Institut.National.Du.Patrimoine\/","article_modified_time":"2024-04-30T19:51:32+00:00","og_image":[{"width":2048,"height":1365,"url":"http:\/\/www.inp2020.tn\/wp-content\/uploads\/2024\/04\/thina5.jpg","type":"image\/jpeg"}],"twitter_card":"summary_large_image","twitter_misc":{"\u0648\u0642\u062a \u0627\u0644\u0642\u0631\u0627\u0621\u0629 \u0627\u0644\u0645\u064f\u0642\u062f\u0651\u0631":"6 \u062f\u0642\u0627\u0626\u0642"},"schema":{"@context":"https:\/\/schema.org","@graph":[{"@type":"WebPage","@id":"https:\/\/www.inp2020.tn\/inp_tunisie\/administration\/activites_dg_inp\/","url":"https:\/\/www.inp2020.tn\/inp_tunisie\/administration\/activites_dg_inp\/","name":"\u0646\u0634\u0627\u0637 \u0627\u0644\u0645\u062f\u064a\u0631 \u0627\u0644\u0639\u0627\u0645 \u0644\u0644\u0645\u0639\u0647\u062f \u0627\u0644\u0648\u0637\u0646\u064a \u0644\u0644\u062a\u0631\u0627\u062b - INP \u0627\u0644\u0645\u0639\u0647\u062f \u0627\u0644\u0648\u0637\u0646\u064a \u0644\u0644\u062a\u0631\u0627\u062b","isPartOf":{"@id":"https:\/\/www.inp2020.tn\/#website"},"primaryImageOfPage":{"@id":"https:\/\/www.inp2020.tn\/inp_tunisie\/administration\/activites_dg_inp\/#primaryimage"},"image":{"@id":"https:\/\/www.inp2020.tn\/inp_tunisie\/administration\/activites_dg_inp\/#primaryimage"},"thumbnailUrl":"https:\/\/www.inp2020.tn\/wp-content\/uploads\/2024\/04\/thina5.jpg","datePublished":"2023-10-16T21:16:19+00:00","dateModified":"2024-04-30T19:51:32+00:00","breadcrumb":{"@id":"https:\/\/www.inp2020.tn\/inp_tunisie\/administration\/activites_dg_inp\/#breadcrumb"},"inLanguage":"ar","potentialAction":[{"@type":"ReadAction","target":["https:\/\/www.inp2020.tn\/inp_tunisie\/administration\/activites_dg_inp\/"]}]},{"@type":"ImageObject","inLanguage":"ar","@id":"https:\/\/www.inp2020.tn\/inp_tunisie\/administration\/activites_dg_inp\/#primaryimage","url":"https:\/\/www.inp2020.tn\/wp-content\/uploads\/2024\/04\/thina5.jpg","contentUrl":"https:\/\/www.inp2020.tn\/wp-content\/uploads\/2024\/04\/thina5.jpg","width":2048,"height":1365,"caption":"thina"},{"@type":"BreadcrumbList","@id":"https:\/\/www.inp2020.tn\/inp_tunisie\/administration\/activites_dg_inp\/#breadcrumb","itemListElement":[{"@type":"ListItem","position":1,"name":"Home","item":"https:\/\/www.inp2020.tn\/"},{"@type":"ListItem","position":2,"name":"L&#8217;institut National du Patrimoine (\u00a0INP\u00a0)","item":"https:\/\/www.inp2020.tn\/inp_tunisie\/"},{"@type":"ListItem","position":3,"name":"Administration","item":"https:\/\/www.inp2020.tn\/inp_tunisie\/administration\/"},{"@type":"ListItem","position":4,"name":"Activit\u00e9s du Directeur G\u00e9n\u00e9ral de l&#8217;INP"}]},{"@type":"WebSite","@id":"https:\/\/www.inp2020.tn\/#website","url":"https:\/\/www.inp2020.tn\/","name":"INP \u0627\u0644\u0645\u0639\u0647\u062f \u0627\u0644\u0648\u0637\u0646\u064a \u0644\u0644\u062a\u0631\u0627\u062b","description":"Patrimoine Culturel \u062a\u0631\u0627\u062b \u062b\u0642\u0627\u0641\u064a","publisher":{"@id":"https:\/\/www.inp2020.tn\/#organization"},"potentialAction":[{"@type":"SearchAction","target":{"@type":"EntryPoint","urlTemplate":"https:\/\/www.inp2020.tn\/?s={search_term_string}"},"query-input":{"@type":"PropertyValueSpecification","valueRequired":true,"valueName":"search_term_string"}}],"inLanguage":"ar"},{"@type":"Organization","@id":"https:\/\/www.inp2020.tn\/#organization","name":"Institut National du Patrimoine - Tunisie","url":"https:\/\/www.inp2020.tn\/","logo":{"@type":"ImageObject","inLanguage":"ar","@id":"https:\/\/www.inp2020.tn\/#\/schema\/logo\/image\/","url":"http:\/\/www.inp2020.tn\/wp-content\/uploads\/2019\/12\/logo-inp-e1612522185676.jpg","contentUrl":"http:\/\/www.inp2020.tn\/wp-content\/uploads\/2019\/12\/logo-inp-e1612522185676.jpg","width":75,"height":75,"caption":"Institut National du Patrimoine - Tunisie"},"image":{"@id":"https:\/\/www.inp2020.tn\/#\/schema\/logo\/image\/"},"sameAs":["https:\/\/www.facebook.com\/Inp.Institut.National.Du.Patrimoine\/"]}]}},"_links":{"self":[{"href":"https:\/\/www.inp2020.tn\/ar\/wp-json\/wp\/v2\/pages\/7256","targetHints":{"allow":["GET"]}}],"collection":[{"href":"https:\/\/www.inp2020.tn\/ar\/wp-json\/wp\/v2\/pages"}],"about":[{"href":"https:\/\/www.inp2020.tn\/ar\/wp-json\/wp\/v2\/types\/page"}],"author":[{"embeddable":true,"href":"https:\/\/www.inp2020.tn\/ar\/wp-json\/wp\/v2\/users\/1"}],"replies":[{"embeddable":true,"href":"https:\/\/www.inp2020.tn\/ar\/wp-json\/wp\/v2\/comments?post=7256"}],"version-history":[{"count":50,"href":"https:\/\/www.inp2020.tn\/ar\/wp-json\/wp\/v2\/pages\/7256\/revisions"}],"predecessor-version":[{"id":8902,"href":"https:\/\/www.inp2020.tn\/ar\/wp-json\/wp\/v2\/pages\/7256\/revisions\/8902"}],"up":[{"embeddable":true,"href":"https:\/\/www.inp2020.tn\/ar\/wp-json\/wp\/v2\/pages\/332"}],"wp:featuredmedia":[{"embeddable":true,"href":"https:\/\/www.inp2020.tn\/ar\/wp-json\/wp\/v2\/media\/8639"}],"wp:attachment":[{"href":"https:\/\/www.inp2020.tn\/ar\/wp-json\/wp\/v2\/media?parent=7256"}],"curies":[{"name":"wp","href":"https:\/\/api.w.org\/{rel}","templated":true}]}}