{"id":13585,"date":"2025-05-28T11:16:09","date_gmt":"2025-05-28T10:16:09","guid":{"rendered":"https:\/\/www.inp2020.tn\/?page_id=13585"},"modified":"2025-05-28T18:56:23","modified_gmt":"2025-05-28T17:56:23","slug":"proc-f-archeo","status":"publish","type":"page","link":"https:\/\/www.inp2020.tn\/en\/activites-de-linp\/activites-scientifiques_inp\/proc-f-archeo\/","title":{"rendered":"Proceedings of archaeological sites in the sun and in the aquatic environment"},"content":{"rendered":"Download document Procedure_fouilles_archeologiques-INP2025 <a href=\"https:\/\/www.inp2020.tn\/en\/activites-de-linp\/activites-scientifiques_inp\/proc-f-archeo\/\" class=\"more-link\">(more&hellip;)<\/a>","protected":false},"excerpt":{"rendered":"<p>Download document (more&hellip;)<\/p>\n","protected":false},"author":1,"featured_media":0,"parent":1114,"menu_order":10,"comment_status":"closed","ping_status":"closed","template":"","meta":{"_uf_show_specific_survey":0,"_uf_disable_surveys":false,"footnotes":""},"class_list":["post-13585","page","type-page","status-publish","hentry"],"yoast_head":"<!-- This site is optimized with the Yoast SEO plugin v27.5 - https:\/\/yoast.com\/product\/yoast-seo-wordpress\/ -->\n<title>Proceedings of archaeological sites in the sun and in the aquatic environment - INP \u0627\u0644\u0645\u0639\u0647\u062f \u0627\u0644\u0648\u0637\u0646\u064a \u0644\u0644\u062a\u0631\u0627\u062b<\/title>\n<meta name=\"description\" content=\"(Fran\u00e7ais) Principales \u00e9tapes \u00e0 suivre pour conduire une fouille arch\u00e9ologique : Elaboration du dossier administratif, scientifique et technique, Retirer, remplir et soumettre le formulaire de \u00ab Demande d\u2019autorisation et de cr\u00e9dits projet de fouille et d\u2019\u00e9tude \u00bb, Evaluation du dossier par la Commission des fouilles et d\u00e9cision, Octroi de l\u2019Autorisation d\u2019une fouille arch\u00e9ologique par le Directeur g\u00e9n\u00e9ral de l\u2019INP, ...\" \/>\n<meta name=\"robots\" content=\"index, follow, max-snippet:-1, max-image-preview:large, max-video-preview:-1\" \/>\n<link rel=\"canonical\" href=\"https:\/\/www.inp2020.tn\/activites-de-linp\/activites-scientifiques_inp\/proc-f-archeo\/\" \/>\n<meta property=\"og:locale\" content=\"en_US\" \/>\n<meta property=\"og:type\" content=\"article\" \/>\n<meta property=\"og:title\" content=\"Proceedings of archaeological sites in the sun and in the aquatic environment - INP \u0627\u0644\u0645\u0639\u0647\u062f \u0627\u0644\u0648\u0637\u0646\u064a \u0644\u0644\u062a\u0631\u0627\u062b\" \/>\n<meta property=\"og:description\" content=\"{:fr}Principales \u00e9tapes \u00e0 suivre pour conduire une fouille arch\u00e9ologique : Elaboration du dossier administratif, scientifique et technique, Retirer, remplir et soumettre le formulaire de \u00ab Demande d\u2019autorisation et de cr\u00e9dits projet de fouille et d\u2019\u00e9tude \u00bb, Evaluation du dossier par la Commission des fouilles et d\u00e9cision, Octroi de l\u2019Autorisation d\u2019une fouille arch\u00e9ologique par le Directeur g\u00e9n\u00e9ral de l\u2019INP, ...{:}\" \/>\n<meta property=\"og:url\" content=\"https:\/\/www.inp2020.tn\/activites-de-linp\/activites-scientifiques_inp\/proc-f-archeo\/\" \/>\n<meta property=\"og:site_name\" content=\"INP \u0627\u0644\u0645\u0639\u0647\u062f \u0627\u0644\u0648\u0637\u0646\u064a \u0644\u0644\u062a\u0631\u0627\u062b\" \/>\n<meta property=\"article:publisher\" content=\"https:\/\/www.facebook.com\/Inp.Institut.National.Du.Patrimoine\/\" \/>\n<meta property=\"article:modified_time\" content=\"2025-05-28T17:56:23+00:00\" \/>\n<meta property=\"og:image\" content=\"https:\/\/www.inp2020.tn\/wp-content\/uploads\/2019\/12\/logo.jpg\" \/>\n\t<meta property=\"og:image:width\" content=\"350\" \/>\n\t<meta property=\"og:image:height\" content=\"60\" \/>\n\t<meta property=\"og:image:type\" content=\"image\/jpeg\" \/>\n<meta name=\"twitter:card\" content=\"summary_large_image\" \/>\n<meta name=\"twitter:label1\" content=\"Est. reading time\" \/>\n\t<meta name=\"twitter:data1\" content=\"1 minute\" \/>\n<script type=\"application\/ld+json\" class=\"yoast-schema-graph\">{\"@context\":\"https:\\\/\\\/schema.org\",\"@graph\":[{\"@type\":\"WebPage\",\"@id\":\"https:\\\/\\\/www.inp2020.tn\\\/activites-de-linp\\\/activites-scientifiques_inp\\\/proc-f-archeo\\\/\",\"url\":\"https:\\\/\\\/www.inp2020.tn\\\/activites-de-linp\\\/activites-scientifiques_inp\\\/proc-f-archeo\\\/\",\"name\":\"Proceedings of archaeological sites in the sun and in the aquatic environment - INP \u0627\u0644\u0645\u0639\u0647\u062f \u0627\u0644\u0648\u0637\u0646\u064a \u0644\u0644\u062a\u0631\u0627\u062b\",\"isPartOf\":{\"@id\":\"https:\\\/\\\/www.inp2020.tn\\\/#website\"},\"datePublished\":\"2025-05-28T10:16:09+00:00\",\"dateModified\":\"2025-05-28T17:56:23+00:00\",\"description\":\"{:fr}Principales \u00e9tapes \u00e0 suivre pour conduire une fouille arch\u00e9ologique : Elaboration du dossier administratif, scientifique et technique, Retirer, remplir et soumettre le formulaire de \u00ab Demande d\u2019autorisation et de cr\u00e9dits projet de fouille et d\u2019\u00e9tude \u00bb, Evaluation du dossier par la Commission des fouilles et d\u00e9cision, Octroi de l\u2019Autorisation d\u2019une fouille arch\u00e9ologique par le Directeur g\u00e9n\u00e9ral de l\u2019INP, ...{:}\",\"breadcrumb\":{\"@id\":\"https:\\\/\\\/www.inp2020.tn\\\/activites-de-linp\\\/activites-scientifiques_inp\\\/proc-f-archeo\\\/#breadcrumb\"},\"inLanguage\":\"en-US\",\"potentialAction\":[{\"@type\":\"ReadAction\",\"target\":[\"https:\\\/\\\/www.inp2020.tn\\\/activites-de-linp\\\/activites-scientifiques_inp\\\/proc-f-archeo\\\/\"]}]},{\"@type\":\"BreadcrumbList\",\"@id\":\"https:\\\/\\\/www.inp2020.tn\\\/activites-de-linp\\\/activites-scientifiques_inp\\\/proc-f-archeo\\\/#breadcrumb\",\"itemListElement\":[{\"@type\":\"ListItem\",\"position\":1,\"name\":\"Home\",\"item\":\"https:\\\/\\\/www.inp2020.tn\\\/\"},{\"@type\":\"ListItem\",\"position\":2,\"name\":\"\u0646\u0634\u0627\u0637 \u0627\u0644\u0645\u0639\u0647\u062f\",\"item\":\"https:\\\/\\\/www.inp2020.tn\\\/ar\\\/activites-de-linp\\\/\"},{\"@type\":\"ListItem\",\"position\":3,\"name\":\"Activit\u00e9s Scientifiques\",\"item\":\"https:\\\/\\\/www.inp2020.tn\\\/activites-de-linp\\\/activites-scientifiques_inp\\\/\"},{\"@type\":\"ListItem\",\"position\":4,\"name\":\"Proc\u00e9dure des fouilles arch\u00e9ologiques au sol et en milieu aquatique\"}]},{\"@type\":\"WebSite\",\"@id\":\"https:\\\/\\\/www.inp2020.tn\\\/#website\",\"url\":\"https:\\\/\\\/www.inp2020.tn\\\/\",\"name\":\"INP \u0627\u0644\u0645\u0639\u0647\u062f \u0627\u0644\u0648\u0637\u0646\u064a \u0644\u0644\u062a\u0631\u0627\u062b\",\"description\":\"\u0625\u0646 \u0639\u0644\u0645 \u0627\u0644\u0622\u062b\u0627\u0631 \u0647\u0648 \u0623\u0633\u0645\u0649 \u0623\u0646\u0648\u0627\u0639 \u0627\u0644\u0628\u062d\u0648\u062b\",\"publisher\":{\"@id\":\"https:\\\/\\\/www.inp2020.tn\\\/#organization\"},\"potentialAction\":[{\"@type\":\"SearchAction\",\"target\":{\"@type\":\"EntryPoint\",\"urlTemplate\":\"https:\\\/\\\/www.inp2020.tn\\\/?s={search_term_string}\"},\"query-input\":{\"@type\":\"PropertyValueSpecification\",\"valueRequired\":true,\"valueName\":\"search_term_string\"}}],\"inLanguage\":\"en-US\"},{\"@type\":\"Organization\",\"@id\":\"https:\\\/\\\/www.inp2020.tn\\\/#organization\",\"name\":\"Institut National du Patrimoine - Tunisie\",\"url\":\"https:\\\/\\\/www.inp2020.tn\\\/\",\"logo\":{\"@type\":\"ImageObject\",\"inLanguage\":\"en-US\",\"@id\":\"https:\\\/\\\/www.inp2020.tn\\\/#\\\/schema\\\/logo\\\/image\\\/\",\"url\":\"http:\\\/\\\/www.inp2020.tn\\\/wp-content\\\/uploads\\\/2019\\\/12\\\/logo-inp-e1612522185676.jpg\",\"contentUrl\":\"http:\\\/\\\/www.inp2020.tn\\\/wp-content\\\/uploads\\\/2019\\\/12\\\/logo-inp-e1612522185676.jpg\",\"width\":75,\"height\":75,\"caption\":\"Institut National du Patrimoine - Tunisie\"},\"image\":{\"@id\":\"https:\\\/\\\/www.inp2020.tn\\\/#\\\/schema\\\/logo\\\/image\\\/\"},\"sameAs\":[\"https:\\\/\\\/www.facebook.com\\\/Inp.Institut.National.Du.Patrimoine\\\/\"]}]}<\/script>\n<!-- \/ Yoast SEO plugin. -->","yoast_head_json":{"title":"Proceedings of archaeological sites in the sun and in the aquatic environment - INP \u0627\u0644\u0645\u0639\u0647\u062f \u0627\u0644\u0648\u0637\u0646\u064a \u0644\u0644\u062a\u0631\u0627\u062b","description":"(Fran\u00e7ais) Principales \u00e9tapes \u00e0 suivre pour conduire une fouille arch\u00e9ologique : Elaboration du dossier administratif, scientifique et technique, Retirer, remplir et soumettre le formulaire de \u00ab Demande d\u2019autorisation et de cr\u00e9dits projet de fouille et d\u2019\u00e9tude \u00bb, Evaluation du dossier par la Commission des fouilles et d\u00e9cision, Octroi de l\u2019Autorisation d\u2019une fouille arch\u00e9ologique par le Directeur g\u00e9n\u00e9ral de l\u2019INP, ...","robots":{"index":"index","follow":"follow","max-snippet":"max-snippet:-1","max-image-preview":"max-image-preview:large","max-video-preview":"max-video-preview:-1"},"canonical":"https:\/\/www.inp2020.tn\/activites-de-linp\/activites-scientifiques_inp\/proc-f-archeo\/","og_locale":"en_US","og_type":"article","og_title":"Proceedings of archaeological sites in the sun and in the aquatic environment - INP \u0627\u0644\u0645\u0639\u0647\u062f \u0627\u0644\u0648\u0637\u0646\u064a \u0644\u0644\u062a\u0631\u0627\u062b","og_description":"{:fr}Principales \u00e9tapes \u00e0 suivre pour conduire une fouille arch\u00e9ologique : Elaboration du dossier administratif, scientifique et technique, Retirer, remplir et soumettre le formulaire de \u00ab Demande d\u2019autorisation et de cr\u00e9dits projet de fouille et d\u2019\u00e9tude \u00bb, Evaluation du dossier par la Commission des fouilles et d\u00e9cision, Octroi de l\u2019Autorisation d\u2019une fouille arch\u00e9ologique par le Directeur g\u00e9n\u00e9ral de l\u2019INP, ...{:}","og_url":"https:\/\/www.inp2020.tn\/activites-de-linp\/activites-scientifiques_inp\/proc-f-archeo\/","og_site_name":"INP \u0627\u0644\u0645\u0639\u0647\u062f \u0627\u0644\u0648\u0637\u0646\u064a \u0644\u0644\u062a\u0631\u0627\u062b","article_publisher":"https:\/\/www.facebook.com\/Inp.Institut.National.Du.Patrimoine\/","article_modified_time":"2025-05-28T17:56:23+00:00","og_image":[{"width":350,"height":60,"url":"https:\/\/www.inp2020.tn\/wp-content\/uploads\/2019\/12\/logo.jpg","type":"image\/jpeg"}],"twitter_card":"summary_large_image","twitter_misc":{"Est. reading time":"1 minute"},"schema":{"@context":"https:\/\/schema.org","@graph":[{"@type":"WebPage","@id":"https:\/\/www.inp2020.tn\/activites-de-linp\/activites-scientifiques_inp\/proc-f-archeo\/","url":"https:\/\/www.inp2020.tn\/activites-de-linp\/activites-scientifiques_inp\/proc-f-archeo\/","name":"Proceedings of archaeological sites in the sun and in the aquatic environment - INP \u0627\u0644\u0645\u0639\u0647\u062f \u0627\u0644\u0648\u0637\u0646\u064a \u0644\u0644\u062a\u0631\u0627\u062b","isPartOf":{"@id":"https:\/\/www.inp2020.tn\/#website"},"datePublished":"2025-05-28T10:16:09+00:00","dateModified":"2025-05-28T17:56:23+00:00","description":"{:fr}Principales \u00e9tapes \u00e0 suivre pour conduire une fouille arch\u00e9ologique : Elaboration du dossier administratif, scientifique et technique, Retirer, remplir et soumettre le formulaire de \u00ab Demande d\u2019autorisation et de cr\u00e9dits projet de fouille et d\u2019\u00e9tude \u00bb, Evaluation du dossier par la Commission des fouilles et d\u00e9cision, Octroi de l\u2019Autorisation d\u2019une fouille arch\u00e9ologique par le Directeur g\u00e9n\u00e9ral de l\u2019INP, ...{:}","breadcrumb":{"@id":"https:\/\/www.inp2020.tn\/activites-de-linp\/activites-scientifiques_inp\/proc-f-archeo\/#breadcrumb"},"inLanguage":"en-US","potentialAction":[{"@type":"ReadAction","target":["https:\/\/www.inp2020.tn\/activites-de-linp\/activites-scientifiques_inp\/proc-f-archeo\/"]}]},{"@type":"BreadcrumbList","@id":"https:\/\/www.inp2020.tn\/activites-de-linp\/activites-scientifiques_inp\/proc-f-archeo\/#breadcrumb","itemListElement":[{"@type":"ListItem","position":1,"name":"Home","item":"https:\/\/www.inp2020.tn\/"},{"@type":"ListItem","position":2,"name":"\u0646\u0634\u0627\u0637 \u0627\u0644\u0645\u0639\u0647\u062f","item":"https:\/\/www.inp2020.tn\/ar\/activites-de-linp\/"},{"@type":"ListItem","position":3,"name":"Activit\u00e9s Scientifiques","item":"https:\/\/www.inp2020.tn\/activites-de-linp\/activites-scientifiques_inp\/"},{"@type":"ListItem","position":4,"name":"Proc\u00e9dure des fouilles arch\u00e9ologiques au sol et en milieu aquatique"}]},{"@type":"WebSite","@id":"https:\/\/www.inp2020.tn\/#website","url":"https:\/\/www.inp2020.tn\/","name":"INP \u0627\u0644\u0645\u0639\u0647\u062f \u0627\u0644\u0648\u0637\u0646\u064a \u0644\u0644\u062a\u0631\u0627\u062b","description":"\u0625\u0646 \u0639\u0644\u0645 \u0627\u0644\u0622\u062b\u0627\u0631 \u0647\u0648 \u0623\u0633\u0645\u0649 \u0623\u0646\u0648\u0627\u0639 \u0627\u0644\u0628\u062d\u0648\u062b","publisher":{"@id":"https:\/\/www.inp2020.tn\/#organization"},"potentialAction":[{"@type":"SearchAction","target":{"@type":"EntryPoint","urlTemplate":"https:\/\/www.inp2020.tn\/?s={search_term_string}"},"query-input":{"@type":"PropertyValueSpecification","valueRequired":true,"valueName":"search_term_string"}}],"inLanguage":"en-US"},{"@type":"Organization","@id":"https:\/\/www.inp2020.tn\/#organization","name":"Institut National du Patrimoine - Tunisie","url":"https:\/\/www.inp2020.tn\/","logo":{"@type":"ImageObject","inLanguage":"en-US","@id":"https:\/\/www.inp2020.tn\/#\/schema\/logo\/image\/","url":"http:\/\/www.inp2020.tn\/wp-content\/uploads\/2019\/12\/logo-inp-e1612522185676.jpg","contentUrl":"http:\/\/www.inp2020.tn\/wp-content\/uploads\/2019\/12\/logo-inp-e1612522185676.jpg","width":75,"height":75,"caption":"Institut National du Patrimoine - Tunisie"},"image":{"@id":"https:\/\/www.inp2020.tn\/#\/schema\/logo\/image\/"},"sameAs":["https:\/\/www.facebook.com\/Inp.Institut.National.Du.Patrimoine\/"]}]}},"_links":{"self":[{"href":"https:\/\/www.inp2020.tn\/en\/wp-json\/wp\/v2\/pages\/13585","targetHints":{"allow":["GET"]}}],"collection":[{"href":"https:\/\/www.inp2020.tn\/en\/wp-json\/wp\/v2\/pages"}],"about":[{"href":"https:\/\/www.inp2020.tn\/en\/wp-json\/wp\/v2\/types\/page"}],"author":[{"embeddable":true,"href":"https:\/\/www.inp2020.tn\/en\/wp-json\/wp\/v2\/users\/1"}],"replies":[{"embeddable":true,"href":"https:\/\/www.inp2020.tn\/en\/wp-json\/wp\/v2\/comments?post=13585"}],"version-history":[{"count":7,"href":"https:\/\/www.inp2020.tn\/en\/wp-json\/wp\/v2\/pages\/13585\/revisions"}],"predecessor-version":[{"id":13592,"href":"https:\/\/www.inp2020.tn\/en\/wp-json\/wp\/v2\/pages\/13585\/revisions\/13592"}],"up":[{"embeddable":true,"href":"https:\/\/www.inp2020.tn\/en\/wp-json\/wp\/v2\/pages\/1114"}],"wp:attachment":[{"href":"https:\/\/www.inp2020.tn\/en\/wp-json\/wp\/v2\/media?parent=13585"}],"curies":[{"name":"wp","href":"https:\/\/api.w.org\/{rel}","templated":true}]}}