{"id":178,"date":"2019-12-18T10:26:25","date_gmt":"2019-12-18T09:26:25","guid":{"rendered":"http:\/\/localhost:8080\/inp2020\/?page_id=178"},"modified":"2023-01-16T19:23:55","modified_gmt":"2023-01-16T18:23:55","slug":"inp_tunisie","status":"publish","type":"page","link":"https:\/\/www.inp2020.tn\/en\/inp_tunisie\/","title":{"rendered":"The National Heritage Institute (INP)"},"content":{"rendered":"The National Heritage Institute (INP) is a public administrative institution with legal personality and financial autonomy. It is under the <a href=\"https:\/\/www.inp2020.tn\/en\/inp_tunisie\/\" class=\"more-link\">(more&hellip;)<\/a>","protected":false},"excerpt":{"rendered":"<p>Sorry, this entry is only available in Fran\u00e7ais. (more&hellip;)<\/p>\n","protected":false},"author":1,"featured_media":54,"parent":0,"menu_order":1,"comment_status":"closed","ping_status":"closed","template":"","meta":{"_uf_show_specific_survey":0,"_uf_disable_surveys":false,"footnotes":""},"class_list":["post-178","page","type-page","status-publish","has-post-thumbnail","hentry"],"yoast_head":"<!-- This site is optimized with the Yoast SEO plugin v27.4 - https:\/\/yoast.com\/product\/yoast-seo-wordpress\/ -->\n<title>The National Heritage Institute (INP) - INP \u0627\u0644\u0645\u0639\u0647\u062f \u0627\u0644\u0648\u0637\u0646\u064a \u0644\u0644\u062a\u0631\u0627\u062b<\/title>\n<meta name=\"description\" content=\"(Fran\u00e7ais) institution scientifique et technique charg\u00e9e d&#039;\u00e9tablir l&#039;inventaire du patrimoine culturel, arch\u00e9ologique, historique, civilisationnel et artistique, de son \u00e9tude , de sa sauvegarde et de sa mise en valeur.\" \/>\n<meta name=\"robots\" content=\"index, follow, max-snippet:-1, max-image-preview:large, max-video-preview:-1\" \/>\n<link rel=\"canonical\" href=\"https:\/\/www.inp2020.tn\/inp_tunisie\/\" \/>\n<meta property=\"og:locale\" content=\"en_US\" \/>\n<meta property=\"og:type\" content=\"article\" \/>\n<meta property=\"og:title\" content=\"The National Heritage Institute (INP) - INP \u0627\u0644\u0645\u0639\u0647\u062f \u0627\u0644\u0648\u0637\u0646\u064a \u0644\u0644\u062a\u0631\u0627\u062b\" \/>\n<meta property=\"og:description\" content=\"{:fr}institution scientifique et technique charg\u00e9e d&#039;\u00e9tablir l&#039;inventaire du patrimoine culturel, arch\u00e9ologique, historique, civilisationnel et artistique, de son \u00e9tude , de sa sauvegarde et de sa mise en valeur.{:}\" \/>\n<meta property=\"og:url\" content=\"https:\/\/www.inp2020.tn\/inp_tunisie\/\" \/>\n<meta property=\"og:site_name\" content=\"INP \u0627\u0644\u0645\u0639\u0647\u062f \u0627\u0644\u0648\u0637\u0646\u064a \u0644\u0644\u062a\u0631\u0627\u062b\" \/>\n<meta property=\"article:publisher\" content=\"https:\/\/www.facebook.com\/Inp.Institut.National.Du.Patrimoine\/\" \/>\n<meta property=\"article:modified_time\" content=\"2023-01-16T18:23:55+00:00\" \/>\n<meta property=\"og:image\" content=\"http:\/\/www.inp2020.tn\/wp-content\/uploads\/2019\/12\/cromanaf8-1.jpg\" \/>\n\t<meta property=\"og:image:width\" content=\"768\" \/>\n\t<meta property=\"og:image:height\" content=\"512\" \/>\n\t<meta property=\"og:image:type\" content=\"image\/jpeg\" \/>\n<meta name=\"twitter:card\" content=\"summary_large_image\" \/>\n<meta name=\"twitter:label1\" content=\"Est. reading time\" \/>\n\t<meta name=\"twitter:data1\" content=\"10 minutes\" \/>\n<script type=\"application\/ld+json\" class=\"yoast-schema-graph\">{\"@context\":\"https:\\\/\\\/schema.org\",\"@graph\":[{\"@type\":\"WebPage\",\"@id\":\"https:\\\/\\\/www.inp2020.tn\\\/inp_tunisie\\\/\",\"url\":\"https:\\\/\\\/www.inp2020.tn\\\/inp_tunisie\\\/\",\"name\":\"The National Heritage Institute (INP) - INP \u0627\u0644\u0645\u0639\u0647\u062f \u0627\u0644\u0648\u0637\u0646\u064a \u0644\u0644\u062a\u0631\u0627\u062b\",\"isPartOf\":{\"@id\":\"https:\\\/\\\/www.inp2020.tn\\\/#website\"},\"primaryImageOfPage\":{\"@id\":\"https:\\\/\\\/www.inp2020.tn\\\/inp_tunisie\\\/#primaryimage\"},\"image\":{\"@id\":\"https:\\\/\\\/www.inp2020.tn\\\/inp_tunisie\\\/#primaryimage\"},\"thumbnailUrl\":\"https:\\\/\\\/www.inp2020.tn\\\/wp-content\\\/uploads\\\/2019\\\/12\\\/cromanaf8-1.jpg\",\"datePublished\":\"2019-12-18T09:26:25+00:00\",\"dateModified\":\"2023-01-16T18:23:55+00:00\",\"description\":\"{:fr}institution scientifique et technique charg\u00e9e d'\u00e9tablir l'inventaire du patrimoine culturel, arch\u00e9ologique, historique, civilisationnel et artistique, de son \u00e9tude , de sa sauvegarde et de sa mise en valeur.{:}\",\"breadcrumb\":{\"@id\":\"https:\\\/\\\/www.inp2020.tn\\\/inp_tunisie\\\/#breadcrumb\"},\"inLanguage\":\"en-US\",\"potentialAction\":[{\"@type\":\"ReadAction\",\"target\":[\"https:\\\/\\\/www.inp2020.tn\\\/inp_tunisie\\\/\"]}]},{\"@type\":\"ImageObject\",\"inLanguage\":\"en-US\",\"@id\":\"https:\\\/\\\/www.inp2020.tn\\\/inp_tunisie\\\/#primaryimage\",\"url\":\"https:\\\/\\\/www.inp2020.tn\\\/wp-content\\\/uploads\\\/2019\\\/12\\\/cromanaf8-1.jpg\",\"contentUrl\":\"https:\\\/\\\/www.inp2020.tn\\\/wp-content\\\/uploads\\\/2019\\\/12\\\/cromanaf8-1.jpg\",\"width\":768,\"height\":512,\"caption\":\"Dougga\"},{\"@type\":\"BreadcrumbList\",\"@id\":\"https:\\\/\\\/www.inp2020.tn\\\/inp_tunisie\\\/#breadcrumb\",\"itemListElement\":[{\"@type\":\"ListItem\",\"position\":1,\"name\":\"Home\",\"item\":\"https:\\\/\\\/www.inp2020.tn\\\/\"},{\"@type\":\"ListItem\",\"position\":2,\"name\":\"L&#8217;institut National du Patrimoine (\u00a0INP\u00a0)\"}]},{\"@type\":\"WebSite\",\"@id\":\"https:\\\/\\\/www.inp2020.tn\\\/#website\",\"url\":\"https:\\\/\\\/www.inp2020.tn\\\/\",\"name\":\"INP \u0627\u0644\u0645\u0639\u0647\u062f \u0627\u0644\u0648\u0637\u0646\u064a \u0644\u0644\u062a\u0631\u0627\u062b\",\"description\":\"Patrimoine Culturel \u062a\u0631\u0627\u062b \u062b\u0642\u0627\u0641\u064a\",\"publisher\":{\"@id\":\"https:\\\/\\\/www.inp2020.tn\\\/#organization\"},\"potentialAction\":[{\"@type\":\"SearchAction\",\"target\":{\"@type\":\"EntryPoint\",\"urlTemplate\":\"https:\\\/\\\/www.inp2020.tn\\\/?s={search_term_string}\"},\"query-input\":{\"@type\":\"PropertyValueSpecification\",\"valueRequired\":true,\"valueName\":\"search_term_string\"}}],\"inLanguage\":\"en-US\"},{\"@type\":\"Organization\",\"@id\":\"https:\\\/\\\/www.inp2020.tn\\\/#organization\",\"name\":\"Institut National du Patrimoine - Tunisie\",\"url\":\"https:\\\/\\\/www.inp2020.tn\\\/\",\"logo\":{\"@type\":\"ImageObject\",\"inLanguage\":\"en-US\",\"@id\":\"https:\\\/\\\/www.inp2020.tn\\\/#\\\/schema\\\/logo\\\/image\\\/\",\"url\":\"http:\\\/\\\/www.inp2020.tn\\\/wp-content\\\/uploads\\\/2019\\\/12\\\/logo-inp-e1612522185676.jpg\",\"contentUrl\":\"http:\\\/\\\/www.inp2020.tn\\\/wp-content\\\/uploads\\\/2019\\\/12\\\/logo-inp-e1612522185676.jpg\",\"width\":75,\"height\":75,\"caption\":\"Institut National du Patrimoine - Tunisie\"},\"image\":{\"@id\":\"https:\\\/\\\/www.inp2020.tn\\\/#\\\/schema\\\/logo\\\/image\\\/\"},\"sameAs\":[\"https:\\\/\\\/www.facebook.com\\\/Inp.Institut.National.Du.Patrimoine\\\/\"]}]}<\/script>\n<!-- \/ Yoast SEO plugin. -->","yoast_head_json":{"title":"The National Heritage Institute (INP) - INP \u0627\u0644\u0645\u0639\u0647\u062f \u0627\u0644\u0648\u0637\u0646\u064a \u0644\u0644\u062a\u0631\u0627\u062b","description":"(Fran\u00e7ais) institution scientifique et technique charg\u00e9e d'\u00e9tablir l'inventaire du patrimoine culturel, arch\u00e9ologique, historique, civilisationnel et artistique, de son \u00e9tude , de sa sauvegarde et de sa mise en valeur.","robots":{"index":"index","follow":"follow","max-snippet":"max-snippet:-1","max-image-preview":"max-image-preview:large","max-video-preview":"max-video-preview:-1"},"canonical":"https:\/\/www.inp2020.tn\/inp_tunisie\/","og_locale":"en_US","og_type":"article","og_title":"The National Heritage Institute (INP) - INP \u0627\u0644\u0645\u0639\u0647\u062f \u0627\u0644\u0648\u0637\u0646\u064a \u0644\u0644\u062a\u0631\u0627\u062b","og_description":"{:fr}institution scientifique et technique charg\u00e9e d'\u00e9tablir l'inventaire du patrimoine culturel, arch\u00e9ologique, historique, civilisationnel et artistique, de son \u00e9tude , de sa sauvegarde et de sa mise en valeur.{:}","og_url":"https:\/\/www.inp2020.tn\/inp_tunisie\/","og_site_name":"INP \u0627\u0644\u0645\u0639\u0647\u062f \u0627\u0644\u0648\u0637\u0646\u064a \u0644\u0644\u062a\u0631\u0627\u062b","article_publisher":"https:\/\/www.facebook.com\/Inp.Institut.National.Du.Patrimoine\/","article_modified_time":"2023-01-16T18:23:55+00:00","og_image":[{"width":768,"height":512,"url":"http:\/\/www.inp2020.tn\/wp-content\/uploads\/2019\/12\/cromanaf8-1.jpg","type":"image\/jpeg"}],"twitter_card":"summary_large_image","twitter_misc":{"Est. reading time":"10 minutes"},"schema":{"@context":"https:\/\/schema.org","@graph":[{"@type":"WebPage","@id":"https:\/\/www.inp2020.tn\/inp_tunisie\/","url":"https:\/\/www.inp2020.tn\/inp_tunisie\/","name":"The National Heritage Institute (INP) - INP \u0627\u0644\u0645\u0639\u0647\u062f \u0627\u0644\u0648\u0637\u0646\u064a \u0644\u0644\u062a\u0631\u0627\u062b","isPartOf":{"@id":"https:\/\/www.inp2020.tn\/#website"},"primaryImageOfPage":{"@id":"https:\/\/www.inp2020.tn\/inp_tunisie\/#primaryimage"},"image":{"@id":"https:\/\/www.inp2020.tn\/inp_tunisie\/#primaryimage"},"thumbnailUrl":"https:\/\/www.inp2020.tn\/wp-content\/uploads\/2019\/12\/cromanaf8-1.jpg","datePublished":"2019-12-18T09:26:25+00:00","dateModified":"2023-01-16T18:23:55+00:00","description":"{:fr}institution scientifique et technique charg\u00e9e d'\u00e9tablir l'inventaire du patrimoine culturel, arch\u00e9ologique, historique, civilisationnel et artistique, de son \u00e9tude , de sa sauvegarde et de sa mise en valeur.{:}","breadcrumb":{"@id":"https:\/\/www.inp2020.tn\/inp_tunisie\/#breadcrumb"},"inLanguage":"en-US","potentialAction":[{"@type":"ReadAction","target":["https:\/\/www.inp2020.tn\/inp_tunisie\/"]}]},{"@type":"ImageObject","inLanguage":"en-US","@id":"https:\/\/www.inp2020.tn\/inp_tunisie\/#primaryimage","url":"https:\/\/www.inp2020.tn\/wp-content\/uploads\/2019\/12\/cromanaf8-1.jpg","contentUrl":"https:\/\/www.inp2020.tn\/wp-content\/uploads\/2019\/12\/cromanaf8-1.jpg","width":768,"height":512,"caption":"Dougga"},{"@type":"BreadcrumbList","@id":"https:\/\/www.inp2020.tn\/inp_tunisie\/#breadcrumb","itemListElement":[{"@type":"ListItem","position":1,"name":"Home","item":"https:\/\/www.inp2020.tn\/"},{"@type":"ListItem","position":2,"name":"L&#8217;institut National du Patrimoine (\u00a0INP\u00a0)"}]},{"@type":"WebSite","@id":"https:\/\/www.inp2020.tn\/#website","url":"https:\/\/www.inp2020.tn\/","name":"INP \u0627\u0644\u0645\u0639\u0647\u062f \u0627\u0644\u0648\u0637\u0646\u064a \u0644\u0644\u062a\u0631\u0627\u062b","description":"Patrimoine Culturel \u062a\u0631\u0627\u062b \u062b\u0642\u0627\u0641\u064a","publisher":{"@id":"https:\/\/www.inp2020.tn\/#organization"},"potentialAction":[{"@type":"SearchAction","target":{"@type":"EntryPoint","urlTemplate":"https:\/\/www.inp2020.tn\/?s={search_term_string}"},"query-input":{"@type":"PropertyValueSpecification","valueRequired":true,"valueName":"search_term_string"}}],"inLanguage":"en-US"},{"@type":"Organization","@id":"https:\/\/www.inp2020.tn\/#organization","name":"Institut National du Patrimoine - Tunisie","url":"https:\/\/www.inp2020.tn\/","logo":{"@type":"ImageObject","inLanguage":"en-US","@id":"https:\/\/www.inp2020.tn\/#\/schema\/logo\/image\/","url":"http:\/\/www.inp2020.tn\/wp-content\/uploads\/2019\/12\/logo-inp-e1612522185676.jpg","contentUrl":"http:\/\/www.inp2020.tn\/wp-content\/uploads\/2019\/12\/logo-inp-e1612522185676.jpg","width":75,"height":75,"caption":"Institut National du Patrimoine - Tunisie"},"image":{"@id":"https:\/\/www.inp2020.tn\/#\/schema\/logo\/image\/"},"sameAs":["https:\/\/www.facebook.com\/Inp.Institut.National.Du.Patrimoine\/"]}]}},"_links":{"self":[{"href":"https:\/\/www.inp2020.tn\/en\/wp-json\/wp\/v2\/pages\/178","targetHints":{"allow":["GET"]}}],"collection":[{"href":"https:\/\/www.inp2020.tn\/en\/wp-json\/wp\/v2\/pages"}],"about":[{"href":"https:\/\/www.inp2020.tn\/en\/wp-json\/wp\/v2\/types\/page"}],"author":[{"embeddable":true,"href":"https:\/\/www.inp2020.tn\/en\/wp-json\/wp\/v2\/users\/1"}],"replies":[{"embeddable":true,"href":"https:\/\/www.inp2020.tn\/en\/wp-json\/wp\/v2\/comments?post=178"}],"version-history":[{"count":28,"href":"https:\/\/www.inp2020.tn\/en\/wp-json\/wp\/v2\/pages\/178\/revisions"}],"predecessor-version":[{"id":6329,"href":"https:\/\/www.inp2020.tn\/en\/wp-json\/wp\/v2\/pages\/178\/revisions\/6329"}],"wp:featuredmedia":[{"embeddable":true,"href":"https:\/\/www.inp2020.tn\/en\/wp-json\/wp\/v2\/media\/54"}],"wp:attachment":[{"href":"https:\/\/www.inp2020.tn\/en\/wp-json\/wp\/v2\/media?parent=178"}],"curies":[{"name":"wp","href":"https:\/\/api.w.org\/{rel}","templated":true}]}}