{"id":2782,"date":"2021-02-08T13:09:52","date_gmt":"2021-02-08T12:09:52","guid":{"rendered":"http:\/\/www.inp2020.tn\/?page_id=2782"},"modified":"2022-06-06T13:44:00","modified_gmt":"2022-06-06T12:44:00","slug":"_feuilles_1-50000_prospectees","status":"publish","type":"page","link":"https:\/\/www.inp2020.tn\/en\/projets\/_feuilles_1-50000_prospectees\/","title":{"rendered":"(Fran\u00e7ais) Feuilles 1\/50 000 prospect\u00e9es"},"content":{"rendered":"Sorry, this entry is only available in Fran\u00e7ais and \u0627\u0644\u0639\u0631\u0628\u064a\u0629. <a href=\"https:\/\/www.inp2020.tn\/en\/projets\/_feuilles_1-50000_prospectees\/\" class=\"more-link\">(more&hellip;)<\/a>","protected":false},"excerpt":{"rendered":"<p>Sorry, this entry is only available in Fran\u00e7ais and \u0627\u0644\u0639\u0631\u0628\u064a\u0629. (more&hellip;)<\/p>\n","protected":false},"author":1,"featured_media":0,"parent":931,"menu_order":17,"comment_status":"closed","ping_status":"closed","template":"","meta":{"_uf_show_specific_survey":0,"_uf_disable_surveys":false,"footnotes":""},"class_list":["post-2782","page","type-page","status-publish","hentry"],"yoast_head":"<!-- This site is optimized with the Yoast SEO plugin v27.5 - https:\/\/yoast.com\/product\/yoast-seo-wordpress\/ -->\n<title>(Fran\u00e7ais) Feuilles 1\/50 000 prospect\u00e9es - INP \u0627\u0644\u0645\u0639\u0647\u062f \u0627\u0644\u0648\u0637\u0646\u064a \u0644\u0644\u062a\u0631\u0627\u062b<\/title>\n<meta name=\"description\" content=\"(Fran\u00e7ais) Il est institu\u00e9 une carte nationale des sites arch\u00e9ologiques et des monuments historiques en terre et en mer dans le but d\u2019\u00e9tablir l\u2019inventaire g\u00e9n\u00e9ral des lieux et \u00e9difices qui constituent une partie du patrimoine culturel national.\" \/>\n<meta name=\"robots\" content=\"index, follow, max-snippet:-1, max-image-preview:large, max-video-preview:-1\" \/>\n<link rel=\"canonical\" href=\"https:\/\/www.inp2020.tn\/ar\/projets\/_feuilles_1-50000_prospectees\/\" \/>\n<meta property=\"og:locale\" content=\"en_US\" \/>\n<meta property=\"og:type\" content=\"article\" \/>\n<meta property=\"og:title\" content=\"(Fran\u00e7ais) Feuilles 1\/50 000 prospect\u00e9es - INP \u0627\u0644\u0645\u0639\u0647\u062f \u0627\u0644\u0648\u0637\u0646\u064a \u0644\u0644\u062a\u0631\u0627\u062b\" \/>\n<meta property=\"og:description\" content=\"(Fran\u00e7ais) Il est institu\u00e9 une carte nationale des sites arch\u00e9ologiques et des monuments historiques en terre et en mer dans le but d\u2019\u00e9tablir l\u2019inventaire g\u00e9n\u00e9ral des lieux et \u00e9difices qui constituent une partie du patrimoine culturel national.\" \/>\n<meta property=\"og:url\" content=\"https:\/\/www.inp2020.tn\/ar\/projets\/_feuilles_1-50000_prospectees\/\" \/>\n<meta property=\"og:site_name\" content=\"INP \u0627\u0644\u0645\u0639\u0647\u062f \u0627\u0644\u0648\u0637\u0646\u064a \u0644\u0644\u062a\u0631\u0627\u062b\" \/>\n<meta property=\"article:publisher\" content=\"https:\/\/www.facebook.com\/Inp.Institut.National.Du.Patrimoine\/\" \/>\n<meta property=\"article:modified_time\" content=\"2022-06-06T12:44:00+00:00\" \/>\n<meta property=\"og:image\" content=\"https:\/\/www.inp2020.tn\/carte_archeo\/img\/puce_menu.gif\" \/>\n<meta name=\"twitter:card\" content=\"summary_large_image\" \/>\n<meta name=\"twitter:label1\" content=\"Est. reading time\" \/>\n\t<meta name=\"twitter:data1\" content=\"4 minutes\" \/>\n<script type=\"application\/ld+json\" class=\"yoast-schema-graph\">{\"@context\":\"https:\\\/\\\/schema.org\",\"@graph\":[{\"@type\":\"WebPage\",\"@id\":\"https:\\\/\\\/www.inp2020.tn\\\/ar\\\/projets\\\/_feuilles_1-50000_prospectees\\\/\",\"url\":\"https:\\\/\\\/www.inp2020.tn\\\/ar\\\/projets\\\/_feuilles_1-50000_prospectees\\\/\",\"name\":\"(Fran\u00e7ais) Feuilles 1\\\/50 000 prospect\u00e9es - INP \u0627\u0644\u0645\u0639\u0647\u062f \u0627\u0644\u0648\u0637\u0646\u064a \u0644\u0644\u062a\u0631\u0627\u062b\",\"isPartOf\":{\"@id\":\"https:\\\/\\\/www.inp2020.tn\\\/#website\"},\"primaryImageOfPage\":{\"@id\":\"https:\\\/\\\/www.inp2020.tn\\\/ar\\\/projets\\\/_feuilles_1-50000_prospectees\\\/#primaryimage\"},\"image\":{\"@id\":\"https:\\\/\\\/www.inp2020.tn\\\/ar\\\/projets\\\/_feuilles_1-50000_prospectees\\\/#primaryimage\"},\"thumbnailUrl\":\"https:\\\/\\\/www.inp2020.tn\\\/carte_archeo\\\/img\\\/puce_menu.gif\",\"datePublished\":\"2021-02-08T12:09:52+00:00\",\"dateModified\":\"2022-06-06T12:44:00+00:00\",\"description\":\"(Fran\u00e7ais) Il est institu\u00e9 une carte nationale des sites arch\u00e9ologiques et des monuments historiques en terre et en mer dans le but d\u2019\u00e9tablir l\u2019inventaire g\u00e9n\u00e9ral des lieux et \u00e9difices qui constituent une partie du patrimoine culturel national.\",\"breadcrumb\":{\"@id\":\"https:\\\/\\\/www.inp2020.tn\\\/ar\\\/projets\\\/_feuilles_1-50000_prospectees\\\/#breadcrumb\"},\"inLanguage\":\"en-US\",\"potentialAction\":[{\"@type\":\"ReadAction\",\"target\":[\"https:\\\/\\\/www.inp2020.tn\\\/ar\\\/projets\\\/_feuilles_1-50000_prospectees\\\/\"]}]},{\"@type\":\"ImageObject\",\"inLanguage\":\"en-US\",\"@id\":\"https:\\\/\\\/www.inp2020.tn\\\/ar\\\/projets\\\/_feuilles_1-50000_prospectees\\\/#primaryimage\",\"url\":\"https:\\\/\\\/www.inp2020.tn\\\/carte_archeo\\\/img\\\/puce_menu.gif\",\"contentUrl\":\"https:\\\/\\\/www.inp2020.tn\\\/carte_archeo\\\/img\\\/puce_menu.gif\"},{\"@type\":\"BreadcrumbList\",\"@id\":\"https:\\\/\\\/www.inp2020.tn\\\/ar\\\/projets\\\/_feuilles_1-50000_prospectees\\\/#breadcrumb\",\"itemListElement\":[{\"@type\":\"ListItem\",\"position\":1,\"name\":\"Home\",\"item\":\"https:\\\/\\\/www.inp2020.tn\\\/\"},{\"@type\":\"ListItem\",\"position\":2,\"name\":\"\u0627\u0644\u0645\u0634\u0627\u0631\u064a\u0639\",\"item\":\"https:\\\/\\\/www.inp2020.tn\\\/ar\\\/projets\\\/\"},{\"@type\":\"ListItem\",\"position\":3,\"name\":\"\u0627\u0644\u062e\u0631\u0627\u0626\u0637 \u0630\u0627\u062a \u0628\u0639\u062f 1\\\/50000 \u0627\u0644\u0645\u0633\u062a\u0643\u0634\u0641\u0629\"}]},{\"@type\":\"WebSite\",\"@id\":\"https:\\\/\\\/www.inp2020.tn\\\/#website\",\"url\":\"https:\\\/\\\/www.inp2020.tn\\\/\",\"name\":\"INP \u0627\u0644\u0645\u0639\u0647\u062f \u0627\u0644\u0648\u0637\u0646\u064a \u0644\u0644\u062a\u0631\u0627\u062b\",\"description\":\"\u0625\u0646 \u0639\u0644\u0645 \u0627\u0644\u0622\u062b\u0627\u0631 \u0647\u0648 \u0623\u0633\u0645\u0649 \u0623\u0646\u0648\u0627\u0639 \u0627\u0644\u0628\u062d\u0648\u062b\",\"publisher\":{\"@id\":\"https:\\\/\\\/www.inp2020.tn\\\/#organization\"},\"potentialAction\":[{\"@type\":\"SearchAction\",\"target\":{\"@type\":\"EntryPoint\",\"urlTemplate\":\"https:\\\/\\\/www.inp2020.tn\\\/?s={search_term_string}\"},\"query-input\":{\"@type\":\"PropertyValueSpecification\",\"valueRequired\":true,\"valueName\":\"search_term_string\"}}],\"inLanguage\":\"en-US\"},{\"@type\":\"Organization\",\"@id\":\"https:\\\/\\\/www.inp2020.tn\\\/#organization\",\"name\":\"Institut National du Patrimoine - Tunisie\",\"url\":\"https:\\\/\\\/www.inp2020.tn\\\/\",\"logo\":{\"@type\":\"ImageObject\",\"inLanguage\":\"en-US\",\"@id\":\"https:\\\/\\\/www.inp2020.tn\\\/#\\\/schema\\\/logo\\\/image\\\/\",\"url\":\"http:\\\/\\\/www.inp2020.tn\\\/wp-content\\\/uploads\\\/2019\\\/12\\\/logo-inp-e1612522185676.jpg\",\"contentUrl\":\"http:\\\/\\\/www.inp2020.tn\\\/wp-content\\\/uploads\\\/2019\\\/12\\\/logo-inp-e1612522185676.jpg\",\"width\":75,\"height\":75,\"caption\":\"Institut National du Patrimoine - Tunisie\"},\"image\":{\"@id\":\"https:\\\/\\\/www.inp2020.tn\\\/#\\\/schema\\\/logo\\\/image\\\/\"},\"sameAs\":[\"https:\\\/\\\/www.facebook.com\\\/Inp.Institut.National.Du.Patrimoine\\\/\"]}]}<\/script>\n<!-- \/ Yoast SEO plugin. -->","yoast_head_json":{"title":"(Fran\u00e7ais) Feuilles 1\/50 000 prospect\u00e9es - INP \u0627\u0644\u0645\u0639\u0647\u062f \u0627\u0644\u0648\u0637\u0646\u064a \u0644\u0644\u062a\u0631\u0627\u062b","description":"(Fran\u00e7ais) Il est institu\u00e9 une carte nationale des sites arch\u00e9ologiques et des monuments historiques en terre et en mer dans le but d\u2019\u00e9tablir l\u2019inventaire g\u00e9n\u00e9ral des lieux et \u00e9difices qui constituent une partie du patrimoine culturel national.","robots":{"index":"index","follow":"follow","max-snippet":"max-snippet:-1","max-image-preview":"max-image-preview:large","max-video-preview":"max-video-preview:-1"},"canonical":"https:\/\/www.inp2020.tn\/ar\/projets\/_feuilles_1-50000_prospectees\/","og_locale":"en_US","og_type":"article","og_title":"(Fran\u00e7ais) Feuilles 1\/50 000 prospect\u00e9es - INP \u0627\u0644\u0645\u0639\u0647\u062f \u0627\u0644\u0648\u0637\u0646\u064a \u0644\u0644\u062a\u0631\u0627\u062b","og_description":"(Fran\u00e7ais) Il est institu\u00e9 une carte nationale des sites arch\u00e9ologiques et des monuments historiques en terre et en mer dans le but d\u2019\u00e9tablir l\u2019inventaire g\u00e9n\u00e9ral des lieux et \u00e9difices qui constituent une partie du patrimoine culturel national.","og_url":"https:\/\/www.inp2020.tn\/ar\/projets\/_feuilles_1-50000_prospectees\/","og_site_name":"INP \u0627\u0644\u0645\u0639\u0647\u062f \u0627\u0644\u0648\u0637\u0646\u064a \u0644\u0644\u062a\u0631\u0627\u062b","article_publisher":"https:\/\/www.facebook.com\/Inp.Institut.National.Du.Patrimoine\/","article_modified_time":"2022-06-06T12:44:00+00:00","og_image":[{"url":"https:\/\/www.inp2020.tn\/carte_archeo\/img\/puce_menu.gif","type":"","width":"","height":""}],"twitter_card":"summary_large_image","twitter_misc":{"Est. reading time":"4 minutes"},"schema":{"@context":"https:\/\/schema.org","@graph":[{"@type":"WebPage","@id":"https:\/\/www.inp2020.tn\/ar\/projets\/_feuilles_1-50000_prospectees\/","url":"https:\/\/www.inp2020.tn\/ar\/projets\/_feuilles_1-50000_prospectees\/","name":"(Fran\u00e7ais) Feuilles 1\/50 000 prospect\u00e9es - INP \u0627\u0644\u0645\u0639\u0647\u062f \u0627\u0644\u0648\u0637\u0646\u064a \u0644\u0644\u062a\u0631\u0627\u062b","isPartOf":{"@id":"https:\/\/www.inp2020.tn\/#website"},"primaryImageOfPage":{"@id":"https:\/\/www.inp2020.tn\/ar\/projets\/_feuilles_1-50000_prospectees\/#primaryimage"},"image":{"@id":"https:\/\/www.inp2020.tn\/ar\/projets\/_feuilles_1-50000_prospectees\/#primaryimage"},"thumbnailUrl":"https:\/\/www.inp2020.tn\/carte_archeo\/img\/puce_menu.gif","datePublished":"2021-02-08T12:09:52+00:00","dateModified":"2022-06-06T12:44:00+00:00","description":"(Fran\u00e7ais) Il est institu\u00e9 une carte nationale des sites arch\u00e9ologiques et des monuments historiques en terre et en mer dans le but d\u2019\u00e9tablir l\u2019inventaire g\u00e9n\u00e9ral des lieux et \u00e9difices qui constituent une partie du patrimoine culturel national.","breadcrumb":{"@id":"https:\/\/www.inp2020.tn\/ar\/projets\/_feuilles_1-50000_prospectees\/#breadcrumb"},"inLanguage":"en-US","potentialAction":[{"@type":"ReadAction","target":["https:\/\/www.inp2020.tn\/ar\/projets\/_feuilles_1-50000_prospectees\/"]}]},{"@type":"ImageObject","inLanguage":"en-US","@id":"https:\/\/www.inp2020.tn\/ar\/projets\/_feuilles_1-50000_prospectees\/#primaryimage","url":"https:\/\/www.inp2020.tn\/carte_archeo\/img\/puce_menu.gif","contentUrl":"https:\/\/www.inp2020.tn\/carte_archeo\/img\/puce_menu.gif"},{"@type":"BreadcrumbList","@id":"https:\/\/www.inp2020.tn\/ar\/projets\/_feuilles_1-50000_prospectees\/#breadcrumb","itemListElement":[{"@type":"ListItem","position":1,"name":"Home","item":"https:\/\/www.inp2020.tn\/"},{"@type":"ListItem","position":2,"name":"\u0627\u0644\u0645\u0634\u0627\u0631\u064a\u0639","item":"https:\/\/www.inp2020.tn\/ar\/projets\/"},{"@type":"ListItem","position":3,"name":"\u0627\u0644\u062e\u0631\u0627\u0626\u0637 \u0630\u0627\u062a \u0628\u0639\u062f 1\/50000 \u0627\u0644\u0645\u0633\u062a\u0643\u0634\u0641\u0629"}]},{"@type":"WebSite","@id":"https:\/\/www.inp2020.tn\/#website","url":"https:\/\/www.inp2020.tn\/","name":"INP \u0627\u0644\u0645\u0639\u0647\u062f \u0627\u0644\u0648\u0637\u0646\u064a \u0644\u0644\u062a\u0631\u0627\u062b","description":"\u0625\u0646 \u0639\u0644\u0645 \u0627\u0644\u0622\u062b\u0627\u0631 \u0647\u0648 \u0623\u0633\u0645\u0649 \u0623\u0646\u0648\u0627\u0639 \u0627\u0644\u0628\u062d\u0648\u062b","publisher":{"@id":"https:\/\/www.inp2020.tn\/#organization"},"potentialAction":[{"@type":"SearchAction","target":{"@type":"EntryPoint","urlTemplate":"https:\/\/www.inp2020.tn\/?s={search_term_string}"},"query-input":{"@type":"PropertyValueSpecification","valueRequired":true,"valueName":"search_term_string"}}],"inLanguage":"en-US"},{"@type":"Organization","@id":"https:\/\/www.inp2020.tn\/#organization","name":"Institut National du Patrimoine - Tunisie","url":"https:\/\/www.inp2020.tn\/","logo":{"@type":"ImageObject","inLanguage":"en-US","@id":"https:\/\/www.inp2020.tn\/#\/schema\/logo\/image\/","url":"http:\/\/www.inp2020.tn\/wp-content\/uploads\/2019\/12\/logo-inp-e1612522185676.jpg","contentUrl":"http:\/\/www.inp2020.tn\/wp-content\/uploads\/2019\/12\/logo-inp-e1612522185676.jpg","width":75,"height":75,"caption":"Institut National du Patrimoine - Tunisie"},"image":{"@id":"https:\/\/www.inp2020.tn\/#\/schema\/logo\/image\/"},"sameAs":["https:\/\/www.facebook.com\/Inp.Institut.National.Du.Patrimoine\/"]}]}},"_links":{"self":[{"href":"https:\/\/www.inp2020.tn\/en\/wp-json\/wp\/v2\/pages\/2782","targetHints":{"allow":["GET"]}}],"collection":[{"href":"https:\/\/www.inp2020.tn\/en\/wp-json\/wp\/v2\/pages"}],"about":[{"href":"https:\/\/www.inp2020.tn\/en\/wp-json\/wp\/v2\/types\/page"}],"author":[{"embeddable":true,"href":"https:\/\/www.inp2020.tn\/en\/wp-json\/wp\/v2\/users\/1"}],"replies":[{"embeddable":true,"href":"https:\/\/www.inp2020.tn\/en\/wp-json\/wp\/v2\/comments?post=2782"}],"version-history":[{"count":4,"href":"https:\/\/www.inp2020.tn\/en\/wp-json\/wp\/v2\/pages\/2782\/revisions"}],"predecessor-version":[{"id":5375,"href":"https:\/\/www.inp2020.tn\/en\/wp-json\/wp\/v2\/pages\/2782\/revisions\/5375"}],"up":[{"embeddable":true,"href":"https:\/\/www.inp2020.tn\/en\/wp-json\/wp\/v2\/pages\/931"}],"wp:attachment":[{"href":"https:\/\/www.inp2020.tn\/en\/wp-json\/wp\/v2\/media?parent=2782"}],"curies":[{"name":"wp","href":"https:\/\/api.w.org\/{rel}","templated":true}]}}