{"id":3050,"date":"2021-04-09T10:15:59","date_gmt":"2021-04-09T09:15:59","guid":{"rendered":"http:\/\/www.inp2020.tn\/?page_id=3050"},"modified":"2021-04-10T09:05:44","modified_gmt":"2021-04-10T08:05:44","slug":"projet-de-recherche-avitta-bibba","status":"publish","type":"page","link":"https:\/\/www.inp2020.tn\/en\/activites-de-linp\/projet-de-recherche-avitta-bibba\/","title":{"rendered":"Research project at the Avitta Bibba site"},"content":{"rendered":"The National Heritage Institute has resumed an archaeological research project on the site of Avitta Bibba, delegation of Bourada, governorate <a href=\"https:\/\/www.inp2020.tn\/en\/activites-de-linp\/projet-de-recherche-avitta-bibba\/\" class=\"more-link\">(more&hellip;)<\/a>","protected":false},"excerpt":{"rendered":"<p>The National Heritage Institute has resumed an archaeological research project on the site of Avitta Bibba, delegation of Bourada, governorate (more&hellip;)<\/p>\n","protected":false},"author":1,"featured_media":3059,"parent":1110,"menu_order":5,"comment_status":"closed","ping_status":"closed","template":"","meta":{"_uf_show_specific_survey":0,"_uf_disable_surveys":false,"footnotes":""},"class_list":["post-3050","page","type-page","status-publish","has-post-thumbnail","hentry"],"yoast_head":"<!-- This site is optimized with the Yoast SEO plugin v27.4 - https:\/\/yoast.com\/product\/yoast-seo-wordpress\/ -->\n<title>Research project at the Avitta Bibba site - INP \u0627\u0644\u0645\u0639\u0647\u062f \u0627\u0644\u0648\u0637\u0646\u064a \u0644\u0644\u062a\u0631\u0627\u062b<\/title>\n<meta name=\"description\" content=\"un projet de recherche arch\u00e9ologique sur le site d&#039;Avitta Bibba, d\u00e9l\u00e9gation de Bourada, gouvernorat de Siliana ...\" \/>\n<meta name=\"robots\" content=\"index, follow, max-snippet:-1, max-image-preview:large, max-video-preview:-1\" \/>\n<link rel=\"canonical\" href=\"https:\/\/www.inp2020.tn\/activites-de-linp\/projet-de-recherche-avitta-bibba\/\" \/>\n<meta property=\"og:locale\" content=\"en_US\" \/>\n<meta property=\"og:type\" content=\"article\" \/>\n<meta property=\"og:title\" content=\"Research project at the Avitta Bibba site - INP \u0627\u0644\u0645\u0639\u0647\u062f \u0627\u0644\u0648\u0637\u0646\u064a \u0644\u0644\u062a\u0631\u0627\u062b\" \/>\n<meta property=\"og:description\" content=\"un projet de recherche arch\u00e9ologique sur le site d&#039;Avitta Bibba, d\u00e9l\u00e9gation de Bourada, gouvernorat de Siliana ...\" \/>\n<meta property=\"og:url\" content=\"https:\/\/www.inp2020.tn\/activites-de-linp\/projet-de-recherche-avitta-bibba\/\" \/>\n<meta property=\"og:site_name\" content=\"INP \u0627\u0644\u0645\u0639\u0647\u062f \u0627\u0644\u0648\u0637\u0646\u064a \u0644\u0644\u062a\u0631\u0627\u062b\" \/>\n<meta property=\"article:publisher\" content=\"https:\/\/www.facebook.com\/Inp.Institut.National.Du.Patrimoine\/\" \/>\n<meta property=\"article:modified_time\" content=\"2021-04-10T08:05:44+00:00\" \/>\n<meta property=\"og:image\" content=\"https:\/\/www.inp2020.tn\/wp-content\/uploads\/2021\/04\/IMG_2816.jpeg\" \/>\n\t<meta property=\"og:image:width\" content=\"1280\" \/>\n\t<meta property=\"og:image:height\" content=\"853\" \/>\n\t<meta property=\"og:image:type\" content=\"image\/jpeg\" \/>\n<meta name=\"twitter:card\" content=\"summary_large_image\" \/>\n<meta name=\"twitter:label1\" content=\"Est. reading time\" \/>\n\t<meta name=\"twitter:data1\" content=\"2 minutes\" \/>\n<script type=\"application\/ld+json\" class=\"yoast-schema-graph\">{\"@context\":\"https:\\\/\\\/schema.org\",\"@graph\":[{\"@type\":\"WebPage\",\"@id\":\"https:\\\/\\\/www.inp2020.tn\\\/activites-de-linp\\\/projet-de-recherche-avitta-bibba\\\/\",\"url\":\"https:\\\/\\\/www.inp2020.tn\\\/activites-de-linp\\\/projet-de-recherche-avitta-bibba\\\/\",\"name\":\"Research project at the Avitta Bibba site - INP \u0627\u0644\u0645\u0639\u0647\u062f \u0627\u0644\u0648\u0637\u0646\u064a \u0644\u0644\u062a\u0631\u0627\u062b\",\"isPartOf\":{\"@id\":\"https:\\\/\\\/www.inp2020.tn\\\/#website\"},\"primaryImageOfPage\":{\"@id\":\"https:\\\/\\\/www.inp2020.tn\\\/activites-de-linp\\\/projet-de-recherche-avitta-bibba\\\/#primaryimage\"},\"image\":{\"@id\":\"https:\\\/\\\/www.inp2020.tn\\\/activites-de-linp\\\/projet-de-recherche-avitta-bibba\\\/#primaryimage\"},\"thumbnailUrl\":\"https:\\\/\\\/www.inp2020.tn\\\/wp-content\\\/uploads\\\/2021\\\/04\\\/IMG_2816.jpeg\",\"datePublished\":\"2021-04-09T09:15:59+00:00\",\"dateModified\":\"2021-04-10T08:05:44+00:00\",\"description\":\"un projet de recherche arch\u00e9ologique sur le site d'Avitta Bibba, d\u00e9l\u00e9gation de Bourada, gouvernorat de Siliana ...\",\"breadcrumb\":{\"@id\":\"https:\\\/\\\/www.inp2020.tn\\\/activites-de-linp\\\/projet-de-recherche-avitta-bibba\\\/#breadcrumb\"},\"inLanguage\":\"en-US\",\"potentialAction\":[{\"@type\":\"ReadAction\",\"target\":[\"https:\\\/\\\/www.inp2020.tn\\\/activites-de-linp\\\/projet-de-recherche-avitta-bibba\\\/\"]}]},{\"@type\":\"ImageObject\",\"inLanguage\":\"en-US\",\"@id\":\"https:\\\/\\\/www.inp2020.tn\\\/activites-de-linp\\\/projet-de-recherche-avitta-bibba\\\/#primaryimage\",\"url\":\"https:\\\/\\\/www.inp2020.tn\\\/wp-content\\\/uploads\\\/2021\\\/04\\\/IMG_2816.jpeg\",\"contentUrl\":\"https:\\\/\\\/www.inp2020.tn\\\/wp-content\\\/uploads\\\/2021\\\/04\\\/IMG_2816.jpeg\",\"width\":1280,\"height\":853,\"caption\":\"Avitta Bibba\"},{\"@type\":\"BreadcrumbList\",\"@id\":\"https:\\\/\\\/www.inp2020.tn\\\/activites-de-linp\\\/projet-de-recherche-avitta-bibba\\\/#breadcrumb\",\"itemListElement\":[{\"@type\":\"ListItem\",\"position\":1,\"name\":\"Home\",\"item\":\"https:\\\/\\\/www.inp2020.tn\\\/\"},{\"@type\":\"ListItem\",\"position\":2,\"name\":\"\u0646\u0634\u0627\u0637 \u0627\u0644\u0645\u0639\u0647\u062f\",\"item\":\"https:\\\/\\\/www.inp2020.tn\\\/ar\\\/activites-de-linp\\\/\"},{\"@type\":\"ListItem\",\"position\":3,\"name\":\"Projet de recherche au site Avitta Bibba\"}]},{\"@type\":\"WebSite\",\"@id\":\"https:\\\/\\\/www.inp2020.tn\\\/#website\",\"url\":\"https:\\\/\\\/www.inp2020.tn\\\/\",\"name\":\"INP \u0627\u0644\u0645\u0639\u0647\u062f \u0627\u0644\u0648\u0637\u0646\u064a \u0644\u0644\u062a\u0631\u0627\u062b\",\"description\":\"Patrimoine Culturel \u062a\u0631\u0627\u062b \u062b\u0642\u0627\u0641\u064a\",\"publisher\":{\"@id\":\"https:\\\/\\\/www.inp2020.tn\\\/#organization\"},\"potentialAction\":[{\"@type\":\"SearchAction\",\"target\":{\"@type\":\"EntryPoint\",\"urlTemplate\":\"https:\\\/\\\/www.inp2020.tn\\\/?s={search_term_string}\"},\"query-input\":{\"@type\":\"PropertyValueSpecification\",\"valueRequired\":true,\"valueName\":\"search_term_string\"}}],\"inLanguage\":\"en-US\"},{\"@type\":\"Organization\",\"@id\":\"https:\\\/\\\/www.inp2020.tn\\\/#organization\",\"name\":\"Institut National du Patrimoine - Tunisie\",\"url\":\"https:\\\/\\\/www.inp2020.tn\\\/\",\"logo\":{\"@type\":\"ImageObject\",\"inLanguage\":\"en-US\",\"@id\":\"https:\\\/\\\/www.inp2020.tn\\\/#\\\/schema\\\/logo\\\/image\\\/\",\"url\":\"http:\\\/\\\/www.inp2020.tn\\\/wp-content\\\/uploads\\\/2019\\\/12\\\/logo-inp-e1612522185676.jpg\",\"contentUrl\":\"http:\\\/\\\/www.inp2020.tn\\\/wp-content\\\/uploads\\\/2019\\\/12\\\/logo-inp-e1612522185676.jpg\",\"width\":75,\"height\":75,\"caption\":\"Institut National du Patrimoine - Tunisie\"},\"image\":{\"@id\":\"https:\\\/\\\/www.inp2020.tn\\\/#\\\/schema\\\/logo\\\/image\\\/\"},\"sameAs\":[\"https:\\\/\\\/www.facebook.com\\\/Inp.Institut.National.Du.Patrimoine\\\/\"]}]}<\/script>\n<!-- \/ Yoast SEO plugin. -->","yoast_head_json":{"title":"Research project at the Avitta Bibba site - INP \u0627\u0644\u0645\u0639\u0647\u062f \u0627\u0644\u0648\u0637\u0646\u064a \u0644\u0644\u062a\u0631\u0627\u062b","description":"un projet de recherche arch\u00e9ologique sur le site d'Avitta Bibba, d\u00e9l\u00e9gation de Bourada, gouvernorat de Siliana ...","robots":{"index":"index","follow":"follow","max-snippet":"max-snippet:-1","max-image-preview":"max-image-preview:large","max-video-preview":"max-video-preview:-1"},"canonical":"https:\/\/www.inp2020.tn\/activites-de-linp\/projet-de-recherche-avitta-bibba\/","og_locale":"en_US","og_type":"article","og_title":"Research project at the Avitta Bibba site - INP \u0627\u0644\u0645\u0639\u0647\u062f \u0627\u0644\u0648\u0637\u0646\u064a \u0644\u0644\u062a\u0631\u0627\u062b","og_description":"un projet de recherche arch\u00e9ologique sur le site d'Avitta Bibba, d\u00e9l\u00e9gation de Bourada, gouvernorat de Siliana ...","og_url":"https:\/\/www.inp2020.tn\/activites-de-linp\/projet-de-recherche-avitta-bibba\/","og_site_name":"INP \u0627\u0644\u0645\u0639\u0647\u062f \u0627\u0644\u0648\u0637\u0646\u064a \u0644\u0644\u062a\u0631\u0627\u062b","article_publisher":"https:\/\/www.facebook.com\/Inp.Institut.National.Du.Patrimoine\/","article_modified_time":"2021-04-10T08:05:44+00:00","og_image":[{"width":1280,"height":853,"url":"https:\/\/www.inp2020.tn\/wp-content\/uploads\/2021\/04\/IMG_2816.jpeg","type":"image\/jpeg"}],"twitter_card":"summary_large_image","twitter_misc":{"Est. reading time":"2 minutes"},"schema":{"@context":"https:\/\/schema.org","@graph":[{"@type":"WebPage","@id":"https:\/\/www.inp2020.tn\/activites-de-linp\/projet-de-recherche-avitta-bibba\/","url":"https:\/\/www.inp2020.tn\/activites-de-linp\/projet-de-recherche-avitta-bibba\/","name":"Research project at the Avitta Bibba site - INP \u0627\u0644\u0645\u0639\u0647\u062f \u0627\u0644\u0648\u0637\u0646\u064a \u0644\u0644\u062a\u0631\u0627\u062b","isPartOf":{"@id":"https:\/\/www.inp2020.tn\/#website"},"primaryImageOfPage":{"@id":"https:\/\/www.inp2020.tn\/activites-de-linp\/projet-de-recherche-avitta-bibba\/#primaryimage"},"image":{"@id":"https:\/\/www.inp2020.tn\/activites-de-linp\/projet-de-recherche-avitta-bibba\/#primaryimage"},"thumbnailUrl":"https:\/\/www.inp2020.tn\/wp-content\/uploads\/2021\/04\/IMG_2816.jpeg","datePublished":"2021-04-09T09:15:59+00:00","dateModified":"2021-04-10T08:05:44+00:00","description":"un projet de recherche arch\u00e9ologique sur le site d'Avitta Bibba, d\u00e9l\u00e9gation de Bourada, gouvernorat de Siliana ...","breadcrumb":{"@id":"https:\/\/www.inp2020.tn\/activites-de-linp\/projet-de-recherche-avitta-bibba\/#breadcrumb"},"inLanguage":"en-US","potentialAction":[{"@type":"ReadAction","target":["https:\/\/www.inp2020.tn\/activites-de-linp\/projet-de-recherche-avitta-bibba\/"]}]},{"@type":"ImageObject","inLanguage":"en-US","@id":"https:\/\/www.inp2020.tn\/activites-de-linp\/projet-de-recherche-avitta-bibba\/#primaryimage","url":"https:\/\/www.inp2020.tn\/wp-content\/uploads\/2021\/04\/IMG_2816.jpeg","contentUrl":"https:\/\/www.inp2020.tn\/wp-content\/uploads\/2021\/04\/IMG_2816.jpeg","width":1280,"height":853,"caption":"Avitta Bibba"},{"@type":"BreadcrumbList","@id":"https:\/\/www.inp2020.tn\/activites-de-linp\/projet-de-recherche-avitta-bibba\/#breadcrumb","itemListElement":[{"@type":"ListItem","position":1,"name":"Home","item":"https:\/\/www.inp2020.tn\/"},{"@type":"ListItem","position":2,"name":"\u0646\u0634\u0627\u0637 \u0627\u0644\u0645\u0639\u0647\u062f","item":"https:\/\/www.inp2020.tn\/ar\/activites-de-linp\/"},{"@type":"ListItem","position":3,"name":"Projet de recherche au site Avitta Bibba"}]},{"@type":"WebSite","@id":"https:\/\/www.inp2020.tn\/#website","url":"https:\/\/www.inp2020.tn\/","name":"INP \u0627\u0644\u0645\u0639\u0647\u062f \u0627\u0644\u0648\u0637\u0646\u064a \u0644\u0644\u062a\u0631\u0627\u062b","description":"Patrimoine Culturel \u062a\u0631\u0627\u062b \u062b\u0642\u0627\u0641\u064a","publisher":{"@id":"https:\/\/www.inp2020.tn\/#organization"},"potentialAction":[{"@type":"SearchAction","target":{"@type":"EntryPoint","urlTemplate":"https:\/\/www.inp2020.tn\/?s={search_term_string}"},"query-input":{"@type":"PropertyValueSpecification","valueRequired":true,"valueName":"search_term_string"}}],"inLanguage":"en-US"},{"@type":"Organization","@id":"https:\/\/www.inp2020.tn\/#organization","name":"Institut National du Patrimoine - Tunisie","url":"https:\/\/www.inp2020.tn\/","logo":{"@type":"ImageObject","inLanguage":"en-US","@id":"https:\/\/www.inp2020.tn\/#\/schema\/logo\/image\/","url":"http:\/\/www.inp2020.tn\/wp-content\/uploads\/2019\/12\/logo-inp-e1612522185676.jpg","contentUrl":"http:\/\/www.inp2020.tn\/wp-content\/uploads\/2019\/12\/logo-inp-e1612522185676.jpg","width":75,"height":75,"caption":"Institut National du Patrimoine - Tunisie"},"image":{"@id":"https:\/\/www.inp2020.tn\/#\/schema\/logo\/image\/"},"sameAs":["https:\/\/www.facebook.com\/Inp.Institut.National.Du.Patrimoine\/"]}]}},"_links":{"self":[{"href":"https:\/\/www.inp2020.tn\/en\/wp-json\/wp\/v2\/pages\/3050","targetHints":{"allow":["GET"]}}],"collection":[{"href":"https:\/\/www.inp2020.tn\/en\/wp-json\/wp\/v2\/pages"}],"about":[{"href":"https:\/\/www.inp2020.tn\/en\/wp-json\/wp\/v2\/types\/page"}],"author":[{"embeddable":true,"href":"https:\/\/www.inp2020.tn\/en\/wp-json\/wp\/v2\/users\/1"}],"replies":[{"embeddable":true,"href":"https:\/\/www.inp2020.tn\/en\/wp-json\/wp\/v2\/comments?post=3050"}],"version-history":[{"count":19,"href":"https:\/\/www.inp2020.tn\/en\/wp-json\/wp\/v2\/pages\/3050\/revisions"}],"predecessor-version":[{"id":3078,"href":"https:\/\/www.inp2020.tn\/en\/wp-json\/wp\/v2\/pages\/3050\/revisions\/3078"}],"up":[{"embeddable":true,"href":"https:\/\/www.inp2020.tn\/en\/wp-json\/wp\/v2\/pages\/1110"}],"wp:featuredmedia":[{"embeddable":true,"href":"https:\/\/www.inp2020.tn\/en\/wp-json\/wp\/v2\/media\/3059"}],"wp:attachment":[{"href":"https:\/\/www.inp2020.tn\/en\/wp-json\/wp\/v2\/media?parent=3050"}],"curies":[{"name":"wp","href":"https:\/\/api.w.org\/{rel}","templated":true}]}}