{"id":3423,"date":"2021-07-16T16:37:50","date_gmt":"2021-07-16T15:37:50","guid":{"rendered":"http:\/\/www.inp2020.tn\/?page_id=3423"},"modified":"2024-01-27T17:11:39","modified_gmt":"2024-01-27T16:11:39","slug":"_data_base_sites_monuments","status":"publish","type":"page","link":"https:\/\/www.inp2020.tn\/en\/projets\/inventaire\/_data_base_sites_monuments\/","title":{"rendered":"Sites and Monuments Data Base"},"content":{"rendered":"Sorry, this entry is only available in Fran\u00e7ais. <a href=\"https:\/\/www.inp2020.tn\/en\/projets\/inventaire\/_data_base_sites_monuments\/\" class=\"more-link\">(more&hellip;)<\/a>","protected":false},"excerpt":{"rendered":"<p>Sorry, this entry is only available in Fran\u00e7ais. (more&hellip;)<\/p>\n","protected":false},"author":1,"featured_media":3428,"parent":1432,"menu_order":0,"comment_status":"closed","ping_status":"closed","template":"","meta":{"_uf_show_specific_survey":0,"_uf_disable_surveys":false,"footnotes":""},"class_list":["post-3423","page","type-page","status-publish","has-post-thumbnail","hentry"],"yoast_head":"<!-- This site is optimized with the Yoast SEO plugin v27.5 - https:\/\/yoast.com\/product\/yoast-seo-wordpress\/ -->\n<title>Sites and Monuments Data Base - INP \u0627\u0644\u0645\u0639\u0647\u062f \u0627\u0644\u0648\u0637\u0646\u064a \u0644\u0644\u062a\u0631\u0627\u062b<\/title>\n<meta name=\"description\" content=\"(Fran\u00e7ais) Projets de la carte arch\u00e9ologique liste des sites et monuments prospect\u00e9s jusqu&#039;\u00e0 2010\" \/>\n<meta name=\"robots\" content=\"index, follow, max-snippet:-1, max-image-preview:large, max-video-preview:-1\" \/>\n<link rel=\"canonical\" href=\"https:\/\/www.inp2020.tn\/projets\/inventaire\/_data_base_sites_monuments\/\" \/>\n<meta property=\"og:locale\" content=\"en_US\" \/>\n<meta property=\"og:type\" content=\"article\" \/>\n<meta property=\"og:title\" content=\"Sites and Monuments Data Base - INP \u0627\u0644\u0645\u0639\u0647\u062f \u0627\u0644\u0648\u0637\u0646\u064a \u0644\u0644\u062a\u0631\u0627\u062b\" \/>\n<meta property=\"og:description\" content=\"{:fr}Projets de la carte arch\u00e9ologique liste des sites et monuments prospect\u00e9s jusqu&#039;\u00e0 2010{:}\" \/>\n<meta property=\"og:url\" content=\"https:\/\/www.inp2020.tn\/projets\/inventaire\/_data_base_sites_monuments\/\" \/>\n<meta property=\"og:site_name\" content=\"INP \u0627\u0644\u0645\u0639\u0647\u062f \u0627\u0644\u0648\u0637\u0646\u064a \u0644\u0644\u062a\u0631\u0627\u062b\" \/>\n<meta property=\"article:publisher\" content=\"https:\/\/www.facebook.com\/Inp.Institut.National.Du.Patrimoine\/\" \/>\n<meta property=\"article:modified_time\" content=\"2024-01-27T16:11:39+00:00\" \/>\n<meta property=\"og:image\" content=\"http:\/\/www.inp2020.tn\/wp-content\/uploads\/2021\/07\/carte_archeo.png\" \/>\n\t<meta property=\"og:image:width\" content=\"691\" \/>\n\t<meta property=\"og:image:height\" content=\"479\" \/>\n\t<meta property=\"og:image:type\" content=\"image\/png\" \/>\n<meta name=\"twitter:card\" content=\"summary_large_image\" \/>\n<meta name=\"twitter:label1\" content=\"Est. reading time\" \/>\n\t<meta name=\"twitter:data1\" content=\"3 minutes\" \/>\n<script type=\"application\/ld+json\" class=\"yoast-schema-graph\">{\"@context\":\"https:\\\/\\\/schema.org\",\"@graph\":[{\"@type\":\"WebPage\",\"@id\":\"https:\\\/\\\/www.inp2020.tn\\\/projets\\\/inventaire\\\/_data_base_sites_monuments\\\/\",\"url\":\"https:\\\/\\\/www.inp2020.tn\\\/projets\\\/inventaire\\\/_data_base_sites_monuments\\\/\",\"name\":\"Sites and Monuments Data Base - INP \u0627\u0644\u0645\u0639\u0647\u062f \u0627\u0644\u0648\u0637\u0646\u064a \u0644\u0644\u062a\u0631\u0627\u062b\",\"isPartOf\":{\"@id\":\"https:\\\/\\\/www.inp2020.tn\\\/#website\"},\"primaryImageOfPage\":{\"@id\":\"https:\\\/\\\/www.inp2020.tn\\\/projets\\\/inventaire\\\/_data_base_sites_monuments\\\/#primaryimage\"},\"image\":{\"@id\":\"https:\\\/\\\/www.inp2020.tn\\\/projets\\\/inventaire\\\/_data_base_sites_monuments\\\/#primaryimage\"},\"thumbnailUrl\":\"https:\\\/\\\/www.inp2020.tn\\\/wp-content\\\/uploads\\\/2021\\\/07\\\/carte_archeo.png\",\"datePublished\":\"2021-07-16T15:37:50+00:00\",\"dateModified\":\"2024-01-27T16:11:39+00:00\",\"description\":\"{:fr}Projets de la carte arch\u00e9ologique liste des sites et monuments prospect\u00e9s jusqu'\u00e0 2010{:}\",\"breadcrumb\":{\"@id\":\"https:\\\/\\\/www.inp2020.tn\\\/projets\\\/inventaire\\\/_data_base_sites_monuments\\\/#breadcrumb\"},\"inLanguage\":\"en-US\",\"potentialAction\":[{\"@type\":\"ReadAction\",\"target\":[\"https:\\\/\\\/www.inp2020.tn\\\/projets\\\/inventaire\\\/_data_base_sites_monuments\\\/\"]}]},{\"@type\":\"ImageObject\",\"inLanguage\":\"en-US\",\"@id\":\"https:\\\/\\\/www.inp2020.tn\\\/projets\\\/inventaire\\\/_data_base_sites_monuments\\\/#primaryimage\",\"url\":\"https:\\\/\\\/www.inp2020.tn\\\/wp-content\\\/uploads\\\/2021\\\/07\\\/carte_archeo.png\",\"contentUrl\":\"https:\\\/\\\/www.inp2020.tn\\\/wp-content\\\/uploads\\\/2021\\\/07\\\/carte_archeo.png\",\"width\":691,\"height\":479,\"caption\":\"Data base carte arch\u00e9ologique\"},{\"@type\":\"BreadcrumbList\",\"@id\":\"https:\\\/\\\/www.inp2020.tn\\\/projets\\\/inventaire\\\/_data_base_sites_monuments\\\/#breadcrumb\",\"itemListElement\":[{\"@type\":\"ListItem\",\"position\":1,\"name\":\"Home\",\"item\":\"https:\\\/\\\/www.inp2020.tn\\\/\"},{\"@type\":\"ListItem\",\"position\":2,\"name\":\"\u0627\u0644\u0645\u0634\u0627\u0631\u064a\u0639\",\"item\":\"https:\\\/\\\/www.inp2020.tn\\\/ar\\\/projets\\\/\"},{\"@type\":\"ListItem\",\"position\":3,\"name\":\"\u0627\u0644\u062c\u0631\u062f \u0627\u0644\u0648\u0637\u0646\u0640\u0640\u0640\u064a\u0651\",\"item\":\"https:\\\/\\\/www.inp2020.tn\\\/ar\\\/projets\\\/inventaire\\\/\"},{\"@type\":\"ListItem\",\"position\":4,\"name\":\"Base de donn\u00e9es sites et monuments\"}]},{\"@type\":\"WebSite\",\"@id\":\"https:\\\/\\\/www.inp2020.tn\\\/#website\",\"url\":\"https:\\\/\\\/www.inp2020.tn\\\/\",\"name\":\"INP \u0627\u0644\u0645\u0639\u0647\u062f \u0627\u0644\u0648\u0637\u0646\u064a \u0644\u0644\u062a\u0631\u0627\u062b\",\"description\":\"\u0625\u0646 \u0639\u0644\u0645 \u0627\u0644\u0622\u062b\u0627\u0631 \u0647\u0648 \u0623\u0633\u0645\u0649 \u0623\u0646\u0648\u0627\u0639 \u0627\u0644\u0628\u062d\u0648\u062b\",\"publisher\":{\"@id\":\"https:\\\/\\\/www.inp2020.tn\\\/#organization\"},\"potentialAction\":[{\"@type\":\"SearchAction\",\"target\":{\"@type\":\"EntryPoint\",\"urlTemplate\":\"https:\\\/\\\/www.inp2020.tn\\\/?s={search_term_string}\"},\"query-input\":{\"@type\":\"PropertyValueSpecification\",\"valueRequired\":true,\"valueName\":\"search_term_string\"}}],\"inLanguage\":\"en-US\"},{\"@type\":\"Organization\",\"@id\":\"https:\\\/\\\/www.inp2020.tn\\\/#organization\",\"name\":\"Institut National du Patrimoine - Tunisie\",\"url\":\"https:\\\/\\\/www.inp2020.tn\\\/\",\"logo\":{\"@type\":\"ImageObject\",\"inLanguage\":\"en-US\",\"@id\":\"https:\\\/\\\/www.inp2020.tn\\\/#\\\/schema\\\/logo\\\/image\\\/\",\"url\":\"http:\\\/\\\/www.inp2020.tn\\\/wp-content\\\/uploads\\\/2019\\\/12\\\/logo-inp-e1612522185676.jpg\",\"contentUrl\":\"http:\\\/\\\/www.inp2020.tn\\\/wp-content\\\/uploads\\\/2019\\\/12\\\/logo-inp-e1612522185676.jpg\",\"width\":75,\"height\":75,\"caption\":\"Institut National du Patrimoine - Tunisie\"},\"image\":{\"@id\":\"https:\\\/\\\/www.inp2020.tn\\\/#\\\/schema\\\/logo\\\/image\\\/\"},\"sameAs\":[\"https:\\\/\\\/www.facebook.com\\\/Inp.Institut.National.Du.Patrimoine\\\/\"]}]}<\/script>\n<!-- \/ Yoast SEO plugin. -->","yoast_head_json":{"title":"Sites and Monuments Data Base - INP \u0627\u0644\u0645\u0639\u0647\u062f \u0627\u0644\u0648\u0637\u0646\u064a \u0644\u0644\u062a\u0631\u0627\u062b","description":"(Fran\u00e7ais) Projets de la carte arch\u00e9ologique liste des sites et monuments prospect\u00e9s jusqu'\u00e0 2010","robots":{"index":"index","follow":"follow","max-snippet":"max-snippet:-1","max-image-preview":"max-image-preview:large","max-video-preview":"max-video-preview:-1"},"canonical":"https:\/\/www.inp2020.tn\/projets\/inventaire\/_data_base_sites_monuments\/","og_locale":"en_US","og_type":"article","og_title":"Sites and Monuments Data Base - INP \u0627\u0644\u0645\u0639\u0647\u062f \u0627\u0644\u0648\u0637\u0646\u064a \u0644\u0644\u062a\u0631\u0627\u062b","og_description":"{:fr}Projets de la carte arch\u00e9ologique liste des sites et monuments prospect\u00e9s jusqu'\u00e0 2010{:}","og_url":"https:\/\/www.inp2020.tn\/projets\/inventaire\/_data_base_sites_monuments\/","og_site_name":"INP \u0627\u0644\u0645\u0639\u0647\u062f \u0627\u0644\u0648\u0637\u0646\u064a \u0644\u0644\u062a\u0631\u0627\u062b","article_publisher":"https:\/\/www.facebook.com\/Inp.Institut.National.Du.Patrimoine\/","article_modified_time":"2024-01-27T16:11:39+00:00","og_image":[{"width":691,"height":479,"url":"http:\/\/www.inp2020.tn\/wp-content\/uploads\/2021\/07\/carte_archeo.png","type":"image\/png"}],"twitter_card":"summary_large_image","twitter_misc":{"Est. reading time":"3 minutes"},"schema":{"@context":"https:\/\/schema.org","@graph":[{"@type":"WebPage","@id":"https:\/\/www.inp2020.tn\/projets\/inventaire\/_data_base_sites_monuments\/","url":"https:\/\/www.inp2020.tn\/projets\/inventaire\/_data_base_sites_monuments\/","name":"Sites and Monuments Data Base - INP \u0627\u0644\u0645\u0639\u0647\u062f \u0627\u0644\u0648\u0637\u0646\u064a \u0644\u0644\u062a\u0631\u0627\u062b","isPartOf":{"@id":"https:\/\/www.inp2020.tn\/#website"},"primaryImageOfPage":{"@id":"https:\/\/www.inp2020.tn\/projets\/inventaire\/_data_base_sites_monuments\/#primaryimage"},"image":{"@id":"https:\/\/www.inp2020.tn\/projets\/inventaire\/_data_base_sites_monuments\/#primaryimage"},"thumbnailUrl":"https:\/\/www.inp2020.tn\/wp-content\/uploads\/2021\/07\/carte_archeo.png","datePublished":"2021-07-16T15:37:50+00:00","dateModified":"2024-01-27T16:11:39+00:00","description":"{:fr}Projets de la carte arch\u00e9ologique liste des sites et monuments prospect\u00e9s jusqu'\u00e0 2010{:}","breadcrumb":{"@id":"https:\/\/www.inp2020.tn\/projets\/inventaire\/_data_base_sites_monuments\/#breadcrumb"},"inLanguage":"en-US","potentialAction":[{"@type":"ReadAction","target":["https:\/\/www.inp2020.tn\/projets\/inventaire\/_data_base_sites_monuments\/"]}]},{"@type":"ImageObject","inLanguage":"en-US","@id":"https:\/\/www.inp2020.tn\/projets\/inventaire\/_data_base_sites_monuments\/#primaryimage","url":"https:\/\/www.inp2020.tn\/wp-content\/uploads\/2021\/07\/carte_archeo.png","contentUrl":"https:\/\/www.inp2020.tn\/wp-content\/uploads\/2021\/07\/carte_archeo.png","width":691,"height":479,"caption":"Data base carte arch\u00e9ologique"},{"@type":"BreadcrumbList","@id":"https:\/\/www.inp2020.tn\/projets\/inventaire\/_data_base_sites_monuments\/#breadcrumb","itemListElement":[{"@type":"ListItem","position":1,"name":"Home","item":"https:\/\/www.inp2020.tn\/"},{"@type":"ListItem","position":2,"name":"\u0627\u0644\u0645\u0634\u0627\u0631\u064a\u0639","item":"https:\/\/www.inp2020.tn\/ar\/projets\/"},{"@type":"ListItem","position":3,"name":"\u0627\u0644\u062c\u0631\u062f \u0627\u0644\u0648\u0637\u0646\u0640\u0640\u0640\u064a\u0651","item":"https:\/\/www.inp2020.tn\/ar\/projets\/inventaire\/"},{"@type":"ListItem","position":4,"name":"Base de donn\u00e9es sites et monuments"}]},{"@type":"WebSite","@id":"https:\/\/www.inp2020.tn\/#website","url":"https:\/\/www.inp2020.tn\/","name":"INP \u0627\u0644\u0645\u0639\u0647\u062f \u0627\u0644\u0648\u0637\u0646\u064a \u0644\u0644\u062a\u0631\u0627\u062b","description":"\u0625\u0646 \u0639\u0644\u0645 \u0627\u0644\u0622\u062b\u0627\u0631 \u0647\u0648 \u0623\u0633\u0645\u0649 \u0623\u0646\u0648\u0627\u0639 \u0627\u0644\u0628\u062d\u0648\u062b","publisher":{"@id":"https:\/\/www.inp2020.tn\/#organization"},"potentialAction":[{"@type":"SearchAction","target":{"@type":"EntryPoint","urlTemplate":"https:\/\/www.inp2020.tn\/?s={search_term_string}"},"query-input":{"@type":"PropertyValueSpecification","valueRequired":true,"valueName":"search_term_string"}}],"inLanguage":"en-US"},{"@type":"Organization","@id":"https:\/\/www.inp2020.tn\/#organization","name":"Institut National du Patrimoine - Tunisie","url":"https:\/\/www.inp2020.tn\/","logo":{"@type":"ImageObject","inLanguage":"en-US","@id":"https:\/\/www.inp2020.tn\/#\/schema\/logo\/image\/","url":"http:\/\/www.inp2020.tn\/wp-content\/uploads\/2019\/12\/logo-inp-e1612522185676.jpg","contentUrl":"http:\/\/www.inp2020.tn\/wp-content\/uploads\/2019\/12\/logo-inp-e1612522185676.jpg","width":75,"height":75,"caption":"Institut National du Patrimoine - Tunisie"},"image":{"@id":"https:\/\/www.inp2020.tn\/#\/schema\/logo\/image\/"},"sameAs":["https:\/\/www.facebook.com\/Inp.Institut.National.Du.Patrimoine\/"]}]}},"_links":{"self":[{"href":"https:\/\/www.inp2020.tn\/en\/wp-json\/wp\/v2\/pages\/3423","targetHints":{"allow":["GET"]}}],"collection":[{"href":"https:\/\/www.inp2020.tn\/en\/wp-json\/wp\/v2\/pages"}],"about":[{"href":"https:\/\/www.inp2020.tn\/en\/wp-json\/wp\/v2\/types\/page"}],"author":[{"embeddable":true,"href":"https:\/\/www.inp2020.tn\/en\/wp-json\/wp\/v2\/users\/1"}],"replies":[{"embeddable":true,"href":"https:\/\/www.inp2020.tn\/en\/wp-json\/wp\/v2\/comments?post=3423"}],"version-history":[{"count":22,"href":"https:\/\/www.inp2020.tn\/en\/wp-json\/wp\/v2\/pages\/3423\/revisions"}],"predecessor-version":[{"id":3488,"href":"https:\/\/www.inp2020.tn\/en\/wp-json\/wp\/v2\/pages\/3423\/revisions\/3488"}],"up":[{"embeddable":true,"href":"https:\/\/www.inp2020.tn\/en\/wp-json\/wp\/v2\/pages\/1432"}],"wp:featuredmedia":[{"embeddable":true,"href":"https:\/\/www.inp2020.tn\/en\/wp-json\/wp\/v2\/media\/3428"}],"wp:attachment":[{"href":"https:\/\/www.inp2020.tn\/en\/wp-json\/wp\/v2\/media?parent=3423"}],"curies":[{"name":"wp","href":"https:\/\/api.w.org\/{rel}","templated":true}]}}