{"id":3567,"date":"2021-08-04T13:08:39","date_gmt":"2021-08-04T12:08:39","guid":{"rendered":"http:\/\/www.inp2020.tn\/?page_id=3567"},"modified":"2021-08-04T13:18:57","modified_gmt":"2021-08-04T12:18:57","slug":"_mosaiques","status":"publish","type":"page","link":"https:\/\/www.inp2020.tn\/en\/projets\/inventaire\/_data_base_virgile\/_mosaiques\/","title":{"rendered":"Virgile &#8211; Database &#8211; mosaic collections"},"content":{"rendered":"Sorry, this entry is only available in Fran\u00e7ais. <a href=\"https:\/\/www.inp2020.tn\/en\/projets\/inventaire\/_data_base_virgile\/_mosaiques\/\" class=\"more-link\">(more&hellip;)<\/a>","protected":false},"excerpt":{"rendered":"<p>Sorry, this entry is only available in Fran\u00e7ais. (more&hellip;)<\/p>\n","protected":false},"author":1,"featured_media":0,"parent":3499,"menu_order":3,"comment_status":"closed","ping_status":"closed","template":"","meta":{"_uf_show_specific_survey":0,"_uf_disable_surveys":false,"footnotes":""},"class_list":["post-3567","page","type-page","status-publish","hentry"],"yoast_head":"<!-- This site is optimized with the Yoast SEO plugin v27.4 - https:\/\/yoast.com\/product\/yoast-seo-wordpress\/ -->\n<title>Virgile - Database - mosaic collections - INP \u0627\u0644\u0645\u0639\u0647\u062f \u0627\u0644\u0648\u0637\u0646\u064a \u0644\u0644\u062a\u0631\u0627\u062b<\/title>\n<meta name=\"description\" content=\"La base de donn\u00e9es d&#039;inventaire des objets et des collections arch\u00e9ologiques aux mus\u00e9es et r\u00e9serves arch\u00e9ologiques nomm\u00e9e &quot;Virgile&quot; a \u00e9t\u00e9 cr\u00e9\u00e9e depuis 2004 par un bureau d&#039;\u00e9tude priv\u00e9 sous le contr\u00f4le de l&#039;Institut National du Patrimoine (Division de D\u00e9veloppement Mus\u00e9ographique &quot;DDM&quot;); cette base a \u00e9t\u00e9 migr\u00e9e vers une nouvelle version par Ali Dabbaghi, Ing\u00e9nieur G\u00e9n\u00e9ral Syst\u00e8me d&quot;Information et Nouvelles Technologies en 2016 suite \u00e0 la rupture du contrat de maintenance avec le bureau d&#039;\u00e9tude en 2011 et la non compatibilit\u00e9 de l&#039;ancien syst\u00e8me &quot;virgile&quot; avec la nouvelle version windows server.\" \/>\n<meta name=\"robots\" content=\"index, follow, max-snippet:-1, max-image-preview:large, max-video-preview:-1\" \/>\n<link rel=\"canonical\" href=\"https:\/\/www.inp2020.tn\/projets\/inventaire\/_data_base_virgile\/_mosaiques\/\" \/>\n<meta property=\"og:locale\" content=\"en_US\" \/>\n<meta property=\"og:type\" content=\"article\" \/>\n<meta property=\"og:title\" content=\"Virgile - Database - mosaic collections - INP \u0627\u0644\u0645\u0639\u0647\u062f \u0627\u0644\u0648\u0637\u0646\u064a \u0644\u0644\u062a\u0631\u0627\u062b\" \/>\n<meta property=\"og:description\" content=\"La base de donn\u00e9es d&#039;inventaire des objets et des collections arch\u00e9ologiques aux mus\u00e9es et r\u00e9serves arch\u00e9ologiques nomm\u00e9e &quot;Virgile&quot; a \u00e9t\u00e9 cr\u00e9\u00e9e depuis 2004 par un bureau d&#039;\u00e9tude priv\u00e9 sous le contr\u00f4le de l&#039;Institut National du Patrimoine (Division de D\u00e9veloppement Mus\u00e9ographique &quot;DDM&quot;); cette base a \u00e9t\u00e9 migr\u00e9e vers une nouvelle version par Ali Dabbaghi, Ing\u00e9nieur G\u00e9n\u00e9ral Syst\u00e8me d&quot;Information et Nouvelles Technologies en 2016 suite \u00e0 la rupture du contrat de maintenance avec le bureau d&#039;\u00e9tude en 2011 et la non compatibilit\u00e9 de l&#039;ancien syst\u00e8me &quot;virgile&quot; avec la nouvelle version windows server.\" \/>\n<meta property=\"og:url\" content=\"https:\/\/www.inp2020.tn\/projets\/inventaire\/_data_base_virgile\/_mosaiques\/\" \/>\n<meta property=\"og:site_name\" content=\"INP \u0627\u0644\u0645\u0639\u0647\u062f \u0627\u0644\u0648\u0637\u0646\u064a \u0644\u0644\u062a\u0631\u0627\u062b\" \/>\n<meta property=\"article:publisher\" content=\"https:\/\/www.facebook.com\/Inp.Institut.National.Du.Patrimoine\/\" \/>\n<meta property=\"article:modified_time\" content=\"2021-08-04T12:18:57+00:00\" \/>\n<meta property=\"og:image\" content=\"https:\/\/www.inp2020.tn\/wp-content\/uploads\/2019\/12\/logo.jpg\" \/>\n\t<meta property=\"og:image:width\" content=\"350\" \/>\n\t<meta property=\"og:image:height\" content=\"60\" \/>\n\t<meta property=\"og:image:type\" content=\"image\/jpeg\" \/>\n<meta name=\"twitter:card\" content=\"summary_large_image\" \/>\n<meta name=\"twitter:label1\" content=\"Est. reading time\" \/>\n\t<meta name=\"twitter:data1\" content=\"1 minute\" \/>\n<script type=\"application\/ld+json\" class=\"yoast-schema-graph\">{\"@context\":\"https:\\\/\\\/schema.org\",\"@graph\":[{\"@type\":\"WebPage\",\"@id\":\"https:\\\/\\\/www.inp2020.tn\\\/projets\\\/inventaire\\\/_data_base_virgile\\\/_mosaiques\\\/\",\"url\":\"https:\\\/\\\/www.inp2020.tn\\\/projets\\\/inventaire\\\/_data_base_virgile\\\/_mosaiques\\\/\",\"name\":\"Virgile - Database - mosaic collections - INP \u0627\u0644\u0645\u0639\u0647\u062f \u0627\u0644\u0648\u0637\u0646\u064a \u0644\u0644\u062a\u0631\u0627\u062b\",\"isPartOf\":{\"@id\":\"https:\\\/\\\/www.inp2020.tn\\\/#website\"},\"datePublished\":\"2021-08-04T12:08:39+00:00\",\"dateModified\":\"2021-08-04T12:18:57+00:00\",\"description\":\"La base de donn\u00e9es d'inventaire des objets et des collections arch\u00e9ologiques aux mus\u00e9es et r\u00e9serves arch\u00e9ologiques nomm\u00e9e \\\"Virgile\\\" a \u00e9t\u00e9 cr\u00e9\u00e9e depuis 2004 par un bureau d'\u00e9tude priv\u00e9 sous le contr\u00f4le de l'Institut National du Patrimoine (Division de D\u00e9veloppement Mus\u00e9ographique \\\"DDM\\\"); cette base a \u00e9t\u00e9 migr\u00e9e vers une nouvelle version par Ali Dabbaghi, Ing\u00e9nieur G\u00e9n\u00e9ral Syst\u00e8me d\\\"Information et Nouvelles Technologies en 2016 suite \u00e0 la rupture du contrat de maintenance avec le bureau d'\u00e9tude en 2011 et la non compatibilit\u00e9 de l'ancien syst\u00e8me \\\"virgile\\\" avec la nouvelle version windows server.\",\"breadcrumb\":{\"@id\":\"https:\\\/\\\/www.inp2020.tn\\\/projets\\\/inventaire\\\/_data_base_virgile\\\/_mosaiques\\\/#breadcrumb\"},\"inLanguage\":\"en-US\",\"potentialAction\":[{\"@type\":\"ReadAction\",\"target\":[\"https:\\\/\\\/www.inp2020.tn\\\/projets\\\/inventaire\\\/_data_base_virgile\\\/_mosaiques\\\/\"]}]},{\"@type\":\"BreadcrumbList\",\"@id\":\"https:\\\/\\\/www.inp2020.tn\\\/projets\\\/inventaire\\\/_data_base_virgile\\\/_mosaiques\\\/#breadcrumb\",\"itemListElement\":[{\"@type\":\"ListItem\",\"position\":1,\"name\":\"Home\",\"item\":\"https:\\\/\\\/www.inp2020.tn\\\/\"},{\"@type\":\"ListItem\",\"position\":2,\"name\":\"\u0627\u0644\u0645\u0634\u0627\u0631\u064a\u0639\",\"item\":\"https:\\\/\\\/www.inp2020.tn\\\/ar\\\/projets\\\/\"},{\"@type\":\"ListItem\",\"position\":3,\"name\":\"\u0627\u0644\u062c\u0631\u062f \u0627\u0644\u0648\u0637\u0646\u0640\u0640\u0640\u064a\u0651\",\"item\":\"https:\\\/\\\/www.inp2020.tn\\\/ar\\\/projets\\\/inventaire\\\/\"},{\"@type\":\"ListItem\",\"position\":4,\"name\":\"Virgile : Syst\u00e8me d&#8217;Inventaire des collections mus\u00e9ographiques\",\"item\":\"https:\\\/\\\/www.inp2020.tn\\\/projets\\\/inventaire\\\/_data_base_virgile\\\/\"},{\"@type\":\"ListItem\",\"position\":5,\"name\":\"Virgile &#8211; Base de donn\u00e9es &#8211; collections mosa\u00efques\"}]},{\"@type\":\"WebSite\",\"@id\":\"https:\\\/\\\/www.inp2020.tn\\\/#website\",\"url\":\"https:\\\/\\\/www.inp2020.tn\\\/\",\"name\":\"INP \u0627\u0644\u0645\u0639\u0647\u062f \u0627\u0644\u0648\u0637\u0646\u064a \u0644\u0644\u062a\u0631\u0627\u062b\",\"description\":\"Patrimoine Culturel \u062a\u0631\u0627\u062b \u062b\u0642\u0627\u0641\u064a\",\"publisher\":{\"@id\":\"https:\\\/\\\/www.inp2020.tn\\\/#organization\"},\"potentialAction\":[{\"@type\":\"SearchAction\",\"target\":{\"@type\":\"EntryPoint\",\"urlTemplate\":\"https:\\\/\\\/www.inp2020.tn\\\/?s={search_term_string}\"},\"query-input\":{\"@type\":\"PropertyValueSpecification\",\"valueRequired\":true,\"valueName\":\"search_term_string\"}}],\"inLanguage\":\"en-US\"},{\"@type\":\"Organization\",\"@id\":\"https:\\\/\\\/www.inp2020.tn\\\/#organization\",\"name\":\"Institut National du Patrimoine - Tunisie\",\"url\":\"https:\\\/\\\/www.inp2020.tn\\\/\",\"logo\":{\"@type\":\"ImageObject\",\"inLanguage\":\"en-US\",\"@id\":\"https:\\\/\\\/www.inp2020.tn\\\/#\\\/schema\\\/logo\\\/image\\\/\",\"url\":\"http:\\\/\\\/www.inp2020.tn\\\/wp-content\\\/uploads\\\/2019\\\/12\\\/logo-inp-e1612522185676.jpg\",\"contentUrl\":\"http:\\\/\\\/www.inp2020.tn\\\/wp-content\\\/uploads\\\/2019\\\/12\\\/logo-inp-e1612522185676.jpg\",\"width\":75,\"height\":75,\"caption\":\"Institut National du Patrimoine - Tunisie\"},\"image\":{\"@id\":\"https:\\\/\\\/www.inp2020.tn\\\/#\\\/schema\\\/logo\\\/image\\\/\"},\"sameAs\":[\"https:\\\/\\\/www.facebook.com\\\/Inp.Institut.National.Du.Patrimoine\\\/\"]}]}<\/script>\n<!-- \/ Yoast SEO plugin. -->","yoast_head_json":{"title":"Virgile - Database - mosaic collections - INP \u0627\u0644\u0645\u0639\u0647\u062f \u0627\u0644\u0648\u0637\u0646\u064a \u0644\u0644\u062a\u0631\u0627\u062b","description":"La base de donn\u00e9es d'inventaire des objets et des collections arch\u00e9ologiques aux mus\u00e9es et r\u00e9serves arch\u00e9ologiques nomm\u00e9e \"Virgile\" a \u00e9t\u00e9 cr\u00e9\u00e9e depuis 2004 par un bureau d'\u00e9tude priv\u00e9 sous le contr\u00f4le de l'Institut National du Patrimoine (Division de D\u00e9veloppement Mus\u00e9ographique \"DDM\"); cette base a \u00e9t\u00e9 migr\u00e9e vers une nouvelle version par Ali Dabbaghi, Ing\u00e9nieur G\u00e9n\u00e9ral Syst\u00e8me d\"Information et Nouvelles Technologies en 2016 suite \u00e0 la rupture du contrat de maintenance avec le bureau d'\u00e9tude en 2011 et la non compatibilit\u00e9 de l'ancien syst\u00e8me \"virgile\" avec la nouvelle version windows server.","robots":{"index":"index","follow":"follow","max-snippet":"max-snippet:-1","max-image-preview":"max-image-preview:large","max-video-preview":"max-video-preview:-1"},"canonical":"https:\/\/www.inp2020.tn\/projets\/inventaire\/_data_base_virgile\/_mosaiques\/","og_locale":"en_US","og_type":"article","og_title":"Virgile - Database - mosaic collections - INP \u0627\u0644\u0645\u0639\u0647\u062f \u0627\u0644\u0648\u0637\u0646\u064a \u0644\u0644\u062a\u0631\u0627\u062b","og_description":"La base de donn\u00e9es d'inventaire des objets et des collections arch\u00e9ologiques aux mus\u00e9es et r\u00e9serves arch\u00e9ologiques nomm\u00e9e \"Virgile\" a \u00e9t\u00e9 cr\u00e9\u00e9e depuis 2004 par un bureau d'\u00e9tude priv\u00e9 sous le contr\u00f4le de l'Institut National du Patrimoine (Division de D\u00e9veloppement Mus\u00e9ographique \"DDM\"); cette base a \u00e9t\u00e9 migr\u00e9e vers une nouvelle version par Ali Dabbaghi, Ing\u00e9nieur G\u00e9n\u00e9ral Syst\u00e8me d\"Information et Nouvelles Technologies en 2016 suite \u00e0 la rupture du contrat de maintenance avec le bureau d'\u00e9tude en 2011 et la non compatibilit\u00e9 de l'ancien syst\u00e8me \"virgile\" avec la nouvelle version windows server.","og_url":"https:\/\/www.inp2020.tn\/projets\/inventaire\/_data_base_virgile\/_mosaiques\/","og_site_name":"INP \u0627\u0644\u0645\u0639\u0647\u062f \u0627\u0644\u0648\u0637\u0646\u064a \u0644\u0644\u062a\u0631\u0627\u062b","article_publisher":"https:\/\/www.facebook.com\/Inp.Institut.National.Du.Patrimoine\/","article_modified_time":"2021-08-04T12:18:57+00:00","og_image":[{"width":350,"height":60,"url":"https:\/\/www.inp2020.tn\/wp-content\/uploads\/2019\/12\/logo.jpg","type":"image\/jpeg"}],"twitter_card":"summary_large_image","twitter_misc":{"Est. reading time":"1 minute"},"schema":{"@context":"https:\/\/schema.org","@graph":[{"@type":"WebPage","@id":"https:\/\/www.inp2020.tn\/projets\/inventaire\/_data_base_virgile\/_mosaiques\/","url":"https:\/\/www.inp2020.tn\/projets\/inventaire\/_data_base_virgile\/_mosaiques\/","name":"Virgile - Database - mosaic collections - INP \u0627\u0644\u0645\u0639\u0647\u062f \u0627\u0644\u0648\u0637\u0646\u064a \u0644\u0644\u062a\u0631\u0627\u062b","isPartOf":{"@id":"https:\/\/www.inp2020.tn\/#website"},"datePublished":"2021-08-04T12:08:39+00:00","dateModified":"2021-08-04T12:18:57+00:00","description":"La base de donn\u00e9es d'inventaire des objets et des collections arch\u00e9ologiques aux mus\u00e9es et r\u00e9serves arch\u00e9ologiques nomm\u00e9e \"Virgile\" a \u00e9t\u00e9 cr\u00e9\u00e9e depuis 2004 par un bureau d'\u00e9tude priv\u00e9 sous le contr\u00f4le de l'Institut National du Patrimoine (Division de D\u00e9veloppement Mus\u00e9ographique \"DDM\"); cette base a \u00e9t\u00e9 migr\u00e9e vers une nouvelle version par Ali Dabbaghi, Ing\u00e9nieur G\u00e9n\u00e9ral Syst\u00e8me d\"Information et Nouvelles Technologies en 2016 suite \u00e0 la rupture du contrat de maintenance avec le bureau d'\u00e9tude en 2011 et la non compatibilit\u00e9 de l'ancien syst\u00e8me \"virgile\" avec la nouvelle version windows server.","breadcrumb":{"@id":"https:\/\/www.inp2020.tn\/projets\/inventaire\/_data_base_virgile\/_mosaiques\/#breadcrumb"},"inLanguage":"en-US","potentialAction":[{"@type":"ReadAction","target":["https:\/\/www.inp2020.tn\/projets\/inventaire\/_data_base_virgile\/_mosaiques\/"]}]},{"@type":"BreadcrumbList","@id":"https:\/\/www.inp2020.tn\/projets\/inventaire\/_data_base_virgile\/_mosaiques\/#breadcrumb","itemListElement":[{"@type":"ListItem","position":1,"name":"Home","item":"https:\/\/www.inp2020.tn\/"},{"@type":"ListItem","position":2,"name":"\u0627\u0644\u0645\u0634\u0627\u0631\u064a\u0639","item":"https:\/\/www.inp2020.tn\/ar\/projets\/"},{"@type":"ListItem","position":3,"name":"\u0627\u0644\u062c\u0631\u062f \u0627\u0644\u0648\u0637\u0646\u0640\u0640\u0640\u064a\u0651","item":"https:\/\/www.inp2020.tn\/ar\/projets\/inventaire\/"},{"@type":"ListItem","position":4,"name":"Virgile : Syst\u00e8me d&#8217;Inventaire des collections mus\u00e9ographiques","item":"https:\/\/www.inp2020.tn\/projets\/inventaire\/_data_base_virgile\/"},{"@type":"ListItem","position":5,"name":"Virgile &#8211; Base de donn\u00e9es &#8211; collections mosa\u00efques"}]},{"@type":"WebSite","@id":"https:\/\/www.inp2020.tn\/#website","url":"https:\/\/www.inp2020.tn\/","name":"INP \u0627\u0644\u0645\u0639\u0647\u062f \u0627\u0644\u0648\u0637\u0646\u064a \u0644\u0644\u062a\u0631\u0627\u062b","description":"Patrimoine Culturel \u062a\u0631\u0627\u062b \u062b\u0642\u0627\u0641\u064a","publisher":{"@id":"https:\/\/www.inp2020.tn\/#organization"},"potentialAction":[{"@type":"SearchAction","target":{"@type":"EntryPoint","urlTemplate":"https:\/\/www.inp2020.tn\/?s={search_term_string}"},"query-input":{"@type":"PropertyValueSpecification","valueRequired":true,"valueName":"search_term_string"}}],"inLanguage":"en-US"},{"@type":"Organization","@id":"https:\/\/www.inp2020.tn\/#organization","name":"Institut National du Patrimoine - Tunisie","url":"https:\/\/www.inp2020.tn\/","logo":{"@type":"ImageObject","inLanguage":"en-US","@id":"https:\/\/www.inp2020.tn\/#\/schema\/logo\/image\/","url":"http:\/\/www.inp2020.tn\/wp-content\/uploads\/2019\/12\/logo-inp-e1612522185676.jpg","contentUrl":"http:\/\/www.inp2020.tn\/wp-content\/uploads\/2019\/12\/logo-inp-e1612522185676.jpg","width":75,"height":75,"caption":"Institut National du Patrimoine - Tunisie"},"image":{"@id":"https:\/\/www.inp2020.tn\/#\/schema\/logo\/image\/"},"sameAs":["https:\/\/www.facebook.com\/Inp.Institut.National.Du.Patrimoine\/"]}]}},"_links":{"self":[{"href":"https:\/\/www.inp2020.tn\/en\/wp-json\/wp\/v2\/pages\/3567","targetHints":{"allow":["GET"]}}],"collection":[{"href":"https:\/\/www.inp2020.tn\/en\/wp-json\/wp\/v2\/pages"}],"about":[{"href":"https:\/\/www.inp2020.tn\/en\/wp-json\/wp\/v2\/types\/page"}],"author":[{"embeddable":true,"href":"https:\/\/www.inp2020.tn\/en\/wp-json\/wp\/v2\/users\/1"}],"replies":[{"embeddable":true,"href":"https:\/\/www.inp2020.tn\/en\/wp-json\/wp\/v2\/comments?post=3567"}],"version-history":[{"count":2,"href":"https:\/\/www.inp2020.tn\/en\/wp-json\/wp\/v2\/pages\/3567\/revisions"}],"predecessor-version":[{"id":3572,"href":"https:\/\/www.inp2020.tn\/en\/wp-json\/wp\/v2\/pages\/3567\/revisions\/3572"}],"up":[{"embeddable":true,"href":"https:\/\/www.inp2020.tn\/en\/wp-json\/wp\/v2\/pages\/3499"}],"wp:attachment":[{"href":"https:\/\/www.inp2020.tn\/en\/wp-json\/wp\/v2\/media?parent=3567"}],"curies":[{"name":"wp","href":"https:\/\/api.w.org\/{rel}","templated":true}]}}