{"id":5498,"date":"2022-06-29T11:41:50","date_gmt":"2022-06-29T10:41:50","guid":{"rendered":"https:\/\/www.inp2020.tn\/?page_id=5498"},"modified":"2022-06-29T11:41:50","modified_gmt":"2022-06-29T10:41:50","slug":"_chimtou","status":"publish","type":"page","link":"https:\/\/www.inp2020.tn\/en\/blog_inp\/_chimtou\/","title":{"rendered":"Chimtou"},"content":{"rendered":"Sorry, this entry is only available in Fran\u00e7ais. <a href=\"https:\/\/www.inp2020.tn\/en\/blog_inp\/_chimtou\/\" class=\"more-link\">(more&hellip;)<\/a>","protected":false},"excerpt":{"rendered":"<p>Sorry, this entry is only available in Fran\u00e7ais. (more&hellip;)<\/p>\n","protected":false},"author":1,"featured_media":5499,"parent":228,"menu_order":2,"comment_status":"closed","ping_status":"closed","template":"","meta":{"_uf_show_specific_survey":0,"_uf_disable_surveys":false,"footnotes":""},"class_list":["post-5498","page","type-page","status-publish","has-post-thumbnail","hentry"],"yoast_head":"<!-- This site is optimized with the Yoast SEO plugin v27.5 - https:\/\/yoast.com\/product\/yoast-seo-wordpress\/ -->\n<title>Chimtou - INP \u0627\u0644\u0645\u0639\u0647\u062f \u0627\u0644\u0648\u0637\u0646\u064a \u0644\u0644\u062a\u0631\u0627\u062b<\/title>\n<meta name=\"description\" content=\"Le site arch\u00e9ologique de Chimtou, antique Simitthus, est situ\u00e9 dans le nord-ouest du pays, \u00e0 environ 80 km au sud de Tabarka\" \/>\n<meta name=\"robots\" content=\"index, follow, max-snippet:-1, max-image-preview:large, max-video-preview:-1\" \/>\n<link rel=\"canonical\" href=\"https:\/\/www.inp2020.tn\/blog_inp\/_chimtou\/\" \/>\n<meta property=\"og:locale\" content=\"en_US\" \/>\n<meta property=\"og:type\" content=\"article\" \/>\n<meta property=\"og:title\" content=\"Chimtou - INP \u0627\u0644\u0645\u0639\u0647\u062f \u0627\u0644\u0648\u0637\u0646\u064a \u0644\u0644\u062a\u0631\u0627\u062b\" \/>\n<meta property=\"og:description\" content=\"Le site arch\u00e9ologique de Chimtou, antique Simitthus, est situ\u00e9 dans le nord-ouest du pays, \u00e0 environ 80 km au sud de Tabarka\" \/>\n<meta property=\"og:url\" content=\"https:\/\/www.inp2020.tn\/blog_inp\/_chimtou\/\" \/>\n<meta property=\"og:site_name\" content=\"INP \u0627\u0644\u0645\u0639\u0647\u062f \u0627\u0644\u0648\u0637\u0646\u064a \u0644\u0644\u062a\u0631\u0627\u062b\" \/>\n<meta property=\"article:publisher\" content=\"https:\/\/www.facebook.com\/Inp.Institut.National.Du.Patrimoine\/\" \/>\n<meta property=\"og:image\" content=\"https:\/\/www.inp2020.tn\/wp-content\/uploads\/2022\/06\/chimtou.jpg\" \/>\n\t<meta property=\"og:image:width\" content=\"768\" \/>\n\t<meta property=\"og:image:height\" content=\"1024\" \/>\n\t<meta property=\"og:image:type\" content=\"image\/jpeg\" \/>\n<meta name=\"twitter:card\" content=\"summary_large_image\" \/>\n<script type=\"application\/ld+json\" class=\"yoast-schema-graph\">{\"@context\":\"https:\\\/\\\/schema.org\",\"@graph\":[{\"@type\":\"WebPage\",\"@id\":\"https:\\\/\\\/www.inp2020.tn\\\/blog_inp\\\/_chimtou\\\/\",\"url\":\"https:\\\/\\\/www.inp2020.tn\\\/blog_inp\\\/_chimtou\\\/\",\"name\":\"Chimtou - INP \u0627\u0644\u0645\u0639\u0647\u062f \u0627\u0644\u0648\u0637\u0646\u064a \u0644\u0644\u062a\u0631\u0627\u062b\",\"isPartOf\":{\"@id\":\"https:\\\/\\\/www.inp2020.tn\\\/#website\"},\"primaryImageOfPage\":{\"@id\":\"https:\\\/\\\/www.inp2020.tn\\\/blog_inp\\\/_chimtou\\\/#primaryimage\"},\"image\":{\"@id\":\"https:\\\/\\\/www.inp2020.tn\\\/blog_inp\\\/_chimtou\\\/#primaryimage\"},\"thumbnailUrl\":\"https:\\\/\\\/www.inp2020.tn\\\/wp-content\\\/uploads\\\/2022\\\/06\\\/chimtou.jpg\",\"datePublished\":\"2022-06-29T10:41:50+00:00\",\"description\":\"Le site arch\u00e9ologique de Chimtou, antique Simitthus, est situ\u00e9 dans le nord-ouest du pays, \u00e0 environ 80 km au sud de Tabarka\",\"breadcrumb\":{\"@id\":\"https:\\\/\\\/www.inp2020.tn\\\/blog_inp\\\/_chimtou\\\/#breadcrumb\"},\"inLanguage\":\"en-US\",\"potentialAction\":[{\"@type\":\"ReadAction\",\"target\":[\"https:\\\/\\\/www.inp2020.tn\\\/blog_inp\\\/_chimtou\\\/\"]}]},{\"@type\":\"ImageObject\",\"inLanguage\":\"en-US\",\"@id\":\"https:\\\/\\\/www.inp2020.tn\\\/blog_inp\\\/_chimtou\\\/#primaryimage\",\"url\":\"https:\\\/\\\/www.inp2020.tn\\\/wp-content\\\/uploads\\\/2022\\\/06\\\/chimtou.jpg\",\"contentUrl\":\"https:\\\/\\\/www.inp2020.tn\\\/wp-content\\\/uploads\\\/2022\\\/06\\\/chimtou.jpg\",\"width\":768,\"height\":1024,\"caption\":\"Chimtou\"},{\"@type\":\"BreadcrumbList\",\"@id\":\"https:\\\/\\\/www.inp2020.tn\\\/blog_inp\\\/_chimtou\\\/#breadcrumb\",\"itemListElement\":[{\"@type\":\"ListItem\",\"position\":1,\"name\":\"Home\",\"item\":\"https:\\\/\\\/www.inp2020.tn\\\/\"},{\"@type\":\"ListItem\",\"position\":2,\"name\":\"Blog\",\"item\":\"https:\\\/\\\/www.inp2020.tn\\\/blog_inp\\\/\"},{\"@type\":\"ListItem\",\"position\":3,\"name\":\"Chimtou\"}]},{\"@type\":\"WebSite\",\"@id\":\"https:\\\/\\\/www.inp2020.tn\\\/#website\",\"url\":\"https:\\\/\\\/www.inp2020.tn\\\/\",\"name\":\"INP \u0627\u0644\u0645\u0639\u0647\u062f \u0627\u0644\u0648\u0637\u0646\u064a \u0644\u0644\u062a\u0631\u0627\u062b\",\"description\":\"\u0625\u0646 \u0639\u0644\u0645 \u0627\u0644\u0622\u062b\u0627\u0631 \u0647\u0648 \u0623\u0633\u0645\u0649 \u0623\u0646\u0648\u0627\u0639 \u0627\u0644\u0628\u062d\u0648\u062b\",\"publisher\":{\"@id\":\"https:\\\/\\\/www.inp2020.tn\\\/#organization\"},\"potentialAction\":[{\"@type\":\"SearchAction\",\"target\":{\"@type\":\"EntryPoint\",\"urlTemplate\":\"https:\\\/\\\/www.inp2020.tn\\\/?s={search_term_string}\"},\"query-input\":{\"@type\":\"PropertyValueSpecification\",\"valueRequired\":true,\"valueName\":\"search_term_string\"}}],\"inLanguage\":\"en-US\"},{\"@type\":\"Organization\",\"@id\":\"https:\\\/\\\/www.inp2020.tn\\\/#organization\",\"name\":\"Institut National du Patrimoine - Tunisie\",\"url\":\"https:\\\/\\\/www.inp2020.tn\\\/\",\"logo\":{\"@type\":\"ImageObject\",\"inLanguage\":\"en-US\",\"@id\":\"https:\\\/\\\/www.inp2020.tn\\\/#\\\/schema\\\/logo\\\/image\\\/\",\"url\":\"http:\\\/\\\/www.inp2020.tn\\\/wp-content\\\/uploads\\\/2019\\\/12\\\/logo-inp-e1612522185676.jpg\",\"contentUrl\":\"http:\\\/\\\/www.inp2020.tn\\\/wp-content\\\/uploads\\\/2019\\\/12\\\/logo-inp-e1612522185676.jpg\",\"width\":75,\"height\":75,\"caption\":\"Institut National du Patrimoine - Tunisie\"},\"image\":{\"@id\":\"https:\\\/\\\/www.inp2020.tn\\\/#\\\/schema\\\/logo\\\/image\\\/\"},\"sameAs\":[\"https:\\\/\\\/www.facebook.com\\\/Inp.Institut.National.Du.Patrimoine\\\/\"]}]}<\/script>\n<!-- \/ Yoast SEO plugin. -->","yoast_head_json":{"title":"Chimtou - INP \u0627\u0644\u0645\u0639\u0647\u062f \u0627\u0644\u0648\u0637\u0646\u064a \u0644\u0644\u062a\u0631\u0627\u062b","description":"Le site arch\u00e9ologique de Chimtou, antique Simitthus, est situ\u00e9 dans le nord-ouest du pays, \u00e0 environ 80 km au sud de Tabarka","robots":{"index":"index","follow":"follow","max-snippet":"max-snippet:-1","max-image-preview":"max-image-preview:large","max-video-preview":"max-video-preview:-1"},"canonical":"https:\/\/www.inp2020.tn\/blog_inp\/_chimtou\/","og_locale":"en_US","og_type":"article","og_title":"Chimtou - INP \u0627\u0644\u0645\u0639\u0647\u062f \u0627\u0644\u0648\u0637\u0646\u064a \u0644\u0644\u062a\u0631\u0627\u062b","og_description":"Le site arch\u00e9ologique de Chimtou, antique Simitthus, est situ\u00e9 dans le nord-ouest du pays, \u00e0 environ 80 km au sud de Tabarka","og_url":"https:\/\/www.inp2020.tn\/blog_inp\/_chimtou\/","og_site_name":"INP \u0627\u0644\u0645\u0639\u0647\u062f \u0627\u0644\u0648\u0637\u0646\u064a \u0644\u0644\u062a\u0631\u0627\u062b","article_publisher":"https:\/\/www.facebook.com\/Inp.Institut.National.Du.Patrimoine\/","og_image":[{"width":768,"height":1024,"url":"https:\/\/www.inp2020.tn\/wp-content\/uploads\/2022\/06\/chimtou.jpg","type":"image\/jpeg"}],"twitter_card":"summary_large_image","schema":{"@context":"https:\/\/schema.org","@graph":[{"@type":"WebPage","@id":"https:\/\/www.inp2020.tn\/blog_inp\/_chimtou\/","url":"https:\/\/www.inp2020.tn\/blog_inp\/_chimtou\/","name":"Chimtou - INP \u0627\u0644\u0645\u0639\u0647\u062f \u0627\u0644\u0648\u0637\u0646\u064a \u0644\u0644\u062a\u0631\u0627\u062b","isPartOf":{"@id":"https:\/\/www.inp2020.tn\/#website"},"primaryImageOfPage":{"@id":"https:\/\/www.inp2020.tn\/blog_inp\/_chimtou\/#primaryimage"},"image":{"@id":"https:\/\/www.inp2020.tn\/blog_inp\/_chimtou\/#primaryimage"},"thumbnailUrl":"https:\/\/www.inp2020.tn\/wp-content\/uploads\/2022\/06\/chimtou.jpg","datePublished":"2022-06-29T10:41:50+00:00","description":"Le site arch\u00e9ologique de Chimtou, antique Simitthus, est situ\u00e9 dans le nord-ouest du pays, \u00e0 environ 80 km au sud de Tabarka","breadcrumb":{"@id":"https:\/\/www.inp2020.tn\/blog_inp\/_chimtou\/#breadcrumb"},"inLanguage":"en-US","potentialAction":[{"@type":"ReadAction","target":["https:\/\/www.inp2020.tn\/blog_inp\/_chimtou\/"]}]},{"@type":"ImageObject","inLanguage":"en-US","@id":"https:\/\/www.inp2020.tn\/blog_inp\/_chimtou\/#primaryimage","url":"https:\/\/www.inp2020.tn\/wp-content\/uploads\/2022\/06\/chimtou.jpg","contentUrl":"https:\/\/www.inp2020.tn\/wp-content\/uploads\/2022\/06\/chimtou.jpg","width":768,"height":1024,"caption":"Chimtou"},{"@type":"BreadcrumbList","@id":"https:\/\/www.inp2020.tn\/blog_inp\/_chimtou\/#breadcrumb","itemListElement":[{"@type":"ListItem","position":1,"name":"Home","item":"https:\/\/www.inp2020.tn\/"},{"@type":"ListItem","position":2,"name":"Blog","item":"https:\/\/www.inp2020.tn\/blog_inp\/"},{"@type":"ListItem","position":3,"name":"Chimtou"}]},{"@type":"WebSite","@id":"https:\/\/www.inp2020.tn\/#website","url":"https:\/\/www.inp2020.tn\/","name":"INP \u0627\u0644\u0645\u0639\u0647\u062f \u0627\u0644\u0648\u0637\u0646\u064a \u0644\u0644\u062a\u0631\u0627\u062b","description":"\u0625\u0646 \u0639\u0644\u0645 \u0627\u0644\u0622\u062b\u0627\u0631 \u0647\u0648 \u0623\u0633\u0645\u0649 \u0623\u0646\u0648\u0627\u0639 \u0627\u0644\u0628\u062d\u0648\u062b","publisher":{"@id":"https:\/\/www.inp2020.tn\/#organization"},"potentialAction":[{"@type":"SearchAction","target":{"@type":"EntryPoint","urlTemplate":"https:\/\/www.inp2020.tn\/?s={search_term_string}"},"query-input":{"@type":"PropertyValueSpecification","valueRequired":true,"valueName":"search_term_string"}}],"inLanguage":"en-US"},{"@type":"Organization","@id":"https:\/\/www.inp2020.tn\/#organization","name":"Institut National du Patrimoine - Tunisie","url":"https:\/\/www.inp2020.tn\/","logo":{"@type":"ImageObject","inLanguage":"en-US","@id":"https:\/\/www.inp2020.tn\/#\/schema\/logo\/image\/","url":"http:\/\/www.inp2020.tn\/wp-content\/uploads\/2019\/12\/logo-inp-e1612522185676.jpg","contentUrl":"http:\/\/www.inp2020.tn\/wp-content\/uploads\/2019\/12\/logo-inp-e1612522185676.jpg","width":75,"height":75,"caption":"Institut National du Patrimoine - Tunisie"},"image":{"@id":"https:\/\/www.inp2020.tn\/#\/schema\/logo\/image\/"},"sameAs":["https:\/\/www.facebook.com\/Inp.Institut.National.Du.Patrimoine\/"]}]}},"_links":{"self":[{"href":"https:\/\/www.inp2020.tn\/en\/wp-json\/wp\/v2\/pages\/5498","targetHints":{"allow":["GET"]}}],"collection":[{"href":"https:\/\/www.inp2020.tn\/en\/wp-json\/wp\/v2\/pages"}],"about":[{"href":"https:\/\/www.inp2020.tn\/en\/wp-json\/wp\/v2\/types\/page"}],"author":[{"embeddable":true,"href":"https:\/\/www.inp2020.tn\/en\/wp-json\/wp\/v2\/users\/1"}],"replies":[{"embeddable":true,"href":"https:\/\/www.inp2020.tn\/en\/wp-json\/wp\/v2\/comments?post=5498"}],"version-history":[{"count":1,"href":"https:\/\/www.inp2020.tn\/en\/wp-json\/wp\/v2\/pages\/5498\/revisions"}],"predecessor-version":[{"id":5501,"href":"https:\/\/www.inp2020.tn\/en\/wp-json\/wp\/v2\/pages\/5498\/revisions\/5501"}],"up":[{"embeddable":true,"href":"https:\/\/www.inp2020.tn\/en\/wp-json\/wp\/v2\/pages\/228"}],"wp:featuredmedia":[{"embeddable":true,"href":"https:\/\/www.inp2020.tn\/en\/wp-json\/wp\/v2\/media\/5499"}],"wp:attachment":[{"href":"https:\/\/www.inp2020.tn\/en\/wp-json\/wp\/v2\/media?parent=5498"}],"curies":[{"name":"wp","href":"https:\/\/api.w.org\/{rel}","templated":true}]}}